{"id":1809,"date":"2026-01-15T15:01:26","date_gmt":"2026-01-15T15:01:26","guid":{"rendered":"https:\/\/europassitalia.com\/?page_id=1809"},"modified":"2026-01-17T07:16:25","modified_gmt":"2026-01-17T07:16:25","slug":"ielts-test","status":"publish","type":"page","link":"https:\/\/europassitalia.com\/de\/ielts-test\/","title":{"rendered":"IELTS-Test"},"content":{"rendered":"<body>\t\t<div data-elementor-type=\"wp-page\" data-elementor-id=\"1809\" class=\"elementor elementor-1809\" data-elementor-post-type=\"page\">\n\t\t\t\t<div class=\"elementor-element elementor-element-d65a247 e-con-full e-flex e-con e-parent\" data-id=\"d65a247\" data-element_type=\"container\" data-e-type=\"container\">\n\t\t\t\t<div class=\"elementor-element elementor-element-5189d9c elementor-widget elementor-widget-service_details_widget\" data-id=\"5189d9c\" data-element_type=\"widget\" data-e-type=\"widget\" data-widget_type=\"service_details_widget.default\">\n\t\t\t\t<div class=\"elementor-widget-container\">\n\t\t\t\t\t        <div class=\"services-details-area default-padding\">\n            <div class=\"container\">\n                <div class=\"row\">\n                    <div class=\"col-lg-10 offset-lg-1\">\n                        <div class=\"site-heading text-center\">\n                            <h4 class=\"sub-title\">Details zum Service<\/h4>\n                            <h2 class=\"title\">IELTS-Test<\/h2>\n                        <\/div>\n                    <\/div>\n                <\/div>\n                <div class=\"services-details-items\">\n                    <div class=\"row\">\n                        <div class=\"col-xl-12 services-single-content\">\n                            <div class=\"thumb mb-50\">\n                                <img decoding=\"async\" src=\"https:\/\/europassitalia.com\/wp-content\/uploads\/2021\/01\/v1.jpg\" alt=\"Thumb\" loading=\"lazy\">\n                            <\/div>\n                            <p><!--StartFragment --><\/p><p>IELTS (International English Language Testing System) ist ein weltweit anerkannter Englischtest, der f\u00fcr Studium, Arbeit und Migration verwendet wird. Er wird von Tausenden von Organisationen weltweit akzeptiert und in verschiedenen Formaten angeboten, darunter auf Papier, am Computer und online.<\/p><p>.<\/p><h2>Warum IELTS wichtig ist<\/h2><ul><li><strong>Weltweite Anerkennung:<\/strong> Akzeptiert von <strong>\u00fcber 12.500 Organisationen in mehr als 140 L\u00e4ndern<\/strong>, darunter Universit\u00e4ten, Arbeitgeber und Einwanderungsbeh\u00f6rden.<\/li><li><strong>Offizieller Eigent\u00fcmer:<\/strong> IELTS wird gemeinsam vom British Council, IDP und Cambridge Assessment English verwaltet.<\/li><li><strong>Punktestand:<\/strong> <strong>Die Bandwerte reichen von 1 bis 9.<\/strong>mit klaren Beschreibungen f\u00fcr jede Stufe, um den Benutzern bei der Auswahl der Zielpunktzahlen zu helfen.<\/li><\/ul><h2>Testtypen<\/h2><ul><li><strong>IELTS Academic<\/strong> \u2014 f\u00fcr Universit\u00e4ten und Hochschulen.<\/li><li><strong>IELTS Allgemeines Training<\/strong> \u2014 f\u00fcr Arbeit und Migration.<\/li><li><strong>IELTS Online \/ Computerbasiert<\/strong> \u2013 sofern verf\u00fcgbar; lokale Akzeptanz bei den Institutionen best\u00e4tigen.<\/li><\/ul><p><!--StartFragment --><\/p><h2>Vorbereitung<\/h2><ul><li><strong>Kostenlose Probetests<\/strong> und offiziellen \u00dcbungsmaterialien.<\/li><li><strong>Studienpl\u00e4ne<\/strong>: 8\u201312-Wochen-Pl\u00e4ne f\u00fcr eine Verbesserung um +1,0 Band; gezielte F\u00e4higkeiten pro Modul.<\/li><li><strong>Kostenpflichtige Kurse<\/strong>: Intensiv- vs. Teilzeitoptionen; Probepr\u00fcfungen und Sprech\u00fcbungen.<\/li><\/ul><h2>Anmeldung &amp; Logistik<\/h2><ul><li><strong>So buchen Sie<\/strong>, Ausweisvorschriften, Regeln f\u00fcr den Pr\u00fcfungstag und Zeitpl\u00e4ne f\u00fcr die Bekanntgabe der Ergebnisse. Link zu lokalen Pr\u00fcfungszentren und Buchungsseiten.<\/li><\/ul><h2>H\u00e4ufig gestellte Fragen<\/h2><ul><li><em>Welcher Test f\u00fcr die Hochschulzulassung?<\/em> \u2014 <strong>Akademiker<\/strong>.<\/li><li><em>Wie lange sind die Ergebnisse g\u00fcltig?<\/em> \u2014 <strong>Zwei Jahre<\/strong> (Dies ist klar anzugeben und vor Ort zu \u00fcberpr\u00fcfen).<\/li><\/ul><p><!--EndFragment --><\/p><p>\u00a0<\/p><!--EndFragment -->\n                            <div class=\"process-style-one-items mt-50\">\n                                <div class=\"choose-us-one-thumb\">\n                                    <div class=\"content\">\n                                                                                <div class=\"left-info\">\n                                            <h2 class=\"title\">So erhalten Sie das IELTS-Zertifikat<\/h2>\n                                        <\/div>\n                                                                                <div class=\"process-style-one\">\n                                                                                            <div class=\"process-style-one-item wow fadeInRight\" data-wow-delay=\"0ms\">\n                                                    <span>1<\/span>\n                                                    <h4>Kontaktieren Sie uns \u00fcber WhatsApp oder das Kontaktformular.<\/h4>\n                                                    <p><\/p>\n                                                <\/div>\n                                                                                            <div class=\"process-style-one-item wow fadeInRight\" data-wow-delay=\"200ms\">\n                                                    <span>2<\/span>\n                                                    <h4>Leisten Sie die erforderliche Zahlung.<\/h4>\n                                                    <p><\/p>\n                                                <\/div>\n                                                                                            <div class=\"process-style-one-item wow fadeInRight\" data-wow-delay=\"400ms\">\n                                                    <span>3<\/span>\n                                                    <h4>Warten Sie, bis Ihr Zertifikat ausgestellt ist.<\/h4>\n                                                    <p><\/p>\n                                                <\/div>\n                                                                                    <\/div>\n                                    <\/div>\n                                <\/div>\n                            <\/div>\n                        <\/div>\n                    <\/div>\n                <\/div>\n            <\/div>\n        <\/div>\n        \t\t\t\t<\/div>\n\t\t\t\t<\/div>\n\t\t\t\t<\/div>\n\t\t\t\t<\/div>\n\t\t<\/body>","protected":false},"excerpt":{"rendered":"<p>Service Details IELTS Test IELTS (International English Language Testing System) is a globally recognized English test used for study, work, and migration; it\u2019s accepted by thousands of organisations worldwide and offered in multiple formats including paper, computer, and online . Why IELTS matters Global recognition: Accepted by over 12,500 organisations in 140+ countries, including universities, [&hellip;]<\/p>\n","protected":false},"author":1,"featured_media":0,"parent":0,"menu_order":0,"comment_status":"closed","ping_status":"closed","template":"page-templates\/home.php","meta":{"om_disable_all_campaigns":false,"_monsterinsights_skip_tracking":false,"_monsterinsights_sitenote_active":false,"_monsterinsights_sitenote_note":"","_monsterinsights_sitenote_category":0,"_joinchat":[],"footnotes":""},"class_list":["post-1809","page","type-page","status-publish","hentry"],"aioseo_notices":[],"_links":{"self":[{"href":"https:\/\/europassitalia.com\/de\/wp-json\/wp\/v2\/pages\/1809","targetHints":{"allow":["GET"]}}],"collection":[{"href":"https:\/\/europassitalia.com\/de\/wp-json\/wp\/v2\/pages"}],"about":[{"href":"https:\/\/europassitalia.com\/de\/wp-json\/wp\/v2\/types\/page"}],"author":[{"embeddable":true,"href":"https:\/\/europassitalia.com\/de\/wp-json\/wp\/v2\/users\/1"}],"replies":[{"embeddable":true,"href":"https:\/\/europassitalia.com\/de\/wp-json\/wp\/v2\/comments?post=1809"}],"version-history":[{"count":4,"href":"https:\/\/europassitalia.com\/de\/wp-json\/wp\/v2\/pages\/1809\/revisions"}],"predecessor-version":[{"id":1815,"href":"https:\/\/europassitalia.com\/de\/wp-json\/wp\/v2\/pages\/1809\/revisions\/1815"}],"wp:attachment":[{"href":"https:\/\/europassitalia.com\/de\/wp-json\/wp\/v2\/media?parent=1809"}],"curies":[{"name":"wp","href":"https:\/\/api.w.org\/{rel}","templated":true}]}}