{"id":205,"date":"2024-10-14T15:14:58","date_gmt":"2024-10-14T15:14:58","guid":{"rendered":"https:\/\/wpriverthemes.com\/gixus\/?page_id=205"},"modified":"2026-01-15T14:13:19","modified_gmt":"2026-01-15T14:13:19","slug":"cils-italian-certificate","status":"publish","type":"page","link":"https:\/\/europassitalia.com\/de\/cils-italian-certificate\/","title":{"rendered":"CILS Italienisch-Zertifikat"},"content":{"rendered":"<body>\t\t<div data-elementor-type=\"wp-page\" data-elementor-id=\"205\" class=\"elementor elementor-205\" data-elementor-post-type=\"page\">\n\t\t\t\t<div class=\"elementor-element elementor-element-d65a247 e-con-full e-flex e-con e-parent\" data-id=\"d65a247\" data-element_type=\"container\" data-e-type=\"container\">\n\t\t\t\t<div class=\"elementor-element elementor-element-5189d9c elementor-widget elementor-widget-service_details_widget\" data-id=\"5189d9c\" data-element_type=\"widget\" data-e-type=\"widget\" data-widget_type=\"service_details_widget.default\">\n\t\t\t\t<div class=\"elementor-widget-container\">\n\t\t\t\t\t        <div class=\"services-details-area default-padding\">\n            <div class=\"container\">\n                <div class=\"row\">\n                    <div class=\"col-lg-10 offset-lg-1\">\n                        <div class=\"site-heading text-center\">\n                            <h4 class=\"sub-title\">Details zum Service<\/h4>\n                            <h2 class=\"title\">CILS Italienisch-Zertifikat<\/h2>\n                        <\/div>\n                    <\/div>\n                <\/div>\n                <div class=\"services-details-items\">\n                    <div class=\"row\">\n                        <div class=\"col-xl-12 services-single-content\">\n                            <div class=\"thumb mb-50\">\n                                <img decoding=\"async\" src=\"https:\/\/europassitalia.com\/wp-content\/themes\/gixus\/assets\/img\/banner\/21.jpg\" alt=\"Thumb\" loading=\"lazy\">\n                            <\/div>\n                            <p><\/p><p>Das CILS (Certificazione di Italiano come Lingua Straniera) ist ein offizielles Italienisch-Sprachzertifikat, das sich am GER orientiert und Ihre Italienischkenntnisse f\u00fcr Studium, Arbeit und Aufenthalt best\u00e4tigt.<\/p><p>Das CILS wird angeboten an <strong>sechs Stufen von A1 bis C2<\/strong> und wird von italienischen Institutionen und Kulturzentren anerkannt.<\/p><h2>Warum CILS w\u00e4hlen?<\/h2><ul><li><strong>Offizielle Anerkennung:<\/strong> CILS wurde von der Universit\u00e4t f\u00fcr Ausl\u00e4nder in Siena entwickelt und ist von den italienischen Beh\u00f6rden anerkannt.<\/li><li><strong>CEFR-Ausrichtung:<\/strong> Pr\u00fcfungen entsprechen direkt <strong>A1, A2, B1, B2, C1, C2<\/strong>, wodurch die Ergebnisse europaweit \u00fcbertragbar sind.<\/li><li><strong>Anwendungsf\u00e4lle:<\/strong> N\u00fctzlich f\u00fcr die Zulassung zur Universit\u00e4t, berufliche Qualifikationen und Antr\u00e4ge auf langfristigen Aufenthalt.<\/li><\/ul><p>\u00a0<\/p><ul><li><strong>Bezeichnung der Zertifizierung:<\/strong> CILS-Zertifikat f\u00fcr Italienisch als Fremdsprache<\/li><li><strong>Veranstalter:<\/strong> Universit\u00e4t f\u00fcr Ausl\u00e4nder in Siena<\/li><li><strong>Termine: <\/strong>2 Hauptsitzungen pro Jahr (Juni und Dezember), mit zus\u00e4tzlichen Sitzungen f\u00fcr einige Stufen.<\/li><li><strong>Stufen:<\/strong> CILS A1 (A1), CILS A2 (A2), CILS UNO (B1), CILS UNO \u2013 B1 ADOLESCENTI, CILS UNO \u2013 B1 CITTADINANZA, CILS DUE (B2), CILS TRE (C1), CILS QUATTRO (C2)<\/li><li><strong>Zentren:<\/strong> \u00dcber 800 Standorte weltweit, darunter auch unser Zentrum.<\/li><li><strong>Korrekturzeit:<\/strong> Bis zu 12 Wochen<\/li><li><strong>Anmerkungen:<\/strong> Jeder Teil der Pr\u00fcfung wird unabh\u00e4ngig bewertet, sodass Sie in jedem Abschnitt die erforderliche Note erreicht haben m\u00fcssen, um die Pr\u00fcfung zu bestehen. Ist dies nicht der Fall, k\u00f6nnen Sie die erforderlichen Abschnitte wiederholen.<\/li><\/ul><p>Die von der Universit\u00e4t Siena entwickelte CILS-Zertifizierung ist die Referenzzertifizierung f\u00fcr Italienischlernende: Mehr als die H\u00e4lfte der Studierenden, die eine offizielle Italienischpr\u00fcfung ablegen, entscheiden sich f\u00fcr die CILS-Pr\u00fcfung.<\/p><p>Die CILS-Zertifizierung ist die erste italienische Sprachzertifizierung, die sechs Stufen der sprachlich-kommunikativen Kompetenz aus dem Gemeinsamen Europ\u00e4ischen Referenzrahmen anwendet und spezifische Zertifizierungen f\u00fcr ausl\u00e4ndische Arbeitnehmer in Italien anbietet.<\/p><p>Durch die Pr\u00fcfung werden die sprachlich-kommunikativen Kompetenzen und die vier Grundfertigkeiten bewertet, daher ist die Pr\u00fcfung in vier Abschnitte unterteilt (m\u00fcndliche, schriftliche, morphosyntaktische und lexikalische Kompetenz, Verst\u00e4ndnis schriftlicher Texte und Verst\u00e4ndnis m\u00fcndlicher Texte). Die Pr\u00fcfung besteht sowohl aus geschlossenen Fragen (Multiple-Choice-Fragen) als auch aus halbstrukturierten Fragen (\u00dcberarbeitung von Texten ausgehend von Datenelementen) und offenen Fragen (freie Ausarbeitung eines Themas).<\/p><p>CILS-Zertifikate werden sowohl am Arbeitsplatz als auch im Bildungswesen und an Universit\u00e4ten anerkannt. Das Au\u00dfenministerium erkennt das CILS A2-Zertifikatsmodul als g\u00fcltigen Nachweis der Italienischkenntnisse f\u00fcr den Erhalt der Aufenthaltsgenehmigung der EU f\u00fcr langfristig Aufenthaltsberechtigte an.<\/p>\n                            <div class=\"process-style-one-items mt-50\">\n                                <div class=\"choose-us-one-thumb\">\n                                    <div class=\"content\">\n                                                                                <div class=\"left-info\">\n                                            <h2 class=\"title\">So erhalten Sie Ihr CILS-Zertifikat<\/h2>\n                                        <\/div>\n                                                                                <div class=\"process-style-one\">\n                                                                                            <div class=\"process-style-one-item wow fadeInRight\" data-wow-delay=\"0ms\">\n                                                    <span>1<\/span>\n                                                    <h4>Kontaktieren Sie uns \u00fcber das Kontaktformular oder WhatsApp<\/h4>\n                                                    <p><\/p>\n                                                <\/div>\n                                                                                            <div class=\"process-style-one-item wow fadeInRight\" data-wow-delay=\"200ms\">\n                                                    <span>2<\/span>\n                                                    <h4>Leisten Sie die erforderliche Zahlung<\/h4>\n                                                    <p><\/p>\n                                                <\/div>\n                                                                                            <div class=\"process-style-one-item wow fadeInRight\" data-wow-delay=\"400ms\">\n                                                    <span>3<\/span>\n                                                    <h4>Warten Sie, bis Ihr Zertifikat ausgestellt wird.<\/h4>\n                                                    <p><\/p>\n                                                <\/div>\n                                                                                    <\/div>\n                                    <\/div>\n                                <\/div>\n                            <\/div>\n                        <\/div>\n                    <\/div>\n                <\/div>\n            <\/div>\n        <\/div>\n        \t\t\t\t<\/div>\n\t\t\t\t<\/div>\n\t\t\t\t<\/div>\n\t\t\t\t<\/div>\n\t\t<\/body>","protected":false},"excerpt":{"rendered":"<p>Service Details CILS Italian Certificate The CILS (Certificazione di Italiano come Lingua Straniera) is an official Italian language certificate aligned to the CEFR that validates your Italian skills for study, work, and residency. The CILS is offered at six levels from A1 to C2 and is recognized by Italian institutions and cultural centres. Why choose [&hellip;]<\/p>\n","protected":false},"author":1,"featured_media":0,"parent":0,"menu_order":0,"comment_status":"closed","ping_status":"closed","template":"elementor_header_footer","meta":{"om_disable_all_campaigns":false,"_monsterinsights_skip_tracking":false,"_monsterinsights_sitenote_active":false,"_monsterinsights_sitenote_note":"","_monsterinsights_sitenote_category":0,"_joinchat":[],"footnotes":""},"class_list":["post-205","page","type-page","status-publish","hentry"],"aioseo_notices":[],"_links":{"self":[{"href":"https:\/\/europassitalia.com\/de\/wp-json\/wp\/v2\/pages\/205","targetHints":{"allow":["GET"]}}],"collection":[{"href":"https:\/\/europassitalia.com\/de\/wp-json\/wp\/v2\/pages"}],"about":[{"href":"https:\/\/europassitalia.com\/de\/wp-json\/wp\/v2\/types\/page"}],"author":[{"embeddable":true,"href":"https:\/\/europassitalia.com\/de\/wp-json\/wp\/v2\/users\/1"}],"replies":[{"embeddable":true,"href":"https:\/\/europassitalia.com\/de\/wp-json\/wp\/v2\/comments?post=205"}],"version-history":[{"count":5,"href":"https:\/\/europassitalia.com\/de\/wp-json\/wp\/v2\/pages\/205\/revisions"}],"predecessor-version":[{"id":1800,"href":"https:\/\/europassitalia.com\/de\/wp-json\/wp\/v2\/pages\/205\/revisions\/1800"}],"wp:attachment":[{"href":"https:\/\/europassitalia.com\/de\/wp-json\/wp\/v2\/media?parent=205"}],"curies":[{"name":"wp","href":"https:\/\/api.w.org\/{rel}","templated":true}]}}