{"id":522,"date":"2024-10-16T08:16:12","date_gmt":"2024-10-16T08:16:12","guid":{"rendered":"https:\/\/wpriverthemes.com\/gixus\/?page_id=522"},"modified":"2026-01-17T07:40:41","modified_gmt":"2026-01-17T07:40:41","slug":"faq","status":"publish","type":"page","link":"https:\/\/europassitalia.com\/de\/faq\/","title":{"rendered":"H\u00e4ufig gestellte Fragen"},"content":{"rendered":"<body>\t\t<div data-elementor-type=\"wp-page\" data-elementor-id=\"522\" class=\"elementor elementor-522\" data-elementor-post-type=\"page\">\n\t\t\t\t<div class=\"elementor-element elementor-element-29270d8 e-con-full e-flex e-con e-parent\" data-id=\"29270d8\" data-element_type=\"container\" data-e-type=\"container\">\n\t\t\t\t<div class=\"elementor-element elementor-element-381eb75 elementor-widget elementor-widget-pages_faq\" data-id=\"381eb75\" data-element_type=\"widget\" data-e-type=\"widget\" data-widget_type=\"pages_faq.default\">\n\t\t\t\t<div class=\"elementor-widget-container\">\n\t\t\t\t\t        <div class=\"faq-style-one-area chooseus-style-two-area default-padding\">\n            <div class=\"container\">\n                <div class=\"faq-style-two-items chooseus-style-two-items bg-cover\" style=\"background-image: url(https:\/\/europassitalia.com\/wp-content\/themes\/gixus\/assets\/img\/shape\/2.jpg);\">\n                    <div class=\"row\">\n                        <div class=\"col-xl-6 pr-50 pr-md-15 pr-xs-15\">\n                            <div class=\"fun-fact-style-info\">\n                                <h2 class=\"title split-text\">H\u00e4ufig gestellte Fragen<\/h2>\n                                <div class=\"fun-fact-card-two mt-40 wow fadeInUp\">\n                                    <h4 class=\"sub-title\">Warum Sie sich f\u00fcr uns entscheiden sollten<\/h4>\n                                    <div class=\"counter-title\">\n                                        <div class=\"counter\">\n                                                                                    <div class=\"timer\" data-to=\"31\" data-speed=\"2000\">31<\/div>\n                                                                                        <div class=\"operator\">K<\/div>\n                                        <\/div>\n                                    <\/div>\n                                    <span class=\"medium\">KUNDEN AUF DER GANZEN WELT<\/span>\n                                <\/div>\n                            <\/div>\n                        <\/div>\n                        <div class=\"col-xl-6\">\n                            <div class=\"choose-us-style-two\">\n                                <div class=\"accordion\" id=\"faqAccordion\">\n                                                                            <div class=\"accordion-item accordion-style-one\">\n                                            <h2 class=\"accordion-header\" id=\"headingOne\">\n                                                <button class=\"accordion-button collapsed\" type=\"button\" data-bs-toggle=\"collapse\" data-bs-target=\"#collapse-2e46266\" aria-expanded=\"true\" aria-controls=\"collapse-2e46266\">\n                                                    Was ist CILS und wer stellt es aus?                                                <\/button>\n                                            <\/h2>\n                                            <div id=\"collapse-2e46266\" class=\"accordion-collapse collapse\" aria-labelledby=\"headingOne\" data-bs-parent=\"#faqAccordion\">\n                                                <div class=\"accordion-body\">\n                                                    <p>CILS ist ein offizielles italienisches Sprachzertifikat, das von der Universit\u00e4t f\u00fcr Ausl\u00e4nder in Siena ausgestellt wird und den Niveaustufen A1\u2013C2 des Gemeinsamen Europ\u00e4ischen Referenzrahmens f\u00fcr Sprachen (GER) entspricht.<\/p>\n                                                    <ul class=\"list-style-one\">\n                                                                                                                    <li><\/li>\n                                                                                                            <\/ul>\n                                                <\/div>\n                                            <\/div>\n                                        <\/div>\n                                                                            <div class=\"accordion-item accordion-style-one\">\n                                            <h2 class=\"accordion-header\" id=\"headingOne\">\n                                                <button class=\"accordion-button collapsed\" type=\"button\" data-bs-toggle=\"collapse\" data-bs-target=\"#collapse-9ec2958\" aria-expanded=\"true\" aria-controls=\"collapse-9ec2958\">\n                                                    Welches Niveau ist f\u00fcr die italienische Staatsb\u00fcrgerschaft oder Aufenthaltsgenehmigung erforderlich?                                                <\/button>\n                                            <\/h2>\n                                            <div id=\"collapse-9ec2958\" class=\"accordion-collapse collapse\" aria-labelledby=\"headingOne\" data-bs-parent=\"#faqAccordion\">\n                                                <div class=\"accordion-body\">\n                                                    <p>CILS B1 (CILS Due) wird h\u00e4ufig f\u00fcr Staatsb\u00fcrgerschafts-\/Aufenthaltsgenehmigungsanforderungen herangezogen; andere Niveaustufen dienen Studien- oder beruflichen Zwecken.<\/p>\n                                                    <ul class=\"list-style-one\">\n                                                                                                                    <li><\/li>\n                                                                                                            <\/ul>\n                                                <\/div>\n                                            <\/div>\n                                        <\/div>\n                                                                            <div class=\"accordion-item accordion-style-one\">\n                                            <h2 class=\"accordion-header\" id=\"headingOne\">\n                                                <button class=\"accordion-button collapsed\" type=\"button\" data-bs-toggle=\"collapse\" data-bs-target=\"#collapse-176a612\" aria-expanded=\"true\" aria-controls=\"collapse-176a612\">\n                                                    Wie ist die Pr\u00fcfung aufgebaut?                                                <\/button>\n                                            <\/h2>\n                                            <div id=\"collapse-176a612\" class=\"accordion-collapse collapse\" aria-labelledby=\"headingOne\" data-bs-parent=\"#faqAccordion\">\n                                                <div class=\"accordion-body\">\n                                                    <p>Die Pr\u00fcfung bewertet die vier Fertigkeiten \u2013 H\u00f6ren, Lesen, Schreiben und Sprechen \u2013 anhand von niveauspezifischen Aufgaben und Bewertungskriterien.<\/p>\n                                                    <ul class=\"list-style-one\">\n                                                                                                                    <li><\/li>\n                                                                                                            <\/ul>\n                                                <\/div>\n                                            <\/div>\n                                        <\/div>\n                                                                            <div class=\"accordion-item accordion-style-one\">\n                                            <h2 class=\"accordion-header\" id=\"headingOne\">\n                                                <button class=\"accordion-button collapsed\" type=\"button\" data-bs-toggle=\"collapse\" data-bs-target=\"#collapse-1071290\" aria-expanded=\"true\" aria-controls=\"collapse-1071290\">\n                                                    Welche Arten von IELTS-Tests gibt es?                                                <\/button>\n                                            <\/h2>\n                                            <div id=\"collapse-1071290\" class=\"accordion-collapse collapse\" aria-labelledby=\"headingOne\" data-bs-parent=\"#faqAccordion\">\n                                                <div class=\"accordion-body\">\n                                                    <p>IELTS Academic (f\u00fcr die Hochschulbildung) und IELTS General Training (f\u00fcr Arbeit und Migration); beide verwenden dasselbe Punktesystem.<\/p>\n                                                    <ul class=\"list-style-one\">\n                                                                                                            <\/ul>\n                                                <\/div>\n                                            <\/div>\n                                        <\/div>\n                                                                            <div class=\"accordion-item accordion-style-one\">\n                                            <h2 class=\"accordion-header\" id=\"headingOne\">\n                                                <button class=\"accordion-button collapsed\" type=\"button\" data-bs-toggle=\"collapse\" data-bs-target=\"#collapse-b60ad4c\" aria-expanded=\"true\" aria-controls=\"collapse-b60ad4c\">\n                                                    Wie wird IELTS bewertet und was bedeutet eine Band?                                                <\/button>\n                                            <\/h2>\n                                            <div id=\"collapse-b60ad4c\" class=\"accordion-collapse collapse\" aria-labelledby=\"headingOne\" data-bs-parent=\"#faqAccordion\">\n                                                <div class=\"accordion-body\">\n                                                    <p>Die Punktzahlen reichen von Band 1 bis Band 9; jedes Band hat Deskriptoren f\u00fcr die Kommunikationsf\u00e4higkeit, und ein Gesamtband ist der Durchschnitt der vier Modulpunktzahlen.<\/p>\n                                                    <ul class=\"list-style-one\">\n                                                                                                            <\/ul>\n                                                <\/div>\n                                            <\/div>\n                                        <\/div>\n                                                                            <div class=\"accordion-item accordion-style-one\">\n                                            <h2 class=\"accordion-header\" id=\"headingOne\">\n                                                <button class=\"accordion-button collapsed\" type=\"button\" data-bs-toggle=\"collapse\" data-bs-target=\"#collapse-bc0dba0\" aria-expanded=\"true\" aria-controls=\"collapse-bc0dba0\">\n                                                    Wie sieht das Testformat aus und wie ist der Zeitplan?                                                <\/button>\n                                            <\/h2>\n                                            <div id=\"collapse-bc0dba0\" class=\"accordion-collapse collapse\" aria-labelledby=\"headingOne\" data-bs-parent=\"#faqAccordion\">\n                                                <div class=\"accordion-body\">\n                                                    <p>Die Tests umfassen H\u00f6rverst\u00e4ndnis, Leseverst\u00e4ndnis, Schreiben (am selben Tag) und Sprechen (am selben Tag oder innerhalb von 7 Tagen); die Formate sind auf Papier oder am Computer verf\u00fcgbar, wobei das Sprechen live durchgef\u00fchrt wird.<\/p>\n                                                    <ul class=\"list-style-one\">\n                                                                                                            <\/ul>\n                                                <\/div>\n                                            <\/div>\n                                        <\/div>\n                                                                            <div class=\"accordion-item accordion-style-one\">\n                                            <h2 class=\"accordion-header\" id=\"headingOne\">\n                                                <button class=\"accordion-button collapsed\" type=\"button\" data-bs-toggle=\"collapse\" data-bs-target=\"#collapse-1cb66c8\" aria-expanded=\"true\" aria-controls=\"collapse-1cb66c8\">\n                                                    Wie lange sind die Ergebnisse g\u00fcltig?                                                <\/button>\n                                            <\/h2>\n                                            <div id=\"collapse-1cb66c8\" class=\"accordion-collapse collapse\" aria-labelledby=\"headingOne\" data-bs-parent=\"#faqAccordion\">\n                                                <div class=\"accordion-body\">\n                                                    <p>IELTS-Ergebnisse sind in der Regel zwei Jahre lang g\u00fcltig. Erkundigen Sie sich bei der aufnehmenden Einrichtung nach den spezifischen Anerkennungsfristen.<\/p>\n                                                    <ul class=\"list-style-one\">\n                                                                                                            <\/ul>\n                                                <\/div>\n                                            <\/div>\n                                        <\/div>\n                                                                            <div class=\"accordion-item accordion-style-one\">\n                                            <h2 class=\"accordion-header\" id=\"headingOne\">\n                                                <button class=\"accordion-button collapsed\" type=\"button\" data-bs-toggle=\"collapse\" data-bs-target=\"#collapse-157fcba\" aria-expanded=\"true\" aria-controls=\"collapse-157fcba\">\n                                                    Wer stellt CELI aus und welche Stufen gibt es?                                                <\/button>\n                                            <\/h2>\n                                            <div id=\"collapse-157fcba\" class=\"accordion-collapse collapse\" aria-labelledby=\"headingOne\" data-bs-parent=\"#faqAccordion\">\n                                                <div class=\"accordion-body\">\n                                                    <p>CELI-Zertifikate werden von der Universit\u00e4t f\u00fcr Ausl\u00e4nder in Perugia ausgestellt und decken die CEFR-Niveaustufen A1\u2013C2 ab.<\/p>\n                                                    <ul class=\"list-style-one\">\n                                                                                                            <\/ul>\n                                                <\/div>\n                                            <\/div>\n                                        <\/div>\n                                                                            <div class=\"accordion-item accordion-style-one\">\n                                            <h2 class=\"accordion-header\" id=\"headingOne\">\n                                                <button class=\"accordion-button collapsed\" type=\"button\" data-bs-toggle=\"collapse\" data-bs-target=\"#collapse-bc39473\" aria-expanded=\"true\" aria-controls=\"collapse-bc39473\">\n                                                    Was sind typische Anwendungsbereiche f\u00fcr CELI?                                                <\/button>\n                                            <\/h2>\n                                            <div id=\"collapse-bc39473\" class=\"accordion-collapse collapse\" aria-labelledby=\"headingOne\" data-bs-parent=\"#faqAccordion\">\n                                                <div class=\"accordion-body\">\n                                                    <p>CELI wird f\u00fcr die Zulassung zu Universit\u00e4ten, f\u00fcr die Besch\u00e4ftigung und f\u00fcr Verwaltungsvorg\u00e4nge verwendet; einige Aufenthaltsgenehmigungsverfahren beziehen sich auf bestimmte CELI-Stufen.\n\n<\/p>\n                                                    <ul class=\"list-style-one\">\n                                                                                                            <\/ul>\n                                                <\/div>\n                                            <\/div>\n                                        <\/div>\n                                                                            <div class=\"accordion-item accordion-style-one\">\n                                            <h2 class=\"accordion-header\" id=\"headingOne\">\n                                                <button class=\"accordion-button collapsed\" type=\"button\" data-bs-toggle=\"collapse\" data-bs-target=\"#collapse-7235552\" aria-expanded=\"true\" aria-controls=\"collapse-7235552\">\n                                                    Wie soll ich mich vorbereiten und anmelden?                                                <\/button>\n                                            <\/h2>\n                                            <div id=\"collapse-7235552\" class=\"accordion-collapse collapse\" aria-labelledby=\"headingOne\" data-bs-parent=\"#faqAccordion\">\n                                                <div class=\"accordion-body\">\n                                                    <p>Bereiten Sie sich mit offiziellen Mustertests und Kursen in lokalen Zentren vor. Anmeldung, Termine und Geb\u00fchren variieren je nach Testzentrum \u2013 aktuelle Informationen erhalten Sie immer beim lokalen CELI-Zentrum.<\/p>\n                                                    <ul class=\"list-style-one\">\n                                                                                                            <\/ul>\n                                                <\/div>\n                                            <\/div>\n                                        <\/div>\n                                                                    <\/div>\n                            <\/div>\n                        <\/div>\n                    <\/div>\n                <\/div>\n            <\/div>\n        <\/div>\n        \t\t\t\t<\/div>\n\t\t\t\t<\/div>\n\t\t\t\t<\/div>\n\t\t\t\t<\/div>\n\t\t<\/body>","protected":false},"excerpt":{"rendered":"<p>FAQs Why Choose Us 31 K CLIENTS AROUND THE WORLD What is CILS and who issues it? CILS is an official Italian language certification issued by the University for Foreigners of Siena and aligned to CEFR levels A1\u2013C2. Which level is needed for Italian citizenship or residency? CILS B1 (CILS Due) is commonly referenced for [&hellip;]<\/p>\n","protected":false},"author":1,"featured_media":0,"parent":0,"menu_order":0,"comment_status":"closed","ping_status":"closed","template":"page-templates\/home.php","meta":{"om_disable_all_campaigns":false,"_monsterinsights_skip_tracking":false,"_monsterinsights_sitenote_active":false,"_monsterinsights_sitenote_note":"","_monsterinsights_sitenote_category":0,"_joinchat":[],"footnotes":""},"class_list":["post-522","page","type-page","status-publish","hentry"],"aioseo_notices":[],"_links":{"self":[{"href":"https:\/\/europassitalia.com\/de\/wp-json\/wp\/v2\/pages\/522","targetHints":{"allow":["GET"]}}],"collection":[{"href":"https:\/\/europassitalia.com\/de\/wp-json\/wp\/v2\/pages"}],"about":[{"href":"https:\/\/europassitalia.com\/de\/wp-json\/wp\/v2\/types\/page"}],"author":[{"embeddable":true,"href":"https:\/\/europassitalia.com\/de\/wp-json\/wp\/v2\/users\/1"}],"replies":[{"embeddable":true,"href":"https:\/\/europassitalia.com\/de\/wp-json\/wp\/v2\/comments?post=522"}],"version-history":[{"count":3,"href":"https:\/\/europassitalia.com\/de\/wp-json\/wp\/v2\/pages\/522\/revisions"}],"predecessor-version":[{"id":1819,"href":"https:\/\/europassitalia.com\/de\/wp-json\/wp\/v2\/pages\/522\/revisions\/1819"}],"wp:attachment":[{"href":"https:\/\/europassitalia.com\/de\/wp-json\/wp\/v2\/media?parent=522"}],"curies":[{"name":"wp","href":"https:\/\/api.w.org\/{rel}","templated":true}]}}