{"id":795,"date":"2024-10-16T13:02:11","date_gmt":"2024-10-16T13:02:11","guid":{"rendered":"https:\/\/wpriverthemes.com\/gixus\/?page_id=795"},"modified":"2026-01-15T14:25:05","modified_gmt":"2026-01-15T14:25:05","slug":"celi-italian-certificate","status":"publish","type":"page","link":"https:\/\/europassitalia.com\/de\/celi-italian-certificate\/","title":{"rendered":"CELI Italienisch-Zertifikat"},"content":{"rendered":"<body>\t\t<div data-elementor-type=\"wp-page\" data-elementor-id=\"795\" class=\"elementor elementor-795\" data-elementor-post-type=\"page\">\n\t\t\t\t<div class=\"elementor-element elementor-element-d65a247 e-con-full e-flex e-con e-parent\" data-id=\"d65a247\" data-element_type=\"container\" data-e-type=\"container\">\n\t\t\t\t<div class=\"elementor-element elementor-element-5189d9c elementor-widget elementor-widget-service_details_widget\" data-id=\"5189d9c\" data-element_type=\"widget\" data-e-type=\"widget\" data-widget_type=\"service_details_widget.default\">\n\t\t\t\t<div class=\"elementor-widget-container\">\n\t\t\t\t\t        <div class=\"services-details-area default-padding\">\n            <div class=\"container\">\n                <div class=\"row\">\n                    <div class=\"col-lg-10 offset-lg-1\">\n                        <div class=\"site-heading text-center\">\n                            <h4 class=\"sub-title\">Details zum Service<\/h4>\n                            <h2 class=\"title\">CELI Italienisch-Zertifikat<\/h2>\n                        <\/div>\n                    <\/div>\n                <\/div>\n                <div class=\"services-details-items\">\n                    <div class=\"row\">\n                        <div class=\"col-xl-12 services-single-content\">\n                            <div class=\"thumb mb-50\">\n                                <img decoding=\"async\" src=\"https:\/\/wpriverthemes.com\/gixus\/wp-content\/uploads\/2024\/10\/4-3.jpg\" alt=\"Thumb\" loading=\"lazy\">\n                            <\/div>\n                            <p><\/p><p>Das CELI (Certificato di Conoscenza della Lingua Italiana) ist ein offizielles Italienisch-Sprachzertifikat, das von der Universit\u00e4t f\u00fcr Ausl\u00e4nder in Perugia ausgestellt wird und den Niveaustufen A1\u2013C2 des Gemeinsamen Europ\u00e4ischen Referenzrahmens entspricht.<\/p><p>\u2013 ideal f\u00fcr Arbeit, Studium und Verwaltungszwecke.<\/p><h2>Warum CELI wichtig ist<\/h2><ul><li><strong>Offizieller Herausgeber:<\/strong> CELI wird von der Universit\u00e4t f\u00fcr Ausl\u00e4nder in Perugia ausgestellt, einer anerkannten Autorit\u00e4t im Bereich der italienischen Sprachzertifizierung.<\/li><li><strong>CEFR-Abdeckung:<\/strong> <strong>CELI umfasst die Stufen A1, A2, B1, B2, C1 und C2.<\/strong>, sodass die Kandidaten das Niveau w\u00e4hlen k\u00f6nnen, das ihren Zielen entspricht.<\/li><li><strong>Praktische Anwendungen:<\/strong> <strong>CELI A2 und B1<\/strong> werden h\u00e4ufig f\u00fcr Aufenthaltsgenehmigungen und Staatsb\u00fcrgerschaftsverfahren in einigen Programmen verwendet; lokale Zentren ver\u00f6ffentlichen genaue Regeln, Termine und Geb\u00fchren.<\/li><\/ul><p>\u00a0<\/p><ul><li><strong>Bezeichnung der Zertifizierung:<\/strong>\u00a0CELI-Zertifikat f\u00fcr die italienische Sprache<\/li><li><strong>Veranstalter:<\/strong> Universit\u00e4t f\u00fcr Ausl\u00e4nder in Perugia<\/li><li><strong>Termine: <\/strong>3 Hauptsitzungen pro Jahr (Fr\u00fchjahr, Sommer und Herbst)<\/li><li><strong>Stufen:<\/strong> CELI IMPATTO \u2013 A1, CELI 1 \u2013 A2, CELI \u2013 B1, CELI 3 \u2013 B2, CELI 4 \u2013 C1, CELI 5 \u2013 C2<\/li><li><strong>Zentren:<\/strong> Erh\u00e4ltlich in zahlreichen Zentren weltweit (einschlie\u00dflich unserem Zentrum)<\/li><li><strong>Korrekturzeit:<\/strong> Bis zu 12 Wochen. Die Zustellung des Zertifikats kann bis zu weitere 4 Monate dauern.<\/li><li><strong>Anmerkungen: <\/strong>Neben den traditionellen CELI-Zertifikaten gibt es auch die Zertifikate CELI Immigrati (Einwanderer) und CELI Adolescenti (Jugendliche). Die CELI Immigrati richtet sich an ausl\u00e4ndische Staatsb\u00fcrger, die nach Italien eingewandert sind, und steht auch Sch\u00fclern mit sehr geringer Bildung offen. Die CELI Adolescenti richtet sich an Kinder im Alter von 13 bis 17 Jahren. Die Unterschiede zwischen diesen beiden Zertifizierungsarten liegen in den unterschiedlichen Textgattungen und Aufgaben, wobei es keine \u00c4nderungen innerhalb der Pr\u00fcfung gibt.<\/li><\/ul>\n                            <div class=\"process-style-one-items mt-50\">\n                                <div class=\"choose-us-one-thumb\">\n                                    <div class=\"content\">\n                                                                                <div class=\"left-info\">\n                                            <h2 class=\"title\">So erhalten Sie das CELI-Zertifikat<\/h2>\n                                        <\/div>\n                                                                                <div class=\"process-style-one\">\n                                                                                            <div class=\"process-style-one-item wow fadeInRight\" data-wow-delay=\"0ms\">\n                                                    <span>1<\/span>\n                                                    <h4>Kontaktieren Sie uns \u00fcber WhatsApp oder das Kontaktformular.<\/h4>\n                                                    <p><\/p>\n                                                <\/div>\n                                                                                            <div class=\"process-style-one-item wow fadeInRight\" data-wow-delay=\"200ms\">\n                                                    <span>2<\/span>\n                                                    <h4>Leisten Sie die erforderliche Zahlung.<\/h4>\n                                                    <p><\/p>\n                                                <\/div>\n                                                                                            <div class=\"process-style-one-item wow fadeInRight\" data-wow-delay=\"400ms\">\n                                                    <span>3<\/span>\n                                                    <h4>Warten Sie, bis Ihr Zertifikat ausgestellt ist.<\/h4>\n                                                    <p><\/p>\n                                                <\/div>\n                                                                                    <\/div>\n                                    <\/div>\n                                <\/div>\n                            <\/div>\n                        <\/div>\n                    <\/div>\n                <\/div>\n            <\/div>\n        <\/div>\n        \t\t\t\t<\/div>\n\t\t\t\t<\/div>\n\t\t\t\t<\/div>\n\t\t\t\t<\/div>\n\t\t<\/body>","protected":false},"excerpt":{"rendered":"<p>Service Details CELI Italian Certificate The CELI (Certificato di Conoscenza della Lingua Italiana) is an official Italian language certificate issued by the University for Foreigners of Perugia and aligned to the CEFR levels A1\u2013C2 \u2014 ideal for work, study, and administrative purposes. Why CELI matters Official issuer: CELI is issued by the University for Foreigners [&hellip;]<\/p>\n","protected":false},"author":1,"featured_media":0,"parent":0,"menu_order":0,"comment_status":"closed","ping_status":"closed","template":"page-templates\/home.php","meta":{"om_disable_all_campaigns":false,"_monsterinsights_skip_tracking":false,"_monsterinsights_sitenote_active":false,"_monsterinsights_sitenote_note":"","_monsterinsights_sitenote_category":0,"_joinchat":[],"footnotes":""},"class_list":["post-795","page","type-page","status-publish","hentry"],"aioseo_notices":[],"_links":{"self":[{"href":"https:\/\/europassitalia.com\/de\/wp-json\/wp\/v2\/pages\/795","targetHints":{"allow":["GET"]}}],"collection":[{"href":"https:\/\/europassitalia.com\/de\/wp-json\/wp\/v2\/pages"}],"about":[{"href":"https:\/\/europassitalia.com\/de\/wp-json\/wp\/v2\/types\/page"}],"author":[{"embeddable":true,"href":"https:\/\/europassitalia.com\/de\/wp-json\/wp\/v2\/users\/1"}],"replies":[{"embeddable":true,"href":"https:\/\/europassitalia.com\/de\/wp-json\/wp\/v2\/comments?post=795"}],"version-history":[{"count":5,"href":"https:\/\/europassitalia.com\/de\/wp-json\/wp\/v2\/pages\/795\/revisions"}],"predecessor-version":[{"id":1804,"href":"https:\/\/europassitalia.com\/de\/wp-json\/wp\/v2\/pages\/795\/revisions\/1804"}],"wp:attachment":[{"href":"https:\/\/europassitalia.com\/de\/wp-json\/wp\/v2\/media?parent=795"}],"curies":[{"name":"wp","href":"https:\/\/api.w.org\/{rel}","templated":true}]}}