{"id":1809,"date":"2026-01-15T15:01:26","date_gmt":"2026-01-15T15:01:26","guid":{"rendered":"https:\/\/europassitalia.com\/?page_id=1809"},"modified":"2026-01-17T07:16:25","modified_gmt":"2026-01-17T07:16:25","slug":"ielts-test","status":"publish","type":"page","link":"https:\/\/europassitalia.com\/es\/ielts-test\/","title":{"rendered":"Examen IELTS"},"content":{"rendered":"<body>\t\t<div data-elementor-type=\"wp-page\" data-elementor-id=\"1809\" class=\"elementor elementor-1809\" data-elementor-post-type=\"page\">\n\t\t\t\t<div class=\"elementor-element elementor-element-d65a247 e-con-full e-flex e-con e-parent\" data-id=\"d65a247\" data-element_type=\"container\" data-e-type=\"container\">\n\t\t\t\t<div class=\"elementor-element elementor-element-5189d9c elementor-widget elementor-widget-service_details_widget\" data-id=\"5189d9c\" data-element_type=\"widget\" data-e-type=\"widget\" data-widget_type=\"service_details_widget.default\">\n\t\t\t\t<div class=\"elementor-widget-container\">\n\t\t\t\t\t        <div class=\"services-details-area default-padding\">\n            <div class=\"container\">\n                <div class=\"row\">\n                    <div class=\"col-lg-10 offset-lg-1\">\n                        <div class=\"site-heading text-center\">\n                            <h4 class=\"sub-title\">Detalles del servicio<\/h4>\n                            <h2 class=\"title\">Examen IELTS<\/h2>\n                        <\/div>\n                    <\/div>\n                <\/div>\n                <div class=\"services-details-items\">\n                    <div class=\"row\">\n                        <div class=\"col-xl-12 services-single-content\">\n                            <div class=\"thumb mb-50\">\n                                <img decoding=\"async\" src=\"https:\/\/europassitalia.com\/wp-content\/uploads\/2021\/01\/v1.jpg\" alt=\"Thumb\" loading=\"lazy\">\n                            <\/div>\n                            <p><!--StartFragment --><\/p><p>El IELTS (International English Language Testing System) es un examen de ingl\u00e9s reconocido a nivel mundial que se utiliza para estudiar, trabajar y emigrar; es aceptado por miles de organizaciones en todo el mundo y se ofrece en m\u00faltiples formatos, incluyendo papel, ordenador y online.<\/p><p>.<\/p><h2>Por qu\u00e9 es importante el IELTS<\/h2><ul><li><strong>Reconocimiento mundial:<\/strong> Aceptado por <strong>m\u00e1s de 12 500 organizaciones en m\u00e1s de 140 pa\u00edses<\/strong>, incluyendo universidades, empleadores y autoridades de inmigraci\u00f3n.<\/li><li><strong>Propiedad oficial:<\/strong> El IELTS est\u00e1 gestionado conjuntamente por el British Council, IDP y Cambridge Assessment English.<\/li><li><strong>Puntuaci\u00f3n:<\/strong> <strong>Las puntuaciones de la banda van de 1 a 9.<\/strong>, con descriptores claros para cada nivel que ayudan a los usuarios a elegir las puntuaciones objetivo.<\/li><\/ul><h2>Tipos de pruebas<\/h2><ul><li><strong>IELTS Acad\u00e9mico<\/strong> \u2014 para la universidad y la educaci\u00f3n superior.<\/li><li><strong>IELTS Formaci\u00f3n General<\/strong> \u2014 para el trabajo y la migraci\u00f3n.<\/li><li><strong>IELTS en l\u00ednea \/ Por ordenador<\/strong> \u2014 cuando est\u00e9 disponible; confirme la aceptaci\u00f3n local con las instituciones.<\/li><\/ul><p><!--StartFragment --><\/p><h2>Preparaci\u00f3n<\/h2><ul><li><strong>Pruebas de muestra gratuitas<\/strong> y materiales oficiales para la pr\u00e1ctica.<\/li><li><strong>Planes de estudio<\/strong>: Planes de 8 a 12 semanas para mejorar en +1,0 puntos; habilidades espec\u00edficas por m\u00f3dulo.<\/li><li><strong>Cursos de pago<\/strong>: opciones intensivas frente a opciones a tiempo parcial; pruebas de simulaci\u00f3n y clases pr\u00e1cticas de expresi\u00f3n oral.<\/li><\/ul><h2>Inscripci\u00f3n y log\u00edstica<\/h2><ul><li><strong>C\u00f3mo reservar<\/strong>, requisitos de identificaci\u00f3n, normas para el d\u00eda del examen y plazos para la obtenci\u00f3n de los resultados. Enlace a los centros de examen locales y a las p\u00e1ginas de reserva.<\/li><\/ul><h2>Preguntas frecuentes<\/h2><ul><li><em>\u00bfQu\u00e9 prueba para el ingreso a la universidad?<\/em> \u2014 <strong>Acad\u00e9mico<\/strong>.<\/li><li><em>\u00bfCu\u00e1nto tiempo son v\u00e1lidos los resultados?<\/em> \u2014 <strong>Dos a\u00f1os<\/strong> (ind\u00edquelo claramente y verif\u00edquelo localmente).<\/li><\/ul><p><!--EndFragment --><\/p><p>\u00a0<\/p><!--EndFragment -->\n                            <div class=\"process-style-one-items mt-50\">\n                                <div class=\"choose-us-one-thumb\">\n                                    <div class=\"content\">\n                                                                                <div class=\"left-info\">\n                                            <h2 class=\"title\">C\u00f3mo obtener el certificado IELTS<\/h2>\n                                        <\/div>\n                                                                                <div class=\"process-style-one\">\n                                                                                            <div class=\"process-style-one-item wow fadeInRight\" data-wow-delay=\"0ms\">\n                                                    <span>1<\/span>\n                                                    <h4>Cont\u00e1ctenos a trav\u00e9s de WhatsApp o del formulario de contacto.<\/h4>\n                                                    <p><\/p>\n                                                <\/div>\n                                                                                            <div class=\"process-style-one-item wow fadeInRight\" data-wow-delay=\"200ms\">\n                                                    <span>2<\/span>\n                                                    <h4>Realice el pago correspondiente.<\/h4>\n                                                    <p><\/p>\n                                                <\/div>\n                                                                                            <div class=\"process-style-one-item wow fadeInRight\" data-wow-delay=\"400ms\">\n                                                    <span>3<\/span>\n                                                    <h4>Espere a que se emita su certificado.<\/h4>\n                                                    <p><\/p>\n                                                <\/div>\n                                                                                    <\/div>\n                                    <\/div>\n                                <\/div>\n                            <\/div>\n                        <\/div>\n                    <\/div>\n                <\/div>\n            <\/div>\n        <\/div>\n        \t\t\t\t<\/div>\n\t\t\t\t<\/div>\n\t\t\t\t<\/div>\n\t\t\t\t<\/div>\n\t\t<\/body>","protected":false},"excerpt":{"rendered":"<p>Service Details IELTS Test IELTS (International English Language Testing System) is a globally recognized English test used for study, work, and migration; it\u2019s accepted by thousands of organisations worldwide and offered in multiple formats including paper, computer, and online . Why IELTS matters Global recognition: Accepted by over 12,500 organisations in 140+ countries, including universities, [&hellip;]<\/p>\n","protected":false},"author":1,"featured_media":0,"parent":0,"menu_order":0,"comment_status":"closed","ping_status":"closed","template":"page-templates\/home.php","meta":{"om_disable_all_campaigns":false,"_monsterinsights_skip_tracking":false,"_monsterinsights_sitenote_active":false,"_monsterinsights_sitenote_note":"","_monsterinsights_sitenote_category":0,"_joinchat":[],"footnotes":""},"class_list":["post-1809","page","type-page","status-publish","hentry"],"aioseo_notices":[],"_links":{"self":[{"href":"https:\/\/europassitalia.com\/es\/wp-json\/wp\/v2\/pages\/1809","targetHints":{"allow":["GET"]}}],"collection":[{"href":"https:\/\/europassitalia.com\/es\/wp-json\/wp\/v2\/pages"}],"about":[{"href":"https:\/\/europassitalia.com\/es\/wp-json\/wp\/v2\/types\/page"}],"author":[{"embeddable":true,"href":"https:\/\/europassitalia.com\/es\/wp-json\/wp\/v2\/users\/1"}],"replies":[{"embeddable":true,"href":"https:\/\/europassitalia.com\/es\/wp-json\/wp\/v2\/comments?post=1809"}],"version-history":[{"count":4,"href":"https:\/\/europassitalia.com\/es\/wp-json\/wp\/v2\/pages\/1809\/revisions"}],"predecessor-version":[{"id":1815,"href":"https:\/\/europassitalia.com\/es\/wp-json\/wp\/v2\/pages\/1809\/revisions\/1815"}],"wp:attachment":[{"href":"https:\/\/europassitalia.com\/es\/wp-json\/wp\/v2\/media?parent=1809"}],"curies":[{"name":"wp","href":"https:\/\/api.w.org\/{rel}","templated":true}]}}