{"id":205,"date":"2024-10-14T15:14:58","date_gmt":"2024-10-14T15:14:58","guid":{"rendered":"https:\/\/wpriverthemes.com\/gixus\/?page_id=205"},"modified":"2026-01-15T14:13:19","modified_gmt":"2026-01-15T14:13:19","slug":"cils-italian-certificate","status":"publish","type":"page","link":"https:\/\/europassitalia.com\/es\/cils-italian-certificate\/","title":{"rendered":"Certificado de italiano CILS"},"content":{"rendered":"<body>\t\t<div data-elementor-type=\"wp-page\" data-elementor-id=\"205\" class=\"elementor elementor-205\" data-elementor-post-type=\"page\">\n\t\t\t\t<div class=\"elementor-element elementor-element-d65a247 e-con-full e-flex e-con e-parent\" data-id=\"d65a247\" data-element_type=\"container\" data-e-type=\"container\">\n\t\t\t\t<div class=\"elementor-element elementor-element-5189d9c elementor-widget elementor-widget-service_details_widget\" data-id=\"5189d9c\" data-element_type=\"widget\" data-e-type=\"widget\" data-widget_type=\"service_details_widget.default\">\n\t\t\t\t<div class=\"elementor-widget-container\">\n\t\t\t\t\t        <div class=\"services-details-area default-padding\">\n            <div class=\"container\">\n                <div class=\"row\">\n                    <div class=\"col-lg-10 offset-lg-1\">\n                        <div class=\"site-heading text-center\">\n                            <h4 class=\"sub-title\">Detalles del servicio<\/h4>\n                            <h2 class=\"title\">Certificado de italiano CILS<\/h2>\n                        <\/div>\n                    <\/div>\n                <\/div>\n                <div class=\"services-details-items\">\n                    <div class=\"row\">\n                        <div class=\"col-xl-12 services-single-content\">\n                            <div class=\"thumb mb-50\">\n                                <img decoding=\"async\" src=\"https:\/\/europassitalia.com\/wp-content\/themes\/gixus\/assets\/img\/banner\/21.jpg\" alt=\"Thumb\" loading=\"lazy\">\n                            <\/div>\n                            <p><\/p><p>El CILS (Certificazione di Italiano come Lingua Straniera) es un certificado oficial de lengua italiana alineado con el MCER que valida tus habilidades en italiano para estudiar, trabajar y residir.<\/p><p>El CILS se ofrece en <strong>seis niveles, desde A1 hasta C2<\/strong> y est\u00e1 reconocido por las instituciones y centros culturales italianos.<\/p><h2>\u00bfPor qu\u00e9 elegir CILS?<\/h2><ul><li><strong>Reconocimiento oficial:<\/strong> El CILS ha sido desarrollado por la Universidad para Extranjeros de Siena y est\u00e1 reconocido por las autoridades italianas.<\/li><li><strong>Alineaci\u00f3n con el MCER:<\/strong> Los ex\u00e1menes se corresponden directamente con <strong>A1, A2, B1, B2, C1, C2<\/strong>, lo que permite que los resultados sean transferibles en toda Europa.<\/li><li><strong>Casos de uso:<\/strong> \u00datil para la admisi\u00f3n en la universidad, las credenciales profesionales y las solicitudes de residencia a largo plazo.<\/li><\/ul><p>\u00a0<\/p><ul><li><strong>Nombre de la certificaci\u00f3n:<\/strong> Certificado CILS de italiano como lengua extranjera<\/li><li><strong>Organizador:<\/strong> Universidad para Extranjeros de Siena<\/li><li><strong>Fechas: <\/strong>2 sesiones principales al a\u00f1o (junio y diciembre), con sesiones adicionales para algunos niveles.<\/li><li><strong>Niveles:<\/strong> CILS A1 (A1), CILS A2 (A2), CILS UNO (B1), CILS UNO \u2013 B1 ADOLESCENTI, CILS UNO \u2013 B1 CITTADINANZA, CILS DUE (B2), CILS TRE (C1), CILS QUATTRO (C2)<\/li><li><strong>Centros:<\/strong> M\u00e1s de 800 ubicaciones en todo el mundo, incluido nuestro centro.<\/li><li><strong>Tiempo de correcci\u00f3n:<\/strong> Hasta 12 semanas<\/li><li><strong>Notas:<\/strong> Cada parte del examen se eval\u00faa de forma independiente, por lo que debes haber obtenido la calificaci\u00f3n necesaria en cada secci\u00f3n para aprobar el examen. Si no es as\u00ed, es posible volver a realizar las secciones necesarias.<\/li><\/ul><p>Creada por la Universidad de Siena, la certificaci\u00f3n CILS es la certificaci\u00f3n de referencia para los estudiantes de lengua italiana: m\u00e1s de la mitad de los estudiantes que se presentan a un examen oficial de italiano eligen el examen CILS.<\/p><p>La certificaci\u00f3n CILS es la primera certificaci\u00f3n de lengua italiana que ha aplicado los seis niveles de competencia ling\u00fc\u00edstica y comunicativa del Marco Com\u00fan Europeo de Referencia y que ha ofrecido certificaciones espec\u00edficas para trabajadores extranjeros en Italia.<\/p><p>A trav\u00e9s del examen se eval\u00faan las competencias ling\u00fc\u00edsticas y comunicativas y las cuatro habilidades b\u00e1sicas, por lo que el examen se divide en cuatro secciones (competencia oral, escrita, morfosint\u00e1ctica y l\u00e9xica, comprensi\u00f3n de textos escritos y comprensi\u00f3n de textos orales). El examen consta de preguntas cerradas (preguntas de opci\u00f3n m\u00faltiple), preguntas semiestructuradas (reelaboraci\u00f3n de textos a partir de elementos de datos) y preguntas abiertas (desarrollo libre de un tema).<\/p><p>Las certificaciones CILS est\u00e1n reconocidas tanto en el \u00e1mbito laboral como en el educativo y universitario. El Ministerio de Asuntos Exteriores reconoce el m\u00f3dulo de certificaci\u00f3n CILS A2 como certificado v\u00e1lido de competencia en lengua italiana para obtener el permiso de residencia de la UE para residentes de larga duraci\u00f3n.<\/p>\n                            <div class=\"process-style-one-items mt-50\">\n                                <div class=\"choose-us-one-thumb\">\n                                    <div class=\"content\">\n                                                                                <div class=\"left-info\">\n                                            <h2 class=\"title\">C\u00f3mo obtener su certificado CILS<\/h2>\n                                        <\/div>\n                                                                                <div class=\"process-style-one\">\n                                                                                            <div class=\"process-style-one-item wow fadeInRight\" data-wow-delay=\"0ms\">\n                                                    <span>1<\/span>\n                                                    <h4>Cont\u00e1ctenos a trav\u00e9s del formulario de contacto o WhatsApp.<\/h4>\n                                                    <p><\/p>\n                                                <\/div>\n                                                                                            <div class=\"process-style-one-item wow fadeInRight\" data-wow-delay=\"200ms\">\n                                                    <span>2<\/span>\n                                                    <h4>Realice el pago correspondiente.<\/h4>\n                                                    <p><\/p>\n                                                <\/div>\n                                                                                            <div class=\"process-style-one-item wow fadeInRight\" data-wow-delay=\"400ms\">\n                                                    <span>3<\/span>\n                                                    <h4>Espere a que se emita su certificado.<\/h4>\n                                                    <p><\/p>\n                                                <\/div>\n                                                                                    <\/div>\n                                    <\/div>\n                                <\/div>\n                            <\/div>\n                        <\/div>\n                    <\/div>\n                <\/div>\n            <\/div>\n        <\/div>\n        \t\t\t\t<\/div>\n\t\t\t\t<\/div>\n\t\t\t\t<\/div>\n\t\t\t\t<\/div>\n\t\t<\/body>","protected":false},"excerpt":{"rendered":"<p>Service Details CILS Italian Certificate The CILS (Certificazione di Italiano come Lingua Straniera) is an official Italian language certificate aligned to the CEFR that validates your Italian skills for study, work, and residency. The CILS is offered at six levels from A1 to C2 and is recognized by Italian institutions and cultural centres. Why choose [&hellip;]<\/p>\n","protected":false},"author":1,"featured_media":0,"parent":0,"menu_order":0,"comment_status":"closed","ping_status":"closed","template":"elementor_header_footer","meta":{"om_disable_all_campaigns":false,"_monsterinsights_skip_tracking":false,"_monsterinsights_sitenote_active":false,"_monsterinsights_sitenote_note":"","_monsterinsights_sitenote_category":0,"_joinchat":[],"footnotes":""},"class_list":["post-205","page","type-page","status-publish","hentry"],"aioseo_notices":[],"_links":{"self":[{"href":"https:\/\/europassitalia.com\/es\/wp-json\/wp\/v2\/pages\/205","targetHints":{"allow":["GET"]}}],"collection":[{"href":"https:\/\/europassitalia.com\/es\/wp-json\/wp\/v2\/pages"}],"about":[{"href":"https:\/\/europassitalia.com\/es\/wp-json\/wp\/v2\/types\/page"}],"author":[{"embeddable":true,"href":"https:\/\/europassitalia.com\/es\/wp-json\/wp\/v2\/users\/1"}],"replies":[{"embeddable":true,"href":"https:\/\/europassitalia.com\/es\/wp-json\/wp\/v2\/comments?post=205"}],"version-history":[{"count":5,"href":"https:\/\/europassitalia.com\/es\/wp-json\/wp\/v2\/pages\/205\/revisions"}],"predecessor-version":[{"id":1800,"href":"https:\/\/europassitalia.com\/es\/wp-json\/wp\/v2\/pages\/205\/revisions\/1800"}],"wp:attachment":[{"href":"https:\/\/europassitalia.com\/es\/wp-json\/wp\/v2\/media?parent=205"}],"curies":[{"name":"wp","href":"https:\/\/api.w.org\/{rel}","templated":true}]}}