{"id":522,"date":"2024-10-16T08:16:12","date_gmt":"2024-10-16T08:16:12","guid":{"rendered":"https:\/\/wpriverthemes.com\/gixus\/?page_id=522"},"modified":"2026-01-17T07:40:41","modified_gmt":"2026-01-17T07:40:41","slug":"faq","status":"publish","type":"page","link":"https:\/\/europassitalia.com\/es\/faq\/","title":{"rendered":"Preguntas frecuentes"},"content":{"rendered":"<body>\t\t<div data-elementor-type=\"wp-page\" data-elementor-id=\"522\" class=\"elementor elementor-522\" data-elementor-post-type=\"page\">\n\t\t\t\t<div class=\"elementor-element elementor-element-29270d8 e-con-full e-flex e-con e-parent\" data-id=\"29270d8\" data-element_type=\"container\" data-e-type=\"container\">\n\t\t\t\t<div class=\"elementor-element elementor-element-381eb75 elementor-widget elementor-widget-pages_faq\" data-id=\"381eb75\" data-element_type=\"widget\" data-e-type=\"widget\" data-widget_type=\"pages_faq.default\">\n\t\t\t\t<div class=\"elementor-widget-container\">\n\t\t\t\t\t        <div class=\"faq-style-one-area chooseus-style-two-area default-padding\">\n            <div class=\"container\">\n                <div class=\"faq-style-two-items chooseus-style-two-items bg-cover\" style=\"background-image: url(https:\/\/europassitalia.com\/wp-content\/themes\/gixus\/assets\/img\/shape\/2.jpg);\">\n                    <div class=\"row\">\n                        <div class=\"col-xl-6 pr-50 pr-md-15 pr-xs-15\">\n                            <div class=\"fun-fact-style-info\">\n                                <h2 class=\"title split-text\">Preguntas frecuentes<\/h2>\n                                <div class=\"fun-fact-card-two mt-40 wow fadeInUp\">\n                                    <h4 class=\"sub-title\">\u00bfPor qu\u00e9 elegirnos?<\/h4>\n                                    <div class=\"counter-title\">\n                                        <div class=\"counter\">\n                                                                                    <div class=\"timer\" data-to=\"31\" data-speed=\"2000\">31<\/div>\n                                                                                        <div class=\"operator\">K<\/div>\n                                        <\/div>\n                                    <\/div>\n                                    <span class=\"medium\">CLIENTES EN TODO EL MUNDO<\/span>\n                                <\/div>\n                            <\/div>\n                        <\/div>\n                        <div class=\"col-xl-6\">\n                            <div class=\"choose-us-style-two\">\n                                <div class=\"accordion\" id=\"faqAccordion\">\n                                                                            <div class=\"accordion-item accordion-style-one\">\n                                            <h2 class=\"accordion-header\" id=\"headingOne\">\n                                                <button class=\"accordion-button collapsed\" type=\"button\" data-bs-toggle=\"collapse\" data-bs-target=\"#collapse-2e46266\" aria-expanded=\"true\" aria-controls=\"collapse-2e46266\">\n                                                    \u00bfQu\u00e9 es el CILS y qui\u00e9n lo expide?                                                <\/button>\n                                            <\/h2>\n                                            <div id=\"collapse-2e46266\" class=\"accordion-collapse collapse\" aria-labelledby=\"headingOne\" data-bs-parent=\"#faqAccordion\">\n                                                <div class=\"accordion-body\">\n                                                    <p>El CILS es un certificado oficial de lengua italiana expedido por la Universidad para Extranjeros de Siena y alineado con los niveles A1-C2 del MCER.<\/p>\n                                                    <ul class=\"list-style-one\">\n                                                                                                                    <li><\/li>\n                                                                                                            <\/ul>\n                                                <\/div>\n                                            <\/div>\n                                        <\/div>\n                                                                            <div class=\"accordion-item accordion-style-one\">\n                                            <h2 class=\"accordion-header\" id=\"headingOne\">\n                                                <button class=\"accordion-button collapsed\" type=\"button\" data-bs-toggle=\"collapse\" data-bs-target=\"#collapse-9ec2958\" aria-expanded=\"true\" aria-controls=\"collapse-9ec2958\">\n                                                    \u00bfQu\u00e9 nivel se necesita para obtener la ciudadan\u00eda o la residencia italiana?                                                <\/button>\n                                            <\/h2>\n                                            <div id=\"collapse-9ec2958\" class=\"accordion-collapse collapse\" aria-labelledby=\"headingOne\" data-bs-parent=\"#faqAccordion\">\n                                                <div class=\"accordion-body\">\n                                                    <p>El CILS B1 (CILS Due) se suele exigir para obtener la ciudadan\u00eda o la residencia; los dem\u00e1s niveles responden a necesidades acad\u00e9micas o profesionales.<\/p>\n                                                    <ul class=\"list-style-one\">\n                                                                                                                    <li><\/li>\n                                                                                                            <\/ul>\n                                                <\/div>\n                                            <\/div>\n                                        <\/div>\n                                                                            <div class=\"accordion-item accordion-style-one\">\n                                            <h2 class=\"accordion-header\" id=\"headingOne\">\n                                                <button class=\"accordion-button collapsed\" type=\"button\" data-bs-toggle=\"collapse\" data-bs-target=\"#collapse-176a612\" aria-expanded=\"true\" aria-controls=\"collapse-176a612\">\n                                                    \u00bfC\u00f3mo est\u00e1 estructurado el examen?                                                <\/button>\n                                            <\/h2>\n                                            <div id=\"collapse-176a612\" class=\"accordion-collapse collapse\" aria-labelledby=\"headingOne\" data-bs-parent=\"#faqAccordion\">\n                                                <div class=\"accordion-body\">\n                                                    <p>El examen eval\u00faa las cuatro habilidades \u2014comprensi\u00f3n auditiva, lectura, expresi\u00f3n escrita y expresi\u00f3n oral\u2014 con tareas y criterios de puntuaci\u00f3n espec\u00edficos para cada nivel.<\/p>\n                                                    <ul class=\"list-style-one\">\n                                                                                                                    <li><\/li>\n                                                                                                            <\/ul>\n                                                <\/div>\n                                            <\/div>\n                                        <\/div>\n                                                                            <div class=\"accordion-item accordion-style-one\">\n                                            <h2 class=\"accordion-header\" id=\"headingOne\">\n                                                <button class=\"accordion-button collapsed\" type=\"button\" data-bs-toggle=\"collapse\" data-bs-target=\"#collapse-1071290\" aria-expanded=\"true\" aria-controls=\"collapse-1071290\">\n                                                    \u00bfCu\u00e1les son los tipos de ex\u00e1menes IELTS?                                                <\/button>\n                                            <\/h2>\n                                            <div id=\"collapse-1071290\" class=\"accordion-collapse collapse\" aria-labelledby=\"headingOne\" data-bs-parent=\"#faqAccordion\">\n                                                <div class=\"accordion-body\">\n                                                    <p>IELTS Acad\u00e9mico (para educaci\u00f3n superior) e IELTS Formaci\u00f3n General (para trabajo y migraci\u00f3n); ambos utilizan el mismo sistema de puntuaci\u00f3n por bandas.<\/p>\n                                                    <ul class=\"list-style-one\">\n                                                                                                            <\/ul>\n                                                <\/div>\n                                            <\/div>\n                                        <\/div>\n                                                                            <div class=\"accordion-item accordion-style-one\">\n                                            <h2 class=\"accordion-header\" id=\"headingOne\">\n                                                <button class=\"accordion-button collapsed\" type=\"button\" data-bs-toggle=\"collapse\" data-bs-target=\"#collapse-b60ad4c\" aria-expanded=\"true\" aria-controls=\"collapse-b60ad4c\">\n                                                    \u00bfC\u00f3mo se punt\u00faa el IELTS y qu\u00e9 significa una banda?                                                <\/button>\n                                            <\/h2>\n                                            <div id=\"collapse-b60ad4c\" class=\"accordion-collapse collapse\" aria-labelledby=\"headingOne\" data-bs-parent=\"#faqAccordion\">\n                                                <div class=\"accordion-body\">\n                                                    <p>Las puntuaciones van de la banda 1 a la banda 9; cada banda tiene descriptores para la capacidad comunicativa y la banda general es la media de las puntuaciones de los cuatro m\u00f3dulos.<\/p>\n                                                    <ul class=\"list-style-one\">\n                                                                                                            <\/ul>\n                                                <\/div>\n                                            <\/div>\n                                        <\/div>\n                                                                            <div class=\"accordion-item accordion-style-one\">\n                                            <h2 class=\"accordion-header\" id=\"headingOne\">\n                                                <button class=\"accordion-button collapsed\" type=\"button\" data-bs-toggle=\"collapse\" data-bs-target=\"#collapse-bc0dba0\" aria-expanded=\"true\" aria-controls=\"collapse-bc0dba0\">\n                                                    \u00bfCu\u00e1l es el formato y la duraci\u00f3n de la prueba?                                                <\/button>\n                                            <\/h2>\n                                            <div id=\"collapse-bc0dba0\" class=\"accordion-collapse collapse\" aria-labelledby=\"headingOne\" data-bs-parent=\"#faqAccordion\">\n                                                <div class=\"accordion-body\">\n                                                    <p>Las pruebas incluyen comprensi\u00f3n auditiva, lectura, expresi\u00f3n escrita (el mismo d\u00eda) y expresi\u00f3n oral (el mismo d\u00eda o en un plazo de 7 d\u00edas); los formatos est\u00e1n disponibles en papel o en ordenador, y la expresi\u00f3n oral se realiza en directo.<\/p>\n                                                    <ul class=\"list-style-one\">\n                                                                                                            <\/ul>\n                                                <\/div>\n                                            <\/div>\n                                        <\/div>\n                                                                            <div class=\"accordion-item accordion-style-one\">\n                                            <h2 class=\"accordion-header\" id=\"headingOne\">\n                                                <button class=\"accordion-button collapsed\" type=\"button\" data-bs-toggle=\"collapse\" data-bs-target=\"#collapse-1cb66c8\" aria-expanded=\"true\" aria-controls=\"collapse-1cb66c8\">\n                                                    \u00bfCu\u00e1nto tiempo son v\u00e1lidos los resultados?                                                <\/button>\n                                            <\/h2>\n                                            <div id=\"collapse-1cb66c8\" class=\"accordion-collapse collapse\" aria-labelledby=\"headingOne\" data-bs-parent=\"#faqAccordion\">\n                                                <div class=\"accordion-body\">\n                                                    <p>Rezultatet e IELTS-it jan\u00eb p\u00ebrgjith\u00ebsisht t\u00eb vlefshme p\u00ebr dy vjet; konfirmoni me institucionin prit\u00ebs p\u00ebr periudhat specifike t\u00eb pranimit.<\/p>\n                                                    <ul class=\"list-style-one\">\n                                                                                                            <\/ul>\n                                                <\/div>\n                                            <\/div>\n                                        <\/div>\n                                                                            <div class=\"accordion-item accordion-style-one\">\n                                            <h2 class=\"accordion-header\" id=\"headingOne\">\n                                                <button class=\"accordion-button collapsed\" type=\"button\" data-bs-toggle=\"collapse\" data-bs-target=\"#collapse-157fcba\" aria-expanded=\"true\" aria-controls=\"collapse-157fcba\">\n                                                    \u00bfQui\u00e9n expide el CELI y qu\u00e9 niveles hay disponibles?                                                <\/button>\n                                            <\/h2>\n                                            <div id=\"collapse-157fcba\" class=\"accordion-collapse collapse\" aria-labelledby=\"headingOne\" data-bs-parent=\"#faqAccordion\">\n                                                <div class=\"accordion-body\">\n                                                    <p>Los certificados CELI son expedidos por la Universidad para Extranjeros de Perugia y abarcan los niveles A1-C2 del MCER.<\/p>\n                                                    <ul class=\"list-style-one\">\n                                                                                                            <\/ul>\n                                                <\/div>\n                                            <\/div>\n                                        <\/div>\n                                                                            <div class=\"accordion-item accordion-style-one\">\n                                            <h2 class=\"accordion-header\" id=\"headingOne\">\n                                                <button class=\"accordion-button collapsed\" type=\"button\" data-bs-toggle=\"collapse\" data-bs-target=\"#collapse-bc39473\" aria-expanded=\"true\" aria-controls=\"collapse-bc39473\">\n                                                    \u00bfCu\u00e1les son los usos t\u00edpicos de CELI?                                                <\/button>\n                                            <\/h2>\n                                            <div id=\"collapse-bc39473\" class=\"accordion-collapse collapse\" aria-labelledby=\"headingOne\" data-bs-parent=\"#faqAccordion\">\n                                                <div class=\"accordion-body\">\n                                                    <p>El CELI se utiliza para el ingreso a la universidad, el empleo y los tr\u00e1mites administrativos; algunos procesos de residencia hacen referencia a niveles espec\u00edficos del CELI.\n\n<\/p>\n                                                    <ul class=\"list-style-one\">\n                                                                                                            <\/ul>\n                                                <\/div>\n                                            <\/div>\n                                        <\/div>\n                                                                            <div class=\"accordion-item accordion-style-one\">\n                                            <h2 class=\"accordion-header\" id=\"headingOne\">\n                                                <button class=\"accordion-button collapsed\" type=\"button\" data-bs-toggle=\"collapse\" data-bs-target=\"#collapse-7235552\" aria-expanded=\"true\" aria-controls=\"collapse-7235552\">\n                                                    \u00bfC\u00f3mo debo prepararme e inscribirme?                                                <\/button>\n                                            <\/h2>\n                                            <div id=\"collapse-7235552\" class=\"accordion-collapse collapse\" aria-labelledby=\"headingOne\" data-bs-parent=\"#faqAccordion\">\n                                                <div class=\"accordion-body\">\n                                                    <p>Prep\u00e1rate con pruebas de muestra oficiales y cursos en centros locales; la inscripci\u00f3n, las fechas y las tarifas var\u00edan seg\u00fan el centro de pruebas; consulta siempre el centro CELI local para obtener informaci\u00f3n actualizada.<\/p>\n                                                    <ul class=\"list-style-one\">\n                                                                                                            <\/ul>\n                                                <\/div>\n                                            <\/div>\n                                        <\/div>\n                                                                    <\/div>\n                            <\/div>\n                        <\/div>\n                    <\/div>\n                <\/div>\n            <\/div>\n        <\/div>\n        \t\t\t\t<\/div>\n\t\t\t\t<\/div>\n\t\t\t\t<\/div>\n\t\t\t\t<\/div>\n\t\t<\/body>","protected":false},"excerpt":{"rendered":"<p>FAQs Why Choose Us 31 K CLIENTS AROUND THE WORLD What is CILS and who issues it? CILS is an official Italian language certification issued by the University for Foreigners of Siena and aligned to CEFR levels A1\u2013C2. Which level is needed for Italian citizenship or residency? CILS B1 (CILS Due) is commonly referenced for [&hellip;]<\/p>\n","protected":false},"author":1,"featured_media":0,"parent":0,"menu_order":0,"comment_status":"closed","ping_status":"closed","template":"page-templates\/home.php","meta":{"om_disable_all_campaigns":false,"_monsterinsights_skip_tracking":false,"_monsterinsights_sitenote_active":false,"_monsterinsights_sitenote_note":"","_monsterinsights_sitenote_category":0,"_joinchat":[],"footnotes":""},"class_list":["post-522","page","type-page","status-publish","hentry"],"aioseo_notices":[],"_links":{"self":[{"href":"https:\/\/europassitalia.com\/es\/wp-json\/wp\/v2\/pages\/522","targetHints":{"allow":["GET"]}}],"collection":[{"href":"https:\/\/europassitalia.com\/es\/wp-json\/wp\/v2\/pages"}],"about":[{"href":"https:\/\/europassitalia.com\/es\/wp-json\/wp\/v2\/types\/page"}],"author":[{"embeddable":true,"href":"https:\/\/europassitalia.com\/es\/wp-json\/wp\/v2\/users\/1"}],"replies":[{"embeddable":true,"href":"https:\/\/europassitalia.com\/es\/wp-json\/wp\/v2\/comments?post=522"}],"version-history":[{"count":3,"href":"https:\/\/europassitalia.com\/es\/wp-json\/wp\/v2\/pages\/522\/revisions"}],"predecessor-version":[{"id":1819,"href":"https:\/\/europassitalia.com\/es\/wp-json\/wp\/v2\/pages\/522\/revisions\/1819"}],"wp:attachment":[{"href":"https:\/\/europassitalia.com\/es\/wp-json\/wp\/v2\/media?parent=522"}],"curies":[{"name":"wp","href":"https:\/\/api.w.org\/{rel}","templated":true}]}}