{"id":795,"date":"2024-10-16T13:02:11","date_gmt":"2024-10-16T13:02:11","guid":{"rendered":"https:\/\/wpriverthemes.com\/gixus\/?page_id=795"},"modified":"2026-01-15T14:25:05","modified_gmt":"2026-01-15T14:25:05","slug":"celi-italian-certificate","status":"publish","type":"page","link":"https:\/\/europassitalia.com\/es\/celi-italian-certificate\/","title":{"rendered":"Certificado CELI de italiano"},"content":{"rendered":"<body>\t\t<div data-elementor-type=\"wp-page\" data-elementor-id=\"795\" class=\"elementor elementor-795\" data-elementor-post-type=\"page\">\n\t\t\t\t<div class=\"elementor-element elementor-element-d65a247 e-con-full e-flex e-con e-parent\" data-id=\"d65a247\" data-element_type=\"container\" data-e-type=\"container\">\n\t\t\t\t<div class=\"elementor-element elementor-element-5189d9c elementor-widget elementor-widget-service_details_widget\" data-id=\"5189d9c\" data-element_type=\"widget\" data-e-type=\"widget\" data-widget_type=\"service_details_widget.default\">\n\t\t\t\t<div class=\"elementor-widget-container\">\n\t\t\t\t\t        <div class=\"services-details-area default-padding\">\n            <div class=\"container\">\n                <div class=\"row\">\n                    <div class=\"col-lg-10 offset-lg-1\">\n                        <div class=\"site-heading text-center\">\n                            <h4 class=\"sub-title\">Detalles del servicio<\/h4>\n                            <h2 class=\"title\">Certificado CELI de italiano<\/h2>\n                        <\/div>\n                    <\/div>\n                <\/div>\n                <div class=\"services-details-items\">\n                    <div class=\"row\">\n                        <div class=\"col-xl-12 services-single-content\">\n                            <div class=\"thumb mb-50\">\n                                <img decoding=\"async\" src=\"https:\/\/wpriverthemes.com\/gixus\/wp-content\/uploads\/2024\/10\/4-3.jpg\" alt=\"Thumb\" loading=\"lazy\">\n                            <\/div>\n                            <p><\/p><p>El CELI (Certificato di Conoscenza della Lingua Italiana) es un certificado oficial de lengua italiana expedido por la Universidad para Extranjeros de Perugia y alineado con los niveles A1-C2 del MCER.<\/p><p>\u2014 Ideal para el trabajo, el estudio y fines administrativos.<\/p><h2>Por qu\u00e9 CELI es importante<\/h2><ul><li><strong>Emisor oficial:<\/strong> El CELI es expedido por la Universidad para Extranjeros de Perugia, una autoridad reconocida en la certificaci\u00f3n del idioma italiano.<\/li><li><strong>Cobertura del MCER:<\/strong> <strong>CELI abarca los niveles A1, A2, B1, B2, C1 y C2.<\/strong>, por lo que los candidatos pueden elegir el nivel que se ajuste a sus objetivos.<\/li><li><strong>Usos pr\u00e1cticos:<\/strong> <strong>CELI A2 y B1<\/strong> Se utilizan habitualmente para permisos de residencia y v\u00edas de acceso a la ciudadan\u00eda en algunos programas; los centros locales publican las normas, fechas y tasas exactas.<\/li><\/ul><p>\u00a0<\/p><ul><li><strong>Nombre de la certificaci\u00f3n:<\/strong>\u00a0Certificado CELI de lengua italiana<\/li><li><strong>Organizador:<\/strong> Universidad para Extranjeros de Perugia<\/li><li><strong>Fechas: <\/strong>3 sesiones principales al a\u00f1o (primavera, verano y oto\u00f1o)<\/li><li><strong>Niveles:<\/strong> CELI IMPATTO \u2013 A1, CELI 1 \u2013 A2, CELI \u2013 B1, CELI 3 \u2013 B2, CELI 4 \u2013 C1, CELI 5 \u2013 C2<\/li><li><strong>Centros:<\/strong> Disponible en numerosos centros de todo el mundo (incluido nuestro centro).<\/li><li><strong>Tiempo de correcci\u00f3n:<\/strong> Hasta 12 semanas. La entrega del certificado puede tardar hasta 4 meses adicionales.<\/li><li><strong>Notas: <\/strong>Adem\u00e1s de las certificaciones CELI tradicionales, tambi\u00e9n existen las certificaciones CELI Immigrati (inmigrantes) y CELI Adolescenti (adolescentes). La CELI Immigrati est\u00e1 destinada a ciudadanos extranjeros que han emigrado a Italia, y tambi\u00e9n est\u00e1 disponible para estudiantes con muy poca formaci\u00f3n. La CELI Adolescenti est\u00e1 dirigida a ni\u00f1os de entre 13 y 17 a\u00f1os. Las diferencias entre estos dos tipos de certificaciones radican en los distintos g\u00e9neros textuales y tareas, sin cambios en el examen.<\/li><\/ul>\n                            <div class=\"process-style-one-items mt-50\">\n                                <div class=\"choose-us-one-thumb\">\n                                    <div class=\"content\">\n                                                                                <div class=\"left-info\">\n                                            <h2 class=\"title\">C\u00f3mo obtener el certificado CELI<\/h2>\n                                        <\/div>\n                                                                                <div class=\"process-style-one\">\n                                                                                            <div class=\"process-style-one-item wow fadeInRight\" data-wow-delay=\"0ms\">\n                                                    <span>1<\/span>\n                                                    <h4>Cont\u00e1ctenos a trav\u00e9s de WhatsApp o del formulario de contacto.<\/h4>\n                                                    <p><\/p>\n                                                <\/div>\n                                                                                            <div class=\"process-style-one-item wow fadeInRight\" data-wow-delay=\"200ms\">\n                                                    <span>2<\/span>\n                                                    <h4>Realice el pago correspondiente.<\/h4>\n                                                    <p><\/p>\n                                                <\/div>\n                                                                                            <div class=\"process-style-one-item wow fadeInRight\" data-wow-delay=\"400ms\">\n                                                    <span>3<\/span>\n                                                    <h4>Espere a que se emita su certificado.<\/h4>\n                                                    <p><\/p>\n                                                <\/div>\n                                                                                    <\/div>\n                                    <\/div>\n                                <\/div>\n                            <\/div>\n                        <\/div>\n                    <\/div>\n                <\/div>\n            <\/div>\n        <\/div>\n        \t\t\t\t<\/div>\n\t\t\t\t<\/div>\n\t\t\t\t<\/div>\n\t\t\t\t<\/div>\n\t\t<\/body>","protected":false},"excerpt":{"rendered":"<p>Service Details CELI Italian Certificate The CELI (Certificato di Conoscenza della Lingua Italiana) is an official Italian language certificate issued by the University for Foreigners of Perugia and aligned to the CEFR levels A1\u2013C2 \u2014 ideal for work, study, and administrative purposes. Why CELI matters Official issuer: CELI is issued by the University for Foreigners [&hellip;]<\/p>\n","protected":false},"author":1,"featured_media":0,"parent":0,"menu_order":0,"comment_status":"closed","ping_status":"closed","template":"page-templates\/home.php","meta":{"om_disable_all_campaigns":false,"_monsterinsights_skip_tracking":false,"_monsterinsights_sitenote_active":false,"_monsterinsights_sitenote_note":"","_monsterinsights_sitenote_category":0,"_joinchat":[],"footnotes":""},"class_list":["post-795","page","type-page","status-publish","hentry"],"aioseo_notices":[],"_links":{"self":[{"href":"https:\/\/europassitalia.com\/es\/wp-json\/wp\/v2\/pages\/795","targetHints":{"allow":["GET"]}}],"collection":[{"href":"https:\/\/europassitalia.com\/es\/wp-json\/wp\/v2\/pages"}],"about":[{"href":"https:\/\/europassitalia.com\/es\/wp-json\/wp\/v2\/types\/page"}],"author":[{"embeddable":true,"href":"https:\/\/europassitalia.com\/es\/wp-json\/wp\/v2\/users\/1"}],"replies":[{"embeddable":true,"href":"https:\/\/europassitalia.com\/es\/wp-json\/wp\/v2\/comments?post=795"}],"version-history":[{"count":5,"href":"https:\/\/europassitalia.com\/es\/wp-json\/wp\/v2\/pages\/795\/revisions"}],"predecessor-version":[{"id":1804,"href":"https:\/\/europassitalia.com\/es\/wp-json\/wp\/v2\/pages\/795\/revisions\/1804"}],"wp:attachment":[{"href":"https:\/\/europassitalia.com\/es\/wp-json\/wp\/v2\/media?parent=795"}],"curies":[{"name":"wp","href":"https:\/\/api.w.org\/{rel}","templated":true}]}}