{"id":1809,"date":"2026-01-15T15:01:26","date_gmt":"2026-01-15T15:01:26","guid":{"rendered":"https:\/\/europassitalia.com\/?page_id=1809"},"modified":"2026-01-17T07:16:25","modified_gmt":"2026-01-17T07:16:25","slug":"ielts-test","status":"publish","type":"page","link":"https:\/\/europassitalia.com\/fr\/ielts-test\/","title":{"rendered":"Test IELTS"},"content":{"rendered":"<body>\t\t<div data-elementor-type=\"wp-page\" data-elementor-id=\"1809\" class=\"elementor elementor-1809\" data-elementor-post-type=\"page\">\n\t\t\t\t<div class=\"elementor-element elementor-element-d65a247 e-con-full e-flex e-con e-parent\" data-id=\"d65a247\" data-element_type=\"container\" data-e-type=\"container\">\n\t\t\t\t<div class=\"elementor-element elementor-element-5189d9c elementor-widget elementor-widget-service_details_widget\" data-id=\"5189d9c\" data-element_type=\"widget\" data-e-type=\"widget\" data-widget_type=\"service_details_widget.default\">\n\t\t\t\t<div class=\"elementor-widget-container\">\n\t\t\t\t\t        <div class=\"services-details-area default-padding\">\n            <div class=\"container\">\n                <div class=\"row\">\n                    <div class=\"col-lg-10 offset-lg-1\">\n                        <div class=\"site-heading text-center\">\n                            <h4 class=\"sub-title\">D\u00e9tails du service<\/h4>\n                            <h2 class=\"title\">Test IELTS<\/h2>\n                        <\/div>\n                    <\/div>\n                <\/div>\n                <div class=\"services-details-items\">\n                    <div class=\"row\">\n                        <div class=\"col-xl-12 services-single-content\">\n                            <div class=\"thumb mb-50\">\n                                <img decoding=\"async\" src=\"https:\/\/europassitalia.com\/wp-content\/uploads\/2021\/01\/v1.jpg\" alt=\"Thumb\" loading=\"lazy\">\n                            <\/div>\n                            <p><!--StartFragment --><\/p><p>L'IELTS (International English Language Testing System) est un test d'anglais reconnu mondialement, utilis\u00e9 \u00e0 des fins d'\u00e9tudes, de travail et d'immigration. Il est accept\u00e9 par des milliers d'organisations \u00e0 travers le monde et propos\u00e9 sous plusieurs formats, notamment sur papier, sur ordinateur et en ligne.<\/p><p>.<\/p><h2>Pourquoi l'IELTS est important<\/h2><ul><li><strong>Reconnaissance mondiale :<\/strong> Accept\u00e9 par <strong>plus de 12 500 organisations dans plus de 140 pays<\/strong>, notamment les universit\u00e9s, les employeurs et les autorit\u00e9s charg\u00e9es de l'immigration.<\/li><li><strong>Propri\u00e9t\u00e9 officielle :<\/strong> L'IELTS est g\u00e9r\u00e9 conjointement par le British Council, IDP et Cambridge Assessment English.<\/li><li><strong>Notation :<\/strong> <strong>Les notes vont de 1 \u00e0 9.<\/strong>, avec des descripteurs clairs pour chaque niveau afin d'aider les utilisateurs \u00e0 choisir leurs scores cibles.<\/li><\/ul><h2>Types de tests<\/h2><ul><li><strong>IELTS Acad\u00e9mique<\/strong> \u2014 pour l'universit\u00e9 et l'enseignement sup\u00e9rieur.<\/li><li><strong>IELTS Formation g\u00e9n\u00e9rale<\/strong> \u2014 pour le travail et la migration.<\/li><li><strong>IELTS en ligne \/ sur ordinateur<\/strong> \u2014 lorsque cela est possible ; confirmer l'acceptation locale aupr\u00e8s des institutions.<\/li><\/ul><p><!--StartFragment --><\/p><h2>Pr\u00e9paration<\/h2><ul><li><strong>Tests gratuits<\/strong> et les supports pratiques officiels.<\/li><li><strong>Plans d'\u00e9tudes<\/strong>: programmes de 8 \u00e0 12 semaines pour une am\u00e9lioration de +1,0 point ; comp\u00e9tences cibl\u00e9es par module.<\/li><li><strong>Cours payants<\/strong>: options intensives ou \u00e0 temps partiel ; tests blancs et ateliers d'expression orale.<\/li><\/ul><h2>Inscription et logistique<\/h2><ul><li><strong>Comment r\u00e9server<\/strong>, les exigences en mati\u00e8re d'identit\u00e9, les r\u00e8gles applicables le jour du test et les d\u00e9lais de communication des r\u00e9sultats. Lien vers les centres de test locaux et les pages de r\u00e9servation.<\/li><\/ul><h2>Foire aux questions<\/h2><ul><li><em>Quel test pour l'admission \u00e0 l'universit\u00e9 ?<\/em> \u2014 <strong>Universitaire<\/strong>.<\/li><li><em>Combien de temps les r\u00e9sultats sont-ils valables ?<\/em> \u2014 <strong>Deux ans<\/strong> (indiquez-le clairement et v\u00e9rifiez localement).<\/li><\/ul><p><!--EndFragment --><\/p><p>\u00a0<\/p><!--EndFragment -->\n                            <div class=\"process-style-one-items mt-50\">\n                                <div class=\"choose-us-one-thumb\">\n                                    <div class=\"content\">\n                                                                                <div class=\"left-info\">\n                                            <h2 class=\"title\">Comment obtenir le certificat IELTS<\/h2>\n                                        <\/div>\n                                                                                <div class=\"process-style-one\">\n                                                                                            <div class=\"process-style-one-item wow fadeInRight\" data-wow-delay=\"0ms\">\n                                                    <span>1<\/span>\n                                                    <h4>Contactez-nous via WhatsApp ou le formulaire de contact<\/h4>\n                                                    <p><\/p>\n                                                <\/div>\n                                                                                            <div class=\"process-style-one-item wow fadeInRight\" data-wow-delay=\"200ms\">\n                                                    <span>2<\/span>\n                                                    <h4>Effectuez le paiement n\u00e9cessaire.<\/h4>\n                                                    <p><\/p>\n                                                <\/div>\n                                                                                            <div class=\"process-style-one-item wow fadeInRight\" data-wow-delay=\"400ms\">\n                                                    <span>3<\/span>\n                                                    <h4>Attendez que votre certificat soit \u00e9mis.<\/h4>\n                                                    <p><\/p>\n                                                <\/div>\n                                                                                    <\/div>\n                                    <\/div>\n                                <\/div>\n                            <\/div>\n                        <\/div>\n                    <\/div>\n                <\/div>\n            <\/div>\n        <\/div>\n        \t\t\t\t<\/div>\n\t\t\t\t<\/div>\n\t\t\t\t<\/div>\n\t\t\t\t<\/div>\n\t\t<\/body>","protected":false},"excerpt":{"rendered":"<p>Service Details IELTS Test IELTS (International English Language Testing System) is a globally recognized English test used for study, work, and migration; it\u2019s accepted by thousands of organisations worldwide and offered in multiple formats including paper, computer, and online . Why IELTS matters Global recognition: Accepted by over 12,500 organisations in 140+ countries, including universities, [&hellip;]<\/p>\n","protected":false},"author":1,"featured_media":0,"parent":0,"menu_order":0,"comment_status":"closed","ping_status":"closed","template":"page-templates\/home.php","meta":{"om_disable_all_campaigns":false,"_monsterinsights_skip_tracking":false,"_monsterinsights_sitenote_active":false,"_monsterinsights_sitenote_note":"","_monsterinsights_sitenote_category":0,"_joinchat":[],"footnotes":""},"class_list":["post-1809","page","type-page","status-publish","hentry"],"aioseo_notices":[],"_links":{"self":[{"href":"https:\/\/europassitalia.com\/fr\/wp-json\/wp\/v2\/pages\/1809","targetHints":{"allow":["GET"]}}],"collection":[{"href":"https:\/\/europassitalia.com\/fr\/wp-json\/wp\/v2\/pages"}],"about":[{"href":"https:\/\/europassitalia.com\/fr\/wp-json\/wp\/v2\/types\/page"}],"author":[{"embeddable":true,"href":"https:\/\/europassitalia.com\/fr\/wp-json\/wp\/v2\/users\/1"}],"replies":[{"embeddable":true,"href":"https:\/\/europassitalia.com\/fr\/wp-json\/wp\/v2\/comments?post=1809"}],"version-history":[{"count":4,"href":"https:\/\/europassitalia.com\/fr\/wp-json\/wp\/v2\/pages\/1809\/revisions"}],"predecessor-version":[{"id":1815,"href":"https:\/\/europassitalia.com\/fr\/wp-json\/wp\/v2\/pages\/1809\/revisions\/1815"}],"wp:attachment":[{"href":"https:\/\/europassitalia.com\/fr\/wp-json\/wp\/v2\/media?parent=1809"}],"curies":[{"name":"wp","href":"https:\/\/api.w.org\/{rel}","templated":true}]}}