{"id":205,"date":"2024-10-14T15:14:58","date_gmt":"2024-10-14T15:14:58","guid":{"rendered":"https:\/\/wpriverthemes.com\/gixus\/?page_id=205"},"modified":"2026-01-15T14:13:19","modified_gmt":"2026-01-15T14:13:19","slug":"cils-italian-certificate","status":"publish","type":"page","link":"https:\/\/europassitalia.com\/fr\/cils-italian-certificate\/","title":{"rendered":"Certificat italien CILS"},"content":{"rendered":"<body>\t\t<div data-elementor-type=\"wp-page\" data-elementor-id=\"205\" class=\"elementor elementor-205\" data-elementor-post-type=\"page\">\n\t\t\t\t<div class=\"elementor-element elementor-element-d65a247 e-con-full e-flex e-con e-parent\" data-id=\"d65a247\" data-element_type=\"container\" data-e-type=\"container\">\n\t\t\t\t<div class=\"elementor-element elementor-element-5189d9c elementor-widget elementor-widget-service_details_widget\" data-id=\"5189d9c\" data-element_type=\"widget\" data-e-type=\"widget\" data-widget_type=\"service_details_widget.default\">\n\t\t\t\t<div class=\"elementor-widget-container\">\n\t\t\t\t\t        <div class=\"services-details-area default-padding\">\n            <div class=\"container\">\n                <div class=\"row\">\n                    <div class=\"col-lg-10 offset-lg-1\">\n                        <div class=\"site-heading text-center\">\n                            <h4 class=\"sub-title\">D\u00e9tails du service<\/h4>\n                            <h2 class=\"title\">Certificat italien CILS<\/h2>\n                        <\/div>\n                    <\/div>\n                <\/div>\n                <div class=\"services-details-items\">\n                    <div class=\"row\">\n                        <div class=\"col-xl-12 services-single-content\">\n                            <div class=\"thumb mb-50\">\n                                <img decoding=\"async\" src=\"https:\/\/europassitalia.com\/wp-content\/themes\/gixus\/assets\/img\/banner\/21.jpg\" alt=\"Thumb\" loading=\"lazy\">\n                            <\/div>\n                            <p><\/p><p>Le CILS (Certificazione di Italiano come Lingua Straniera) est un certificat officiel de langue italienne align\u00e9 sur le CECR qui valide vos comp\u00e9tences en italien pour les \u00e9tudes, le travail et la r\u00e9sidence.<\/p><p>Le CILS est propos\u00e9 \u00e0 <strong>six niveaux, de A1 \u00e0 C2<\/strong> et est reconnu par les institutions et les centres culturels italiens.<\/p><h2>Pourquoi choisir CILS ?<\/h2><ul><li><strong>Reconnaissance officielle :<\/strong> Le CILS est d\u00e9velopp\u00e9 par l'Universit\u00e9 pour \u00e9trangers de Sienne et reconnu par les autorit\u00e9s italiennes.<\/li><li><strong>Alignement sur le CECR :<\/strong> Les examens correspondent directement \u00e0 <strong>A1, A2, B1, B2, C1, C2<\/strong>, rendant les r\u00e9sultats transf\u00e9rables dans toute l'Europe.<\/li><li><strong>Cas d'utilisation :<\/strong> Utile pour les admissions \u00e0 l'universit\u00e9, les qualifications professionnelles et les demandes de r\u00e9sidence de longue dur\u00e9e.<\/li><\/ul><p>\u00a0<\/p><ul><li><strong>Nom de la certification :<\/strong> Certificat CILS d'italien langue \u00e9trang\u00e8re<\/li><li><strong>Organisateur :<\/strong> Universit\u00e9 pour \u00e9trangers de Sienne<\/li><li><strong>Dates : <\/strong>2 sessions principales par an (juin et d\u00e9cembre), avec des sessions suppl\u00e9mentaires pour certains niveaux.<\/li><li><strong>Niveaux :<\/strong> CILS A1 (A1), CILS A2 (A2), CILS UNO (B1), CILS UNO \u2013 B1 ADOLESCENTI, CILS UNO \u2013 B1 CITTADINANZA, CILS DUE (B2), CILS TRE (C1), CILS QUATTRO (C2)<\/li><li><strong>Centres :<\/strong> Plus de 800 sites dans le monde entier, y compris notre centre.<\/li><li><strong>Temps de correction :<\/strong> Jusqu'\u00e0 12 semaines<\/li><li><strong>Remarques :<\/strong> Chaque partie de l'examen est \u00e9valu\u00e9e ind\u00e9pendamment, vous devez donc avoir obtenu la note requise dans chaque section pour r\u00e9ussir l'examen. Si ce n'est pas le cas, il est possible de repasser les sections n\u00e9cessaires.<\/li><\/ul><p>Cr\u00e9\u00e9e par l'universit\u00e9 de Sienne, la certification CILS est la certification de r\u00e9f\u00e9rence pour les \u00e9tudiants en langue italienne : plus de la moiti\u00e9 des \u00e9tudiants qui passent un examen officiel d'italien choisissent l'examen CILS.<\/p><p>La certification CILS est la premi\u00e8re certification de langue italienne \u00e0 avoir appliqu\u00e9 les six niveaux de comp\u00e9tence linguistique et communicative du Cadre europ\u00e9en commun de r\u00e9f\u00e9rence et \u00e0 avoir propos\u00e9 des certifications sp\u00e9cifiques pour les travailleurs \u00e9trangers en Italie.<\/p><p>L'examen \u00e9value les comp\u00e9tences linguistiques et communicatives ainsi que les quatre comp\u00e9tences de base. Il est donc divis\u00e9 en quatre sections (comp\u00e9tences orales, \u00e9crites, morphosyntaxiques et lexicales, compr\u00e9hension de textes \u00e9crits et compr\u00e9hension de textes oraux). L'examen comprend \u00e0 la fois des questions ferm\u00e9es (questions \u00e0 choix multiples) et des questions semi-structur\u00e9es (r\u00e9\u00e9laboration de textes \u00e0 partir d'\u00e9l\u00e9ments de donn\u00e9es) et ouvertes (d\u00e9veloppement libre d'un sujet).<\/p><p>Les certifications CILS sont reconnues tant dans le monde du travail que dans l'enseignement et \u00e0 l'universit\u00e9. Le minist\u00e8re des Affaires \u00e9trang\u00e8res reconna\u00eet le module de certification CILS A2 comme un certificat de comp\u00e9tence en langue italienne valable pour l'obtention du permis de s\u00e9jour CE pour les r\u00e9sidents de longue dur\u00e9e.<\/p>\n                            <div class=\"process-style-one-items mt-50\">\n                                <div class=\"choose-us-one-thumb\">\n                                    <div class=\"content\">\n                                                                                <div class=\"left-info\">\n                                            <h2 class=\"title\">Comment obtenir votre certificat CILS<\/h2>\n                                        <\/div>\n                                                                                <div class=\"process-style-one\">\n                                                                                            <div class=\"process-style-one-item wow fadeInRight\" data-wow-delay=\"0ms\">\n                                                    <span>1<\/span>\n                                                    <h4>Contactez-nous via le formulaire de contact ou WhatsApp<\/h4>\n                                                    <p><\/p>\n                                                <\/div>\n                                                                                            <div class=\"process-style-one-item wow fadeInRight\" data-wow-delay=\"200ms\">\n                                                    <span>2<\/span>\n                                                    <h4>Effectuez le paiement n\u00e9cessaire<\/h4>\n                                                    <p><\/p>\n                                                <\/div>\n                                                                                            <div class=\"process-style-one-item wow fadeInRight\" data-wow-delay=\"400ms\">\n                                                    <span>3<\/span>\n                                                    <h4>Attendez que votre certificat soit \u00e9mis.<\/h4>\n                                                    <p><\/p>\n                                                <\/div>\n                                                                                    <\/div>\n                                    <\/div>\n                                <\/div>\n                            <\/div>\n                        <\/div>\n                    <\/div>\n                <\/div>\n            <\/div>\n        <\/div>\n        \t\t\t\t<\/div>\n\t\t\t\t<\/div>\n\t\t\t\t<\/div>\n\t\t\t\t<\/div>\n\t\t<\/body>","protected":false},"excerpt":{"rendered":"<p>Service Details CILS Italian Certificate The CILS (Certificazione di Italiano come Lingua Straniera) is an official Italian language certificate aligned to the CEFR that validates your Italian skills for study, work, and residency. The CILS is offered at six levels from A1 to C2 and is recognized by Italian institutions and cultural centres. Why choose [&hellip;]<\/p>\n","protected":false},"author":1,"featured_media":0,"parent":0,"menu_order":0,"comment_status":"closed","ping_status":"closed","template":"elementor_header_footer","meta":{"om_disable_all_campaigns":false,"_monsterinsights_skip_tracking":false,"_monsterinsights_sitenote_active":false,"_monsterinsights_sitenote_note":"","_monsterinsights_sitenote_category":0,"_joinchat":[],"footnotes":""},"class_list":["post-205","page","type-page","status-publish","hentry"],"aioseo_notices":[],"_links":{"self":[{"href":"https:\/\/europassitalia.com\/fr\/wp-json\/wp\/v2\/pages\/205","targetHints":{"allow":["GET"]}}],"collection":[{"href":"https:\/\/europassitalia.com\/fr\/wp-json\/wp\/v2\/pages"}],"about":[{"href":"https:\/\/europassitalia.com\/fr\/wp-json\/wp\/v2\/types\/page"}],"author":[{"embeddable":true,"href":"https:\/\/europassitalia.com\/fr\/wp-json\/wp\/v2\/users\/1"}],"replies":[{"embeddable":true,"href":"https:\/\/europassitalia.com\/fr\/wp-json\/wp\/v2\/comments?post=205"}],"version-history":[{"count":5,"href":"https:\/\/europassitalia.com\/fr\/wp-json\/wp\/v2\/pages\/205\/revisions"}],"predecessor-version":[{"id":1800,"href":"https:\/\/europassitalia.com\/fr\/wp-json\/wp\/v2\/pages\/205\/revisions\/1800"}],"wp:attachment":[{"href":"https:\/\/europassitalia.com\/fr\/wp-json\/wp\/v2\/media?parent=205"}],"curies":[{"name":"wp","href":"https:\/\/api.w.org\/{rel}","templated":true}]}}