{"id":522,"date":"2024-10-16T08:16:12","date_gmt":"2024-10-16T08:16:12","guid":{"rendered":"https:\/\/wpriverthemes.com\/gixus\/?page_id=522"},"modified":"2026-01-17T07:40:41","modified_gmt":"2026-01-17T07:40:41","slug":"faq","status":"publish","type":"page","link":"https:\/\/europassitalia.com\/fr\/faq\/","title":{"rendered":"FAQ"},"content":{"rendered":"<body>\t\t<div data-elementor-type=\"wp-page\" data-elementor-id=\"522\" class=\"elementor elementor-522\" data-elementor-post-type=\"page\">\n\t\t\t\t<div class=\"elementor-element elementor-element-29270d8 e-con-full e-flex e-con e-parent\" data-id=\"29270d8\" data-element_type=\"container\" data-e-type=\"container\">\n\t\t\t\t<div class=\"elementor-element elementor-element-381eb75 elementor-widget elementor-widget-pages_faq\" data-id=\"381eb75\" data-element_type=\"widget\" data-e-type=\"widget\" data-widget_type=\"pages_faq.default\">\n\t\t\t\t<div class=\"elementor-widget-container\">\n\t\t\t\t\t        <div class=\"faq-style-one-area chooseus-style-two-area default-padding\">\n            <div class=\"container\">\n                <div class=\"faq-style-two-items chooseus-style-two-items bg-cover\" style=\"background-image: url(https:\/\/europassitalia.com\/wp-content\/themes\/gixus\/assets\/img\/shape\/2.jpg);\">\n                    <div class=\"row\">\n                        <div class=\"col-xl-6 pr-50 pr-md-15 pr-xs-15\">\n                            <div class=\"fun-fact-style-info\">\n                                <h2 class=\"title split-text\">Foire aux questions<\/h2>\n                                <div class=\"fun-fact-card-two mt-40 wow fadeInUp\">\n                                    <h4 class=\"sub-title\">Pourquoi nous choisir<\/h4>\n                                    <div class=\"counter-title\">\n                                        <div class=\"counter\">\n                                                                                    <div class=\"timer\" data-to=\"31\" data-speed=\"2000\">31<\/div>\n                                                                                        <div class=\"operator\">K<\/div>\n                                        <\/div>\n                                    <\/div>\n                                    <span class=\"medium\">CLIENTS \u00c0 TRAVERS LE MONDE<\/span>\n                                <\/div>\n                            <\/div>\n                        <\/div>\n                        <div class=\"col-xl-6\">\n                            <div class=\"choose-us-style-two\">\n                                <div class=\"accordion\" id=\"faqAccordion\">\n                                                                            <div class=\"accordion-item accordion-style-one\">\n                                            <h2 class=\"accordion-header\" id=\"headingOne\">\n                                                <button class=\"accordion-button collapsed\" type=\"button\" data-bs-toggle=\"collapse\" data-bs-target=\"#collapse-2e46266\" aria-expanded=\"true\" aria-controls=\"collapse-2e46266\">\n                                                    Qu'est-ce que le CILS et qui le d\u00e9livre ?                                                <\/button>\n                                            <\/h2>\n                                            <div id=\"collapse-2e46266\" class=\"accordion-collapse collapse\" aria-labelledby=\"headingOne\" data-bs-parent=\"#faqAccordion\">\n                                                <div class=\"accordion-body\">\n                                                    <p>Le CILS est un certificat officiel de langue italienne d\u00e9livr\u00e9 par l'Universit\u00e9 pour \u00e9trangers de Sienne et align\u00e9 sur les niveaux A1 \u00e0 C2 du CECR.<\/p>\n                                                    <ul class=\"list-style-one\">\n                                                                                                                    <li><\/li>\n                                                                                                            <\/ul>\n                                                <\/div>\n                                            <\/div>\n                                        <\/div>\n                                                                            <div class=\"accordion-item accordion-style-one\">\n                                            <h2 class=\"accordion-header\" id=\"headingOne\">\n                                                <button class=\"accordion-button collapsed\" type=\"button\" data-bs-toggle=\"collapse\" data-bs-target=\"#collapse-9ec2958\" aria-expanded=\"true\" aria-controls=\"collapse-9ec2958\">\n                                                    Quel niveau est requis pour obtenir la citoyennet\u00e9 ou la r\u00e9sidence italienne ?                                                <\/button>\n                                            <\/h2>\n                                            <div id=\"collapse-9ec2958\" class=\"accordion-collapse collapse\" aria-labelledby=\"headingOne\" data-bs-parent=\"#faqAccordion\">\n                                                <div class=\"accordion-body\">\n                                                    <p>Le CILS B1 (CILS Due) est couramment utilis\u00e9 comme r\u00e9f\u00e9rence pour les exigences en mati\u00e8re de citoyennet\u00e9\/r\u00e9sidence ; les autres niveaux r\u00e9pondent \u00e0 des besoins professionnels ou li\u00e9s aux \u00e9tudes.<\/p>\n                                                    <ul class=\"list-style-one\">\n                                                                                                                    <li><\/li>\n                                                                                                            <\/ul>\n                                                <\/div>\n                                            <\/div>\n                                        <\/div>\n                                                                            <div class=\"accordion-item accordion-style-one\">\n                                            <h2 class=\"accordion-header\" id=\"headingOne\">\n                                                <button class=\"accordion-button collapsed\" type=\"button\" data-bs-toggle=\"collapse\" data-bs-target=\"#collapse-176a612\" aria-expanded=\"true\" aria-controls=\"collapse-176a612\">\n                                                    Comment l'examen est-il structur\u00e9 ?                                                <\/button>\n                                            <\/h2>\n                                            <div id=\"collapse-176a612\" class=\"accordion-collapse collapse\" aria-labelledby=\"headingOne\" data-bs-parent=\"#faqAccordion\">\n                                                <div class=\"accordion-body\">\n                                                    <p>L'examen \u00e9value les quatre comp\u00e9tences (\u00e9coute, lecture, \u00e9criture et expression orale) \u00e0 l'aide de t\u00e2ches et de crit\u00e8res de notation sp\u00e9cifiques \u00e0 chaque niveau.<\/p>\n                                                    <ul class=\"list-style-one\">\n                                                                                                                    <li><\/li>\n                                                                                                            <\/ul>\n                                                <\/div>\n                                            <\/div>\n                                        <\/div>\n                                                                            <div class=\"accordion-item accordion-style-one\">\n                                            <h2 class=\"accordion-header\" id=\"headingOne\">\n                                                <button class=\"accordion-button collapsed\" type=\"button\" data-bs-toggle=\"collapse\" data-bs-target=\"#collapse-1071290\" aria-expanded=\"true\" aria-controls=\"collapse-1071290\">\n                                                    Quels sont les types de tests IELTS ?                                                <\/button>\n                                            <\/h2>\n                                            <div id=\"collapse-1071290\" class=\"accordion-collapse collapse\" aria-labelledby=\"headingOne\" data-bs-parent=\"#faqAccordion\">\n                                                <div class=\"accordion-body\">\n                                                    <p>IELTS Academic (pour l'enseignement sup\u00e9rieur) et IELTS General Training (pour le travail et l'immigration) ; les deux utilisent le m\u00eame syst\u00e8me de notation par bandes.<\/p>\n                                                    <ul class=\"list-style-one\">\n                                                                                                            <\/ul>\n                                                <\/div>\n                                            <\/div>\n                                        <\/div>\n                                                                            <div class=\"accordion-item accordion-style-one\">\n                                            <h2 class=\"accordion-header\" id=\"headingOne\">\n                                                <button class=\"accordion-button collapsed\" type=\"button\" data-bs-toggle=\"collapse\" data-bs-target=\"#collapse-b60ad4c\" aria-expanded=\"true\" aria-controls=\"collapse-b60ad4c\">\n                                                    Comment l'IELTS est-il not\u00e9 et que signifie chaque bande ?                                                <\/button>\n                                            <\/h2>\n                                            <div id=\"collapse-b60ad4c\" class=\"accordion-collapse collapse\" aria-labelledby=\"headingOne\" data-bs-parent=\"#faqAccordion\">\n                                                <div class=\"accordion-body\">\n                                                    <p>Les notes vont de 1 \u00e0 9 ; chaque niveau comporte des descripteurs pour les comp\u00e9tences communicatives et la note globale correspond \u00e0 la moyenne des quatre notes obtenues dans les diff\u00e9rents modules.<\/p>\n                                                    <ul class=\"list-style-one\">\n                                                                                                            <\/ul>\n                                                <\/div>\n                                            <\/div>\n                                        <\/div>\n                                                                            <div class=\"accordion-item accordion-style-one\">\n                                            <h2 class=\"accordion-header\" id=\"headingOne\">\n                                                <button class=\"accordion-button collapsed\" type=\"button\" data-bs-toggle=\"collapse\" data-bs-target=\"#collapse-bc0dba0\" aria-expanded=\"true\" aria-controls=\"collapse-bc0dba0\">\n                                                    Quel est le format et le calendrier des \u00e9preuves ?                                                <\/button>\n                                            <\/h2>\n                                            <div id=\"collapse-bc0dba0\" class=\"accordion-collapse collapse\" aria-labelledby=\"headingOne\" data-bs-parent=\"#faqAccordion\">\n                                                <div class=\"accordion-body\">\n                                                    <p>Les tests comprennent l'\u00e9coute, la lecture, l'\u00e9criture (le m\u00eame jour) et l'expression orale (le m\u00eame jour ou dans les 7 jours) ; ils sont disponibles sur papier ou sur ordinateur, l'expression orale se d\u00e9roulant en direct.<\/p>\n                                                    <ul class=\"list-style-one\">\n                                                                                                            <\/ul>\n                                                <\/div>\n                                            <\/div>\n                                        <\/div>\n                                                                            <div class=\"accordion-item accordion-style-one\">\n                                            <h2 class=\"accordion-header\" id=\"headingOne\">\n                                                <button class=\"accordion-button collapsed\" type=\"button\" data-bs-toggle=\"collapse\" data-bs-target=\"#collapse-1cb66c8\" aria-expanded=\"true\" aria-controls=\"collapse-1cb66c8\">\n                                                    Combien de temps les r\u00e9sultats sont-ils valables ?                                                <\/button>\n                                            <\/h2>\n                                            <div id=\"collapse-1cb66c8\" class=\"accordion-collapse collapse\" aria-labelledby=\"headingOne\" data-bs-parent=\"#faqAccordion\">\n                                                <div class=\"accordion-body\">\n                                                    <p>Les r\u00e9sultats de l'IELTS sont g\u00e9n\u00e9ralement valables pendant deux ans ; v\u00e9rifiez aupr\u00e8s de l'\u00e9tablissement d'accueil les d\u00e9lais d'acceptation sp\u00e9cifiques.<\/p>\n                                                    <ul class=\"list-style-one\">\n                                                                                                            <\/ul>\n                                                <\/div>\n                                            <\/div>\n                                        <\/div>\n                                                                            <div class=\"accordion-item accordion-style-one\">\n                                            <h2 class=\"accordion-header\" id=\"headingOne\">\n                                                <button class=\"accordion-button collapsed\" type=\"button\" data-bs-toggle=\"collapse\" data-bs-target=\"#collapse-157fcba\" aria-expanded=\"true\" aria-controls=\"collapse-157fcba\">\n                                                    Qui d\u00e9livre les CELI et quels sont les niveaux disponibles ?                                                <\/button>\n                                            <\/h2>\n                                            <div id=\"collapse-157fcba\" class=\"accordion-collapse collapse\" aria-labelledby=\"headingOne\" data-bs-parent=\"#faqAccordion\">\n                                                <div class=\"accordion-body\">\n                                                    <p>Les certificats CELI sont d\u00e9livr\u00e9s par l'Universit\u00e9 pour \u00e9trangers de P\u00e9rouse et couvrent les niveaux A1 \u00e0 C2 du CECR.<\/p>\n                                                    <ul class=\"list-style-one\">\n                                                                                                            <\/ul>\n                                                <\/div>\n                                            <\/div>\n                                        <\/div>\n                                                                            <div class=\"accordion-item accordion-style-one\">\n                                            <h2 class=\"accordion-header\" id=\"headingOne\">\n                                                <button class=\"accordion-button collapsed\" type=\"button\" data-bs-toggle=\"collapse\" data-bs-target=\"#collapse-bc39473\" aria-expanded=\"true\" aria-controls=\"collapse-bc39473\">\n                                                    Quelles sont les utilisations courantes du CELI ?                                                <\/button>\n                                            <\/h2>\n                                            <div id=\"collapse-bc39473\" class=\"accordion-collapse collapse\" aria-labelledby=\"headingOne\" data-bs-parent=\"#faqAccordion\">\n                                                <div class=\"accordion-body\">\n                                                    <p>Le CELI est utilis\u00e9 pour l'admission \u00e0 l'universit\u00e9, l'emploi et les proc\u00e9dures administratives ; certaines proc\u00e9dures de r\u00e9sidence font r\u00e9f\u00e9rence \u00e0 des niveaux CELI sp\u00e9cifiques.\n\n<\/p>\n                                                    <ul class=\"list-style-one\">\n                                                                                                            <\/ul>\n                                                <\/div>\n                                            <\/div>\n                                        <\/div>\n                                                                            <div class=\"accordion-item accordion-style-one\">\n                                            <h2 class=\"accordion-header\" id=\"headingOne\">\n                                                <button class=\"accordion-button collapsed\" type=\"button\" data-bs-toggle=\"collapse\" data-bs-target=\"#collapse-7235552\" aria-expanded=\"true\" aria-controls=\"collapse-7235552\">\n                                                    Comment dois-je me pr\u00e9parer et m'inscrire ?                                                <\/button>\n                                            <\/h2>\n                                            <div id=\"collapse-7235552\" class=\"accordion-collapse collapse\" aria-labelledby=\"headingOne\" data-bs-parent=\"#faqAccordion\">\n                                                <div class=\"accordion-body\">\n                                                    <p>Pr\u00e9parez-vous \u00e0 l'aide d'\u00e9chantillons de tests officiels et de cours dispens\u00e9s dans les centres locaux. Les inscriptions, les dates et les frais varient selon les centres d'examen. V\u00e9rifiez toujours aupr\u00e8s du centre CELI local pour obtenir les informations les plus r\u00e9centes.<\/p>\n                                                    <ul class=\"list-style-one\">\n                                                                                                            <\/ul>\n                                                <\/div>\n                                            <\/div>\n                                        <\/div>\n                                                                    <\/div>\n                            <\/div>\n                        <\/div>\n                    <\/div>\n                <\/div>\n            <\/div>\n        <\/div>\n        \t\t\t\t<\/div>\n\t\t\t\t<\/div>\n\t\t\t\t<\/div>\n\t\t\t\t<\/div>\n\t\t<\/body>","protected":false},"excerpt":{"rendered":"<p>FAQs Why Choose Us 31 K CLIENTS AROUND THE WORLD What is CILS and who issues it? CILS is an official Italian language certification issued by the University for Foreigners of Siena and aligned to CEFR levels A1\u2013C2. Which level is needed for Italian citizenship or residency? CILS B1 (CILS Due) is commonly referenced for [&hellip;]<\/p>\n","protected":false},"author":1,"featured_media":0,"parent":0,"menu_order":0,"comment_status":"closed","ping_status":"closed","template":"page-templates\/home.php","meta":{"om_disable_all_campaigns":false,"_monsterinsights_skip_tracking":false,"_monsterinsights_sitenote_active":false,"_monsterinsights_sitenote_note":"","_monsterinsights_sitenote_category":0,"_joinchat":[],"footnotes":""},"class_list":["post-522","page","type-page","status-publish","hentry"],"aioseo_notices":[],"_links":{"self":[{"href":"https:\/\/europassitalia.com\/fr\/wp-json\/wp\/v2\/pages\/522","targetHints":{"allow":["GET"]}}],"collection":[{"href":"https:\/\/europassitalia.com\/fr\/wp-json\/wp\/v2\/pages"}],"about":[{"href":"https:\/\/europassitalia.com\/fr\/wp-json\/wp\/v2\/types\/page"}],"author":[{"embeddable":true,"href":"https:\/\/europassitalia.com\/fr\/wp-json\/wp\/v2\/users\/1"}],"replies":[{"embeddable":true,"href":"https:\/\/europassitalia.com\/fr\/wp-json\/wp\/v2\/comments?post=522"}],"version-history":[{"count":3,"href":"https:\/\/europassitalia.com\/fr\/wp-json\/wp\/v2\/pages\/522\/revisions"}],"predecessor-version":[{"id":1819,"href":"https:\/\/europassitalia.com\/fr\/wp-json\/wp\/v2\/pages\/522\/revisions\/1819"}],"wp:attachment":[{"href":"https:\/\/europassitalia.com\/fr\/wp-json\/wp\/v2\/media?parent=522"}],"curies":[{"name":"wp","href":"https:\/\/api.w.org\/{rel}","templated":true}]}}