{"id":795,"date":"2024-10-16T13:02:11","date_gmt":"2024-10-16T13:02:11","guid":{"rendered":"https:\/\/wpriverthemes.com\/gixus\/?page_id=795"},"modified":"2026-01-15T14:25:05","modified_gmt":"2026-01-15T14:25:05","slug":"celi-italian-certificate","status":"publish","type":"page","link":"https:\/\/europassitalia.com\/fr\/celi-italian-certificate\/","title":{"rendered":"Certificat CELI d'italien"},"content":{"rendered":"<body>\t\t<div data-elementor-type=\"wp-page\" data-elementor-id=\"795\" class=\"elementor elementor-795\" data-elementor-post-type=\"page\">\n\t\t\t\t<div class=\"elementor-element elementor-element-d65a247 e-con-full e-flex e-con e-parent\" data-id=\"d65a247\" data-element_type=\"container\" data-e-type=\"container\">\n\t\t\t\t<div class=\"elementor-element elementor-element-5189d9c elementor-widget elementor-widget-service_details_widget\" data-id=\"5189d9c\" data-element_type=\"widget\" data-e-type=\"widget\" data-widget_type=\"service_details_widget.default\">\n\t\t\t\t<div class=\"elementor-widget-container\">\n\t\t\t\t\t        <div class=\"services-details-area default-padding\">\n            <div class=\"container\">\n                <div class=\"row\">\n                    <div class=\"col-lg-10 offset-lg-1\">\n                        <div class=\"site-heading text-center\">\n                            <h4 class=\"sub-title\">D\u00e9tails du service<\/h4>\n                            <h2 class=\"title\">Certificat CELI d'italien<\/h2>\n                        <\/div>\n                    <\/div>\n                <\/div>\n                <div class=\"services-details-items\">\n                    <div class=\"row\">\n                        <div class=\"col-xl-12 services-single-content\">\n                            <div class=\"thumb mb-50\">\n                                <img decoding=\"async\" src=\"https:\/\/wpriverthemes.com\/gixus\/wp-content\/uploads\/2024\/10\/4-3.jpg\" alt=\"Thumb\" loading=\"lazy\">\n                            <\/div>\n                            <p><\/p><p>Le CELI (Certificato di Conoscenza della Lingua Italiana) est un certificat officiel de langue italienne d\u00e9livr\u00e9 par l'Universit\u00e9 pour \u00e9trangers de P\u00e9rouse et align\u00e9 sur les niveaux A1 \u00e0 C2 du CECR.<\/p><p>\u2014 id\u00e9al pour le travail, les \u00e9tudes et les t\u00e2ches administratives.<\/p><h2>Pourquoi le CELI est-il important ?<\/h2><ul><li><strong>\u00c9metteur officiel :<\/strong> Le CELI est d\u00e9livr\u00e9 par l'Universit\u00e9 pour \u00e9trangers de P\u00e9rouse, une autorit\u00e9 reconnue dans le domaine de la certification de la langue italienne.<\/li><li><strong>Couverture du CECR :<\/strong> <strong>CELI couvre les niveaux A1, A2, B1, B2, C1 et C2.<\/strong>, afin que les candidats puissent choisir le niveau qui correspond \u00e0 leurs objectifs.<\/li><li><strong>Utilisations pratiques :<\/strong> <strong>CELI A2 et B1<\/strong> sont couramment utilis\u00e9s pour les permis de s\u00e9jour et les proc\u00e9dures d'obtention de la citoyennet\u00e9 dans certains programmes ; les centres locaux publient les r\u00e8gles, les dates et les frais exacts.<\/li><\/ul><p>\u00a0<\/p><ul><li><strong>Nom de la certification :<\/strong>\u00a0Certificat CELI de langue italienne<\/li><li><strong>Organisateur :<\/strong> Universit\u00e9 pour \u00e9trangers de P\u00e9rouse<\/li><li><strong>Dates : <\/strong>3 sessions principales par an (printemps, \u00e9t\u00e9 et automne)<\/li><li><strong>Niveaux :<\/strong> CELI IMPATTO \u2013 A1, CELI 1 \u2013 A2, CELI \u2013 B1, CELI 3 \u2013 B2, CELI 4 \u2013 C1, CELI 5 \u2013 C2<\/li><li><strong>Centres :<\/strong> Disponible dans de nombreux centres \u00e0 travers le monde (y compris notre centre)<\/li><li><strong>Temps de correction :<\/strong> Jusqu'\u00e0 12 semaines. La livraison du certificat peut prendre jusqu'\u00e0 4 mois suppl\u00e9mentaires.<\/li><li><strong>Remarques : <\/strong>Outre les certifications CELI traditionnelles, il existe \u00e9galement les certifications CELI Immigrati (immigr\u00e9s) et CELI Adolescenti (adolescents). Le CELI Immigrati est destin\u00e9 aux citoyens \u00e9trangers qui ont immigr\u00e9 en Italie, et il est \u00e9galement accessible aux \u00e9tudiants ayant un niveau d'\u00e9ducation tr\u00e8s faible. Le CELI Adolescenti s'adresse aux enfants \u00e2g\u00e9s de 13 \u00e0 17 ans. Les diff\u00e9rences entre ces deux types de certifications r\u00e9sident dans les genres textuels et les t\u00e2ches distincts, sans changement au sein de l'examen.<\/li><\/ul>\n                            <div class=\"process-style-one-items mt-50\">\n                                <div class=\"choose-us-one-thumb\">\n                                    <div class=\"content\">\n                                                                                <div class=\"left-info\">\n                                            <h2 class=\"title\">Comment obtenir le certificat CELI<\/h2>\n                                        <\/div>\n                                                                                <div class=\"process-style-one\">\n                                                                                            <div class=\"process-style-one-item wow fadeInRight\" data-wow-delay=\"0ms\">\n                                                    <span>1<\/span>\n                                                    <h4>Contactez-nous via WhatsApp ou le formulaire de contact<\/h4>\n                                                    <p><\/p>\n                                                <\/div>\n                                                                                            <div class=\"process-style-one-item wow fadeInRight\" data-wow-delay=\"200ms\">\n                                                    <span>2<\/span>\n                                                    <h4>Effectuez le paiement n\u00e9cessaire.<\/h4>\n                                                    <p><\/p>\n                                                <\/div>\n                                                                                            <div class=\"process-style-one-item wow fadeInRight\" data-wow-delay=\"400ms\">\n                                                    <span>3<\/span>\n                                                    <h4>Attendez que votre certificat soit \u00e9mis.<\/h4>\n                                                    <p><\/p>\n                                                <\/div>\n                                                                                    <\/div>\n                                    <\/div>\n                                <\/div>\n                            <\/div>\n                        <\/div>\n                    <\/div>\n                <\/div>\n            <\/div>\n        <\/div>\n        \t\t\t\t<\/div>\n\t\t\t\t<\/div>\n\t\t\t\t<\/div>\n\t\t\t\t<\/div>\n\t\t<\/body>","protected":false},"excerpt":{"rendered":"<p>Service Details CELI Italian Certificate The CELI (Certificato di Conoscenza della Lingua Italiana) is an official Italian language certificate issued by the University for Foreigners of Perugia and aligned to the CEFR levels A1\u2013C2 \u2014 ideal for work, study, and administrative purposes. Why CELI matters Official issuer: CELI is issued by the University for Foreigners [&hellip;]<\/p>\n","protected":false},"author":1,"featured_media":0,"parent":0,"menu_order":0,"comment_status":"closed","ping_status":"closed","template":"page-templates\/home.php","meta":{"om_disable_all_campaigns":false,"_monsterinsights_skip_tracking":false,"_monsterinsights_sitenote_active":false,"_monsterinsights_sitenote_note":"","_monsterinsights_sitenote_category":0,"_joinchat":[],"footnotes":""},"class_list":["post-795","page","type-page","status-publish","hentry"],"aioseo_notices":[],"_links":{"self":[{"href":"https:\/\/europassitalia.com\/fr\/wp-json\/wp\/v2\/pages\/795","targetHints":{"allow":["GET"]}}],"collection":[{"href":"https:\/\/europassitalia.com\/fr\/wp-json\/wp\/v2\/pages"}],"about":[{"href":"https:\/\/europassitalia.com\/fr\/wp-json\/wp\/v2\/types\/page"}],"author":[{"embeddable":true,"href":"https:\/\/europassitalia.com\/fr\/wp-json\/wp\/v2\/users\/1"}],"replies":[{"embeddable":true,"href":"https:\/\/europassitalia.com\/fr\/wp-json\/wp\/v2\/comments?post=795"}],"version-history":[{"count":5,"href":"https:\/\/europassitalia.com\/fr\/wp-json\/wp\/v2\/pages\/795\/revisions"}],"predecessor-version":[{"id":1804,"href":"https:\/\/europassitalia.com\/fr\/wp-json\/wp\/v2\/pages\/795\/revisions\/1804"}],"wp:attachment":[{"href":"https:\/\/europassitalia.com\/fr\/wp-json\/wp\/v2\/media?parent=795"}],"curies":[{"name":"wp","href":"https:\/\/api.w.org\/{rel}","templated":true}]}}