{"id":1809,"date":"2026-01-15T15:01:26","date_gmt":"2026-01-15T15:01:26","guid":{"rendered":"https:\/\/europassitalia.com\/?page_id=1809"},"modified":"2026-01-17T07:16:25","modified_gmt":"2026-01-17T07:16:25","slug":"ielts-test","status":"publish","type":"page","link":"https:\/\/europassitalia.com\/ga\/ielts-test\/","title":{"rendered":"T\u00e1st\u00e1il IELTS"},"content":{"rendered":"<body>\t\t<div data-elementor-type=\"wp-page\" data-elementor-id=\"1809\" class=\"elementor elementor-1809\" data-elementor-post-type=\"page\">\n\t\t\t\t<div class=\"elementor-element elementor-element-d65a247 e-con-full e-flex e-con e-parent\" data-id=\"d65a247\" data-element_type=\"container\" data-e-type=\"container\">\n\t\t\t\t<div class=\"elementor-element elementor-element-5189d9c elementor-widget elementor-widget-service_details_widget\" data-id=\"5189d9c\" data-element_type=\"widget\" data-e-type=\"widget\" data-widget_type=\"service_details_widget.default\">\n\t\t\t\t<div class=\"elementor-widget-container\">\n\t\t\t\t\t        <div class=\"services-details-area default-padding\">\n            <div class=\"container\">\n                <div class=\"row\">\n                    <div class=\"col-lg-10 offset-lg-1\">\n                        <div class=\"site-heading text-center\">\n                            <h4 class=\"sub-title\">Sonra\u00ed na Seirbh\u00edse<\/h4>\n                            <h2 class=\"title\">T\u00e1st\u00e1il IELTS<\/h2>\n                        <\/div>\n                    <\/div>\n                <\/div>\n                <div class=\"services-details-items\">\n                    <div class=\"row\">\n                        <div class=\"col-xl-12 services-single-content\">\n                            <div class=\"thumb mb-50\">\n                                <img decoding=\"async\" src=\"https:\/\/europassitalia.com\/wp-content\/uploads\/2021\/01\/v1.jpg\" alt=\"Thumb\" loading=\"lazy\">\n                            <\/div>\n                            <p><!--StartFragment --><\/p><p>Is t\u00e1st\u00e1il B\u00e9arla \u00ed IELTS (C\u00f3ras T\u00e1st\u00e1la Idirn\u00e1isi\u00fanta don Bh\u00e9arla) a bhfuil aitheantas domhanda aici agus a \u00fas\u00e1idtear le haghaidh staid\u00e9ir, oibre agus imirce; glacann na m\u00edlte eagra\u00edocht ar fud an domhain l\u00e9i agus cuirtear ar f\u00e1il \u00ed i bhform\u00e1id\u00ed \u00e9ags\u00fala, lena n-\u00e1ir\u00edtear p\u00e1ip\u00e9ar, r\u00edomhaire agus ar l\u00edne.<\/p><p>.<\/p><h2>C\u00e9n f\u00e1th a bhfuil t\u00e1bhacht le IELTS<\/h2><ul><li><strong>Aitheantas domhanda:<\/strong> Glactha ag <strong>os cionn 12,500 eagra\u00edocht i mbreis agus 140 t\u00edr<\/strong>, lena n-\u00e1ir\u00edtear ollscoileanna, fost\u00f3ir\u00ed, agus \u00fadar\u00e1is inimirce.<\/li><li><strong>\u00dain\u00e9ireacht oifigi\u00fail:<\/strong> T\u00e1 IELTS \u00e1 bhainisti\u00fa i gcomhph\u00e1irt ag an gComhairle Bhriotanach, IDP, agus Cambridge Assessment English.<\/li><li><strong>Sc\u00f3r\u00e1il:<\/strong> <strong>T\u00e9ann sc\u00f3ir an bhanna \u00f3 1 go 9.<\/strong>, le tuairisc\u00ed soil\u00e9ire do gach leibh\u00e9al chun cabhr\u00fa le h\u00fas\u00e1ideoir\u00ed sc\u00f3ir spriocdh\u00edrithe a roghn\u00fa.<\/li><\/ul><h2>Cine\u00e1lacha t\u00e1st\u00e1la<\/h2><ul><li><strong>IELTS Acad\u00fail<\/strong> \u2014 don ollscoil agus don ardoideachas.<\/li><li><strong>IELTS Traen\u00e1il Ghinear\u00e1lta<\/strong> \u2014 don obair agus don imirce.<\/li><li><strong>IELTS Ar L\u00edne \/ R\u00edomhdhebasedh<\/strong> \u2014 nuair at\u00e1 s\u00e9 ar f\u00e1il; deimhnigh glacadh \u00e1iti\u00fail le hinstiti\u00faid\u00ed.<\/li><\/ul><p><!--StartFragment --><\/p><h2>Ullmh\u00fach\u00e1n<\/h2><ul><li><strong>T\u00e1st\u00e1lacha samplacha saor in aisce<\/strong> agus \u00e1bhair oifigi\u00fala chleachtaidh.<\/li><li><strong>Pleananna staid\u00e9ir<\/strong>: Pleananna 8\u201312 seachtaine le haghaidh feabhas +1.0 sa bhanda; scileanna spriocdh\u00edrithe in aghaidh an mhod\u00fail.<\/li><li><strong>C\u00farsa\u00ed \u00edoctha<\/strong>: roghanna dianch\u00farsa vs. p\u00e1irtaimseartha; br\u00e9agscr\u00faduithe agus clinic\u00ed cainte.<\/li><\/ul><h2>Cl\u00e1r\u00fa &amp; l\u00f3ist\u00edocht<\/h2><ul><li><strong>Conas \u00e1irithint a dh\u00e9anamh<\/strong>, ceanglais aitheantais, rialacha lae na t\u00e1st\u00e1la, agus aml\u00ednte tortha\u00ed. Nasc chuig ionaid t\u00e1st\u00e1la \u00e1iti\u00fala agus leathanaigh \u00e1irithinte.<\/li><\/ul><h2>Ceisteanna Coitianta<\/h2><ul><li><em>C\u00e9n t\u00e1st\u00e1il le haghaidh iontr\u00e1la san ollscoil?<\/em> \u2014 <strong>Acmharcach<\/strong>.<\/li><li><em>C\u00e1 fhad a bh\u00edonn tortha\u00ed bail\u00ed?<\/em> \u2014 <strong>Dh\u00e1 bhliain<\/strong> (Cuir \u00e9 seo in i\u00fal go soil\u00e9ir agus f\u00edoraigh go h\u00e1iti\u00fail).<\/li><\/ul><p><!--EndFragment --><\/p><p>\u00a0<\/p><!--EndFragment -->\n                            <div class=\"process-style-one-items mt-50\">\n                                <div class=\"choose-us-one-thumb\">\n                                    <div class=\"content\">\n                                                                                <div class=\"left-info\">\n                                            <h2 class=\"title\">Conas Teastas IELTS a Fh\u00e1il<\/h2>\n                                        <\/div>\n                                                                                <div class=\"process-style-one\">\n                                                                                            <div class=\"process-style-one-item wow fadeInRight\" data-wow-delay=\"0ms\">\n                                                    <span>1<\/span>\n                                                    <h4>D\u00e9an teagmh\u00e1il linn tr\u00ed WhatsApp n\u00f3 an Fhoirm Teagmh\u00e1la.<\/h4>\n                                                    <p><\/p>\n                                                <\/div>\n                                                                                            <div class=\"process-style-one-item wow fadeInRight\" data-wow-delay=\"200ms\">\n                                                    <span>2<\/span>\n                                                    <h4>D\u00e9an an \u00edoca\u00edocht riachtanach<\/h4>\n                                                    <p><\/p>\n                                                <\/div>\n                                                                                            <div class=\"process-style-one-item wow fadeInRight\" data-wow-delay=\"400ms\">\n                                                    <span>3<\/span>\n                                                    <h4>Fan go n-eiseofar do theastas<\/h4>\n                                                    <p><\/p>\n                                                <\/div>\n                                                                                    <\/div>\n                                    <\/div>\n                                <\/div>\n                            <\/div>\n                        <\/div>\n                    <\/div>\n                <\/div>\n            <\/div>\n        <\/div>\n        \t\t\t\t<\/div>\n\t\t\t\t<\/div>\n\t\t\t\t<\/div>\n\t\t\t\t<\/div>\n\t\t<\/body>","protected":false},"excerpt":{"rendered":"<p>Service Details IELTS Test IELTS (International English Language Testing System) is a globally recognized English test used for study, work, and migration; it\u2019s accepted by thousands of organisations worldwide and offered in multiple formats including paper, computer, and online . Why IELTS matters Global recognition: Accepted by over 12,500 organisations in 140+ countries, including universities, [&hellip;]<\/p>\n","protected":false},"author":1,"featured_media":0,"parent":0,"menu_order":0,"comment_status":"closed","ping_status":"closed","template":"page-templates\/home.php","meta":{"om_disable_all_campaigns":false,"_monsterinsights_skip_tracking":false,"_monsterinsights_sitenote_active":false,"_monsterinsights_sitenote_note":"","_monsterinsights_sitenote_category":0,"_joinchat":[],"footnotes":""},"class_list":["post-1809","page","type-page","status-publish","hentry"],"aioseo_notices":[],"_links":{"self":[{"href":"https:\/\/europassitalia.com\/ga\/wp-json\/wp\/v2\/pages\/1809","targetHints":{"allow":["GET"]}}],"collection":[{"href":"https:\/\/europassitalia.com\/ga\/wp-json\/wp\/v2\/pages"}],"about":[{"href":"https:\/\/europassitalia.com\/ga\/wp-json\/wp\/v2\/types\/page"}],"author":[{"embeddable":true,"href":"https:\/\/europassitalia.com\/ga\/wp-json\/wp\/v2\/users\/1"}],"replies":[{"embeddable":true,"href":"https:\/\/europassitalia.com\/ga\/wp-json\/wp\/v2\/comments?post=1809"}],"version-history":[{"count":4,"href":"https:\/\/europassitalia.com\/ga\/wp-json\/wp\/v2\/pages\/1809\/revisions"}],"predecessor-version":[{"id":1815,"href":"https:\/\/europassitalia.com\/ga\/wp-json\/wp\/v2\/pages\/1809\/revisions\/1815"}],"wp:attachment":[{"href":"https:\/\/europassitalia.com\/ga\/wp-json\/wp\/v2\/media?parent=1809"}],"curies":[{"name":"wp","href":"https:\/\/api.w.org\/{rel}","templated":true}]}}