{"id":205,"date":"2024-10-14T15:14:58","date_gmt":"2024-10-14T15:14:58","guid":{"rendered":"https:\/\/wpriverthemes.com\/gixus\/?page_id=205"},"modified":"2026-01-15T14:13:19","modified_gmt":"2026-01-15T14:13:19","slug":"cils-italian-certificate","status":"publish","type":"page","link":"https:\/\/europassitalia.com\/ga\/cils-italian-certificate\/","title":{"rendered":"Teastas Iod\u00e1lach CILS"},"content":{"rendered":"<body>\t\t<div data-elementor-type=\"wp-page\" data-elementor-id=\"205\" class=\"elementor elementor-205\" data-elementor-post-type=\"page\">\n\t\t\t\t<div class=\"elementor-element elementor-element-d65a247 e-con-full e-flex e-con e-parent\" data-id=\"d65a247\" data-element_type=\"container\" data-e-type=\"container\">\n\t\t\t\t<div class=\"elementor-element elementor-element-5189d9c elementor-widget elementor-widget-service_details_widget\" data-id=\"5189d9c\" data-element_type=\"widget\" data-e-type=\"widget\" data-widget_type=\"service_details_widget.default\">\n\t\t\t\t<div class=\"elementor-widget-container\">\n\t\t\t\t\t        <div class=\"services-details-area default-padding\">\n            <div class=\"container\">\n                <div class=\"row\">\n                    <div class=\"col-lg-10 offset-lg-1\">\n                        <div class=\"site-heading text-center\">\n                            <h4 class=\"sub-title\">Sonra\u00ed na Seirbh\u00edse<\/h4>\n                            <h2 class=\"title\">Teastas Iod\u00e1lach CILS<\/h2>\n                        <\/div>\n                    <\/div>\n                <\/div>\n                <div class=\"services-details-items\">\n                    <div class=\"row\">\n                        <div class=\"col-xl-12 services-single-content\">\n                            <div class=\"thumb mb-50\">\n                                <img decoding=\"async\" src=\"https:\/\/europassitalia.com\/wp-content\/themes\/gixus\/assets\/img\/banner\/21.jpg\" alt=\"Thumb\" loading=\"lazy\">\n                            <\/div>\n                            <p><\/p><p>Is teastas oifigi\u00fail don Iod\u00e1ilis \u00e9 an CILS (Certificazione di Italiano come Lingua Straniera) at\u00e1 ail\u00ednithe leis an gCEFR agus a bhail\u00edochta\u00edonn do scileanna Iod\u00e1ilise le haghaidh staid\u00e9ir, oibre agus c\u00f3naithe.<\/p><p>Cuirtear an CILS ar f\u00e1il ag <strong>s\u00e9 leibh\u00e9al \u00f3 A1 go C2<\/strong> agus a aithn\u00edonn institi\u00faid\u00ed agus ionaid chult\u00fartha na hIod\u00e1ile.<\/p><h2>C\u00e9n f\u00e1th CILS a roghn\u00fa?<\/h2><ul><li><strong>Aitheantas oifigi\u00fail:<\/strong> Is \u00e9 Ollscoil na nEachtrannach i Siena a d'fhorbair CILS agus t\u00e1 s\u00e9 aitheanta ag \u00fadar\u00e1is na hIod\u00e1ile.<\/li><li><strong>Alini\u00fa CEFR:<\/strong> Baineann na scr\u00faduithe go d\u00edreach le <strong>A1, A2, B1, B2, C1, C2<\/strong>, ag d\u00e9anamh tortha\u00ed iniompartha ar fud na hEorpa.<\/li><li><strong>C\u00e1sanna \u00fas\u00e1ide:<\/strong> \u00das\u00e1ideach le haghaidh iontr\u00e1la chuig an ollscoil, teastais ghairmi\u00fala, agus iarratais ar ch\u00f3naitheacht fhadt\u00e9armach.<\/li><\/ul><p>\u00a0<\/p><ul><li><strong>Ainm na deimhnithe:<\/strong> Teastas Iod\u00e1lach CILS mar Theanga Iasachta<\/li><li><strong>Eagra\u00ed:<\/strong> Ollscoil Sheanach na nEachtrannach<\/li><li><strong>D\u00e1ta\u00ed: <\/strong>2 phr\u00edomhsheisi\u00fan sa bhliain (Meitheamh agus Nollaig), le seisi\u00fain bhreise do roinnt leibh\u00e9al.<\/li><li><strong>Leibh\u00e9il:<\/strong> CILS A1 (A1), CILS A2 (A2), CILS UNO (B1), CILS UNO \u2013 B1 ADOLESCENTI, CILS UNO \u2013 B1 CITTADINANZA, CILS DUE (B2), CILS TRE (C1), CILS QUATTRO (C2)<\/li><li><strong>Ionaid:<\/strong> Os cionn 800 ionad ar fud an domhain, \u00e1r n-ionad san \u00e1ireamh.<\/li><li><strong>Am ceart\u00fach\u00e1in:<\/strong> Suas le 12 sheachtain<\/li><li><strong>N\u00f3ta\u00ed:<\/strong> D\u00e9antar gach cuid den scr\u00fad\u00fa a mheas go neamhsple\u00e1ch, mar sin caithfidh t\u00fa an gr\u00e1d riachtanach a bheith faighte agat i ngach cuid chun an scr\u00fad\u00fa a dh\u00e9anamh amach. Mura bhfuil s\u00e9 seo amhlaidh, is f\u00e9idir na codanna riachtanacha a athdh\u00e9anamh.<\/li><\/ul><p>Cruthaithe ag Ollscoil Siena, is \u00e9 an deimhni\u00fa CILS an deimhni\u00fa tagartha do dhalta\u00ed teanga na hIod\u00e1ilise: roghna\u00edonn n\u00edos m\u00f3 n\u00e1 leath de na dalta\u00ed a dh\u00e9anann scr\u00fad\u00fa oifigi\u00fail Iod\u00e1ilis an scr\u00fad\u00fa CILS.<\/p><p>Is \u00e9 deimhni\u00fa CILS an ch\u00e9ad deimhni\u00fa don Iod\u00e1ilis a chuir s\u00e9 leibh\u00e9al de chumas teanga-chumars\u00e1ideach \u00f3 Chreat Coiteann Tagartha na hEorpa i bhfeidhm, agus a thairg deimhnithe sonracha d'oibrithe eachtracha san Iod\u00e1il.<\/p><p>Tr\u00edd an scr\u00fad\u00fa, d\u00e9antar meas\u00fan\u00fa ar na inni\u00falachta\u00ed teangeola\u00edocha-cumars\u00e1ideacha agus ar na ceithre bhunscil, agus d\u00e1 bhr\u00ed sin, t\u00e1 an scr\u00fad\u00fa roinnte ina cheithre chuid (inni\u00falacht \u00f3 bh\u00e9al, inni\u00falacht scr\u00edofa, inni\u00falacht mh\u00f3rfaisin-sint\u00e9iseach agus inni\u00falacht lexic, tuiscint ar th\u00e9acsanna scr\u00edofa, agus tuiscint ar th\u00e9acsanna \u00f3 bh\u00e9al). B\u00edonn an scr\u00fad\u00fa comhdh\u00e9anta de cheisteanna d\u00fanta (ceisteanna ilroghnacha) agus de cheisteanna leathstrucht\u00fartha (ath-oibri\u00fa t\u00e9acsanna ag tos\u00fa \u00f3 eilimint\u00ed sonra\u00ed) agus de cheisteanna oscailte (forbairt shaor ar \u00e1bhar).<\/p><p>Aithn\u00edtear deimhnithe CILS sa l\u00e1thair oibre, san oideachas, agus in ollscoileanna. Aithn\u00edonn Aireacht Gn\u00f3tha\u00ed Eachtracha mod\u00fal deimhnithe CILS A2 mar theastas bail\u00ed inni\u00falachta sa bhun-teanga Eadailte chun Cead C\u00f3naithe an AE a fh\u00e1il do ch\u00f3naitheoir\u00ed fadtr\u00e9imhseacha.<\/p>\n                            <div class=\"process-style-one-items mt-50\">\n                                <div class=\"choose-us-one-thumb\">\n                                    <div class=\"content\">\n                                                                                <div class=\"left-info\">\n                                            <h2 class=\"title\">Conas do Theastas CILS a fh\u00e1il<\/h2>\n                                        <\/div>\n                                                                                <div class=\"process-style-one\">\n                                                                                            <div class=\"process-style-one-item wow fadeInRight\" data-wow-delay=\"0ms\">\n                                                    <span>1<\/span>\n                                                    <h4>D\u00e9an teagmh\u00e1il linn tr\u00edd an bhfoirm teagmh\u00e1la n\u00f3 ar WhatsApp<\/h4>\n                                                    <p><\/p>\n                                                <\/div>\n                                                                                            <div class=\"process-style-one-item wow fadeInRight\" data-wow-delay=\"200ms\">\n                                                    <span>2<\/span>\n                                                    <h4>D\u00e9an do \u00edoca\u00edocht riachtanach<\/h4>\n                                                    <p><\/p>\n                                                <\/div>\n                                                                                            <div class=\"process-style-one-item wow fadeInRight\" data-wow-delay=\"400ms\">\n                                                    <span>3<\/span>\n                                                    <h4>Fan go n-eiseofar do theastas<\/h4>\n                                                    <p><\/p>\n                                                <\/div>\n                                                                                    <\/div>\n                                    <\/div>\n                                <\/div>\n                            <\/div>\n                        <\/div>\n                    <\/div>\n                <\/div>\n            <\/div>\n        <\/div>\n        \t\t\t\t<\/div>\n\t\t\t\t<\/div>\n\t\t\t\t<\/div>\n\t\t\t\t<\/div>\n\t\t<\/body>","protected":false},"excerpt":{"rendered":"<p>Service Details CILS Italian Certificate The CILS (Certificazione di Italiano come Lingua Straniera) is an official Italian language certificate aligned to the CEFR that validates your Italian skills for study, work, and residency. The CILS is offered at six levels from A1 to C2 and is recognized by Italian institutions and cultural centres. Why choose [&hellip;]<\/p>\n","protected":false},"author":1,"featured_media":0,"parent":0,"menu_order":0,"comment_status":"closed","ping_status":"closed","template":"elementor_header_footer","meta":{"om_disable_all_campaigns":false,"_monsterinsights_skip_tracking":false,"_monsterinsights_sitenote_active":false,"_monsterinsights_sitenote_note":"","_monsterinsights_sitenote_category":0,"_joinchat":[],"footnotes":""},"class_list":["post-205","page","type-page","status-publish","hentry"],"aioseo_notices":[],"_links":{"self":[{"href":"https:\/\/europassitalia.com\/ga\/wp-json\/wp\/v2\/pages\/205","targetHints":{"allow":["GET"]}}],"collection":[{"href":"https:\/\/europassitalia.com\/ga\/wp-json\/wp\/v2\/pages"}],"about":[{"href":"https:\/\/europassitalia.com\/ga\/wp-json\/wp\/v2\/types\/page"}],"author":[{"embeddable":true,"href":"https:\/\/europassitalia.com\/ga\/wp-json\/wp\/v2\/users\/1"}],"replies":[{"embeddable":true,"href":"https:\/\/europassitalia.com\/ga\/wp-json\/wp\/v2\/comments?post=205"}],"version-history":[{"count":5,"href":"https:\/\/europassitalia.com\/ga\/wp-json\/wp\/v2\/pages\/205\/revisions"}],"predecessor-version":[{"id":1800,"href":"https:\/\/europassitalia.com\/ga\/wp-json\/wp\/v2\/pages\/205\/revisions\/1800"}],"wp:attachment":[{"href":"https:\/\/europassitalia.com\/ga\/wp-json\/wp\/v2\/media?parent=205"}],"curies":[{"name":"wp","href":"https:\/\/api.w.org\/{rel}","templated":true}]}}