{"id":522,"date":"2024-10-16T08:16:12","date_gmt":"2024-10-16T08:16:12","guid":{"rendered":"https:\/\/wpriverthemes.com\/gixus\/?page_id=522"},"modified":"2026-01-17T07:40:41","modified_gmt":"2026-01-17T07:40:41","slug":"faq","status":"publish","type":"page","link":"https:\/\/europassitalia.com\/ga\/faq\/","title":{"rendered":"Ceisteanna Coitianta"},"content":{"rendered":"<body>\t\t<div data-elementor-type=\"wp-page\" data-elementor-id=\"522\" class=\"elementor elementor-522\" data-elementor-post-type=\"page\">\n\t\t\t\t<div class=\"elementor-element elementor-element-29270d8 e-con-full e-flex e-con e-parent\" data-id=\"29270d8\" data-element_type=\"container\" data-e-type=\"container\">\n\t\t\t\t<div class=\"elementor-element elementor-element-381eb75 elementor-widget elementor-widget-pages_faq\" data-id=\"381eb75\" data-element_type=\"widget\" data-e-type=\"widget\" data-widget_type=\"pages_faq.default\">\n\t\t\t\t<div class=\"elementor-widget-container\">\n\t\t\t\t\t        <div class=\"faq-style-one-area chooseus-style-two-area default-padding\">\n            <div class=\"container\">\n                <div class=\"faq-style-two-items chooseus-style-two-items bg-cover\" style=\"background-image: url(https:\/\/europassitalia.com\/wp-content\/themes\/gixus\/assets\/img\/shape\/2.jpg);\">\n                    <div class=\"row\">\n                        <div class=\"col-xl-6 pr-50 pr-md-15 pr-xs-15\">\n                            <div class=\"fun-fact-style-info\">\n                                <h2 class=\"title split-text\">Ceisteanna Coitianta<\/h2>\n                                <div class=\"fun-fact-card-two mt-40 wow fadeInUp\">\n                                    <h4 class=\"sub-title\">C\u00e9n f\u00e1th sinn a roghn\u00fa<\/h4>\n                                    <div class=\"counter-title\">\n                                        <div class=\"counter\">\n                                                                                    <div class=\"timer\" data-to=\"31\" data-speed=\"2000\">31<\/div>\n                                                                                        <div class=\"operator\">K<\/div>\n                                        <\/div>\n                                    <\/div>\n                                    <span class=\"medium\">Cliaint ar fud an domhain<\/span>\n                                <\/div>\n                            <\/div>\n                        <\/div>\n                        <div class=\"col-xl-6\">\n                            <div class=\"choose-us-style-two\">\n                                <div class=\"accordion\" id=\"faqAccordion\">\n                                                                            <div class=\"accordion-item accordion-style-one\">\n                                            <h2 class=\"accordion-header\" id=\"headingOne\">\n                                                <button class=\"accordion-button collapsed\" type=\"button\" data-bs-toggle=\"collapse\" data-bs-target=\"#collapse-2e46266\" aria-expanded=\"true\" aria-controls=\"collapse-2e46266\">\n                                                    Cad is CILS ann agus c\u00e9 a d'eis\u00edonn \u00e9?                                                <\/button>\n                                            <\/h2>\n                                            <div id=\"collapse-2e46266\" class=\"accordion-collapse collapse\" aria-labelledby=\"headingOne\" data-bs-parent=\"#faqAccordion\">\n                                                <div class=\"accordion-body\">\n                                                    <p>Is deimhni\u00fa oifigi\u00fail sa teanga Iod\u00e1lach \u00e9 CILS a dheona\u00edonn Ollscoil na nEachtrannach i Siena, agus t\u00e1 s\u00e9 ail\u00ednithe le leibh\u00e9il A1\u2013C2 an CEFR.<\/p>\n                                                    <ul class=\"list-style-one\">\n                                                                                                                    <li><\/li>\n                                                                                                            <\/ul>\n                                                <\/div>\n                                            <\/div>\n                                        <\/div>\n                                                                            <div class=\"accordion-item accordion-style-one\">\n                                            <h2 class=\"accordion-header\" id=\"headingOne\">\n                                                <button class=\"accordion-button collapsed\" type=\"button\" data-bs-toggle=\"collapse\" data-bs-target=\"#collapse-9ec2958\" aria-expanded=\"true\" aria-controls=\"collapse-9ec2958\">\n                                                    C\u00e9n leibh\u00e9al at\u00e1 ag teast\u00e1il do shaor\u00e1nacht na hIod\u00e1ile n\u00f3 do ch\u00f3naitheacht inti?                                                <\/button>\n                                            <\/h2>\n                                            <div id=\"collapse-9ec2958\" class=\"accordion-collapse collapse\" aria-labelledby=\"headingOne\" data-bs-parent=\"#faqAccordion\">\n                                                <div class=\"accordion-body\">\n                                                    <p>Is minic a thagra\u00edtear do CILS B1 (CILS Due) maidir le riachtanais chathartha\u00edochta\/c\u00f3naithe; freastala\u00edonn leibh\u00e9il eile ar riachtanais staid\u00e9ir n\u00f3 gairmi\u00fala.<\/p>\n                                                    <ul class=\"list-style-one\">\n                                                                                                                    <li><\/li>\n                                                                                                            <\/ul>\n                                                <\/div>\n                                            <\/div>\n                                        <\/div>\n                                                                            <div class=\"accordion-item accordion-style-one\">\n                                            <h2 class=\"accordion-header\" id=\"headingOne\">\n                                                <button class=\"accordion-button collapsed\" type=\"button\" data-bs-toggle=\"collapse\" data-bs-target=\"#collapse-176a612\" aria-expanded=\"true\" aria-controls=\"collapse-176a612\">\n                                                    C\u00e9n chaoi a bhfuil an scr\u00fad\u00fa strucht\u00fartha?                                                <\/button>\n                                            <\/h2>\n                                            <div id=\"collapse-176a612\" class=\"accordion-collapse collapse\" aria-labelledby=\"headingOne\" data-bs-parent=\"#faqAccordion\">\n                                                <div class=\"accordion-body\">\n                                                    <p>D\u00e9anann an scr\u00fad\u00fa meas\u00fan\u00fa ar na ceithre scil\u2014\u00e9isteacht, l\u00e9amh, scr\u00edobh, agus labhairt\u2014le tascanna agus crit\u00e9ir sc\u00f3r\u00e1la at\u00e1 sonrach don leibh\u00e9al.<\/p>\n                                                    <ul class=\"list-style-one\">\n                                                                                                                    <li><\/li>\n                                                                                                            <\/ul>\n                                                <\/div>\n                                            <\/div>\n                                        <\/div>\n                                                                            <div class=\"accordion-item accordion-style-one\">\n                                            <h2 class=\"accordion-header\" id=\"headingOne\">\n                                                <button class=\"accordion-button collapsed\" type=\"button\" data-bs-toggle=\"collapse\" data-bs-target=\"#collapse-1071290\" aria-expanded=\"true\" aria-controls=\"collapse-1071290\">\n                                                    Cad iad na cine\u00e1lacha t\u00e1st\u00e1la IELTS?                                                <\/button>\n                                            <\/h2>\n                                            <div id=\"collapse-1071290\" class=\"accordion-collapse collapse\" aria-labelledby=\"headingOne\" data-bs-parent=\"#faqAccordion\">\n                                                <div class=\"accordion-body\">\n                                                    <p>IELTS Acad\u00fail (do chuid d'ardoideachas) agus IELTS Ginear\u00e1lta (do chuid oibre agus imirce); \u00fas\u00e1ideann an d\u00e1 cheann an c\u00f3ras sc\u00f3r\u00e1la banda c\u00e9anna.<\/p>\n                                                    <ul class=\"list-style-one\">\n                                                                                                            <\/ul>\n                                                <\/div>\n                                            <\/div>\n                                        <\/div>\n                                                                            <div class=\"accordion-item accordion-style-one\">\n                                            <h2 class=\"accordion-header\" id=\"headingOne\">\n                                                <button class=\"accordion-button collapsed\" type=\"button\" data-bs-toggle=\"collapse\" data-bs-target=\"#collapse-b60ad4c\" aria-expanded=\"true\" aria-controls=\"collapse-b60ad4c\">\n                                                    Conas a dh\u00e9antar sc\u00f3r\u00e1il ar IELTS agus cad is br\u00ed le band?                                                <\/button>\n                                            <\/h2>\n                                            <div id=\"collapse-b60ad4c\" class=\"accordion-collapse collapse\" aria-labelledby=\"headingOne\" data-bs-parent=\"#faqAccordion\">\n                                                <div class=\"accordion-body\">\n                                                    <p>T\u00e9ann na sc\u00f3ir \u00f3 Bhand 1 go Band 9; t\u00e1 tuairiscitheoir\u00ed ag gach band don chumas cumars\u00e1ide agus is ionann an band forioml\u00e1n agus an me\u00e1n de cheithre sc\u00f3r mod\u00fail.<\/p>\n                                                    <ul class=\"list-style-one\">\n                                                                                                            <\/ul>\n                                                <\/div>\n                                            <\/div>\n                                        <\/div>\n                                                                            <div class=\"accordion-item accordion-style-one\">\n                                            <h2 class=\"accordion-header\" id=\"headingOne\">\n                                                <button class=\"accordion-button collapsed\" type=\"button\" data-bs-toggle=\"collapse\" data-bs-target=\"#collapse-bc0dba0\" aria-expanded=\"true\" aria-controls=\"collapse-bc0dba0\">\n                                                    Cad \u00e9 form\u00e1id agus amchl\u00e1r an t\u00e1st\u00e1la?                                                <\/button>\n                                            <\/h2>\n                                            <div id=\"collapse-bc0dba0\" class=\"accordion-collapse collapse\" aria-labelledby=\"headingOne\" data-bs-parent=\"#faqAccordion\">\n                                                <div class=\"accordion-body\">\n                                                    <p>\u00c1ir\u00edtear ar na t\u00e1st\u00e1lacha \u00c9isteacht, L\u00e9amh, Scr\u00edobh (ar an l\u00e1 c\u00e9anna) agus Labhairt (ar an l\u00e1 c\u00e9anna n\u00f3 laistigh de 7 l\u00e1); t\u00e1 na form\u00e1id\u00ed ar f\u00e1il ar ph\u00e1ip\u00e9ar n\u00f3 ar r\u00edomhaire, agus d\u00e9antar an labhairt beo.<\/p>\n                                                    <ul class=\"list-style-one\">\n                                                                                                            <\/ul>\n                                                <\/div>\n                                            <\/div>\n                                        <\/div>\n                                                                            <div class=\"accordion-item accordion-style-one\">\n                                            <h2 class=\"accordion-header\" id=\"headingOne\">\n                                                <button class=\"accordion-button collapsed\" type=\"button\" data-bs-toggle=\"collapse\" data-bs-target=\"#collapse-1cb66c8\" aria-expanded=\"true\" aria-controls=\"collapse-1cb66c8\">\n                                                    C\u00e1 fhad a bh\u00edonn tortha\u00ed bail\u00ed?                                                <\/button>\n                                            <\/h2>\n                                            <div id=\"collapse-1cb66c8\" class=\"accordion-collapse collapse\" aria-labelledby=\"headingOne\" data-bs-parent=\"#faqAccordion\">\n                                                <div class=\"accordion-body\">\n                                                    <p>B\u00edonn tortha\u00ed IELTS bail\u00ed go ginear\u00e1lta ar feadh dh\u00e1 bhliain; deimhnigh leis an institi\u00faid a bheidh \u00e1 nglacadh le haghaidh na bhfr\u00e1ma\u00ed ama sonracha glactha.<\/p>\n                                                    <ul class=\"list-style-one\">\n                                                                                                            <\/ul>\n                                                <\/div>\n                                            <\/div>\n                                        <\/div>\n                                                                            <div class=\"accordion-item accordion-style-one\">\n                                            <h2 class=\"accordion-header\" id=\"headingOne\">\n                                                <button class=\"accordion-button collapsed\" type=\"button\" data-bs-toggle=\"collapse\" data-bs-target=\"#collapse-157fcba\" aria-expanded=\"true\" aria-controls=\"collapse-157fcba\">\n                                                    C\u00e9 a eis\u00edonn CELI agus c\u00e9 na leibh\u00e9il at\u00e1 ar f\u00e1il?                                                <\/button>\n                                            <\/h2>\n                                            <div id=\"collapse-157fcba\" class=\"accordion-collapse collapse\" aria-labelledby=\"headingOne\" data-bs-parent=\"#faqAccordion\">\n                                                <div class=\"accordion-body\">\n                                                    <p>Eis\u00edonn Ollscoil na nEachtrannach i bPerugia teastais CELI agus cl\u00fada\u00edonn siad leibh\u00e9il A1\u2013C2 den CEFR.<\/p>\n                                                    <ul class=\"list-style-one\">\n                                                                                                            <\/ul>\n                                                <\/div>\n                                            <\/div>\n                                        <\/div>\n                                                                            <div class=\"accordion-item accordion-style-one\">\n                                            <h2 class=\"accordion-header\" id=\"headingOne\">\n                                                <button class=\"accordion-button collapsed\" type=\"button\" data-bs-toggle=\"collapse\" data-bs-target=\"#collapse-bc39473\" aria-expanded=\"true\" aria-controls=\"collapse-bc39473\">\n                                                    Cad iad na h\u00fas\u00e1id\u00ed tipici\u00fala a bhaineann le CELI?                                                <\/button>\n                                            <\/h2>\n                                            <div id=\"collapse-bc39473\" class=\"accordion-collapse collapse\" aria-labelledby=\"headingOne\" data-bs-parent=\"#faqAccordion\">\n                                                <div class=\"accordion-body\">\n                                                    <p>\u00das\u00e1idtear an CELI le haghaidh iontr\u00e1la ar an ollscoil, fosta\u00edochta, agus n\u00f3sanna imeachta riarach\u00e1in; tagra\u00edonn roinnt pr\u00f3iseas c\u00f3naithe do leibh\u00e9il ar leith den CELI.\n\n<\/p>\n                                                    <ul class=\"list-style-one\">\n                                                                                                            <\/ul>\n                                                <\/div>\n                                            <\/div>\n                                        <\/div>\n                                                                            <div class=\"accordion-item accordion-style-one\">\n                                            <h2 class=\"accordion-header\" id=\"headingOne\">\n                                                <button class=\"accordion-button collapsed\" type=\"button\" data-bs-toggle=\"collapse\" data-bs-target=\"#collapse-7235552\" aria-expanded=\"true\" aria-controls=\"collapse-7235552\">\n                                                    Conas ar cheart dom ullmh\u00fa agus cl\u00e1r\u00fa?                                                <\/button>\n                                            <\/h2>\n                                            <div id=\"collapse-7235552\" class=\"accordion-collapse collapse\" aria-labelledby=\"headingOne\" data-bs-parent=\"#faqAccordion\">\n                                                <div class=\"accordion-body\">\n                                                    <p>Ullmhaigh le t\u00e1st\u00e1lacha samplacha oifigi\u00fala agus c\u00farsa\u00ed ionaid \u00e1iti\u00fala; b\u00edonn an cl\u00e1r\u00fa, na d\u00e1ta\u00ed, agus na t\u00e1ill\u00ed \u00e9ags\u00fail \u00f3 ionad t\u00e1st\u00e1la go hionad t\u00e1st\u00e1la\u2014seice\u00e1il i gc\u00f3na\u00ed an t-ionad CELI \u00e1iti\u00fail le haghaidh eolais reatha.<\/p>\n                                                    <ul class=\"list-style-one\">\n                                                                                                            <\/ul>\n                                                <\/div>\n                                            <\/div>\n                                        <\/div>\n                                                                    <\/div>\n                            <\/div>\n                        <\/div>\n                    <\/div>\n                <\/div>\n            <\/div>\n        <\/div>\n        \t\t\t\t<\/div>\n\t\t\t\t<\/div>\n\t\t\t\t<\/div>\n\t\t\t\t<\/div>\n\t\t<\/body>","protected":false},"excerpt":{"rendered":"<p>FAQs Why Choose Us 31 K CLIENTS AROUND THE WORLD What is CILS and who issues it? CILS is an official Italian language certification issued by the University for Foreigners of Siena and aligned to CEFR levels A1\u2013C2. Which level is needed for Italian citizenship or residency? CILS B1 (CILS Due) is commonly referenced for [&hellip;]<\/p>\n","protected":false},"author":1,"featured_media":0,"parent":0,"menu_order":0,"comment_status":"closed","ping_status":"closed","template":"page-templates\/home.php","meta":{"om_disable_all_campaigns":false,"_monsterinsights_skip_tracking":false,"_monsterinsights_sitenote_active":false,"_monsterinsights_sitenote_note":"","_monsterinsights_sitenote_category":0,"_joinchat":[],"footnotes":""},"class_list":["post-522","page","type-page","status-publish","hentry"],"aioseo_notices":[],"_links":{"self":[{"href":"https:\/\/europassitalia.com\/ga\/wp-json\/wp\/v2\/pages\/522","targetHints":{"allow":["GET"]}}],"collection":[{"href":"https:\/\/europassitalia.com\/ga\/wp-json\/wp\/v2\/pages"}],"about":[{"href":"https:\/\/europassitalia.com\/ga\/wp-json\/wp\/v2\/types\/page"}],"author":[{"embeddable":true,"href":"https:\/\/europassitalia.com\/ga\/wp-json\/wp\/v2\/users\/1"}],"replies":[{"embeddable":true,"href":"https:\/\/europassitalia.com\/ga\/wp-json\/wp\/v2\/comments?post=522"}],"version-history":[{"count":3,"href":"https:\/\/europassitalia.com\/ga\/wp-json\/wp\/v2\/pages\/522\/revisions"}],"predecessor-version":[{"id":1819,"href":"https:\/\/europassitalia.com\/ga\/wp-json\/wp\/v2\/pages\/522\/revisions\/1819"}],"wp:attachment":[{"href":"https:\/\/europassitalia.com\/ga\/wp-json\/wp\/v2\/media?parent=522"}],"curies":[{"name":"wp","href":"https:\/\/api.w.org\/{rel}","templated":true}]}}