{"id":795,"date":"2024-10-16T13:02:11","date_gmt":"2024-10-16T13:02:11","guid":{"rendered":"https:\/\/wpriverthemes.com\/gixus\/?page_id=795"},"modified":"2026-01-15T14:25:05","modified_gmt":"2026-01-15T14:25:05","slug":"celi-italian-certificate","status":"publish","type":"page","link":"https:\/\/europassitalia.com\/ga\/celi-italian-certificate\/","title":{"rendered":"Teastas Iod\u00e1lach CELI"},"content":{"rendered":"<body>\t\t<div data-elementor-type=\"wp-page\" data-elementor-id=\"795\" class=\"elementor elementor-795\" data-elementor-post-type=\"page\">\n\t\t\t\t<div class=\"elementor-element elementor-element-d65a247 e-con-full e-flex e-con e-parent\" data-id=\"d65a247\" data-element_type=\"container\" data-e-type=\"container\">\n\t\t\t\t<div class=\"elementor-element elementor-element-5189d9c elementor-widget elementor-widget-service_details_widget\" data-id=\"5189d9c\" data-element_type=\"widget\" data-e-type=\"widget\" data-widget_type=\"service_details_widget.default\">\n\t\t\t\t<div class=\"elementor-widget-container\">\n\t\t\t\t\t        <div class=\"services-details-area default-padding\">\n            <div class=\"container\">\n                <div class=\"row\">\n                    <div class=\"col-lg-10 offset-lg-1\">\n                        <div class=\"site-heading text-center\">\n                            <h4 class=\"sub-title\">Sonra\u00ed na Seirbh\u00edse<\/h4>\n                            <h2 class=\"title\">Teastas Iod\u00e1lach CELI<\/h2>\n                        <\/div>\n                    <\/div>\n                <\/div>\n                <div class=\"services-details-items\">\n                    <div class=\"row\">\n                        <div class=\"col-xl-12 services-single-content\">\n                            <div class=\"thumb mb-50\">\n                                <img decoding=\"async\" src=\"https:\/\/wpriverthemes.com\/gixus\/wp-content\/uploads\/2024\/10\/4-3.jpg\" alt=\"Thumb\" loading=\"lazy\">\n                            <\/div>\n                            <p><\/p><p>Is teastas oifigi\u00fail sa teanga Iod\u00e1ilis \u00e9 an CELI (Certificato di Conoscenza della Lingua Italiana) a eis\u00edonn Ollscoil na nEachtrannach i bPerugia, agus at\u00e1 ail\u00ednithe le leibh\u00e9il A1\u2013C2 an CEFR.<\/p><p>\u2014 oiri\u00fanach don obair, don staid\u00e9ar, agus do chusp\u00f3ir\u00ed riarach\u00e1in.<\/p><h2>C\u00e9n f\u00e1th a bhfuil CELI t\u00e1bhachtach<\/h2><ul><li><strong>Eisitheoir oifigi\u00fail:<\/strong> Eis\u00edonn Ollscoil na nEachtrannach i bPerugia CELI, \u00fadar\u00e1s aitheanta i dteastas\u00fa na teanga Iod\u00e1ilise.<\/li><li><strong>Cl\u00fadach CEFR:<\/strong> <strong>Cl\u00fada\u00edonn CELI A1, A2, B1, B2, C1, C2.<\/strong>, ionas gur f\u00e9idir le hiarrth\u00f3ir\u00ed an leibh\u00e9al a oireann d\u00e1 gcusp\u00f3ir\u00ed a roghn\u00fa.<\/li><li><strong>\u00das\u00e1id\u00ed praitici\u00fala:<\/strong> <strong>CELI A2 agus B1<\/strong> \u00das\u00e1idtear go coitianta iad le haghaidh ceadanna c\u00f3naithe agus beala\u00ed chun saor\u00e1nacht a bhaint amach i gcl\u00e1ir \u00e1irithe; foils\u00edonn ionaid \u00e1iti\u00fala na rialacha, na d\u00e1ta\u00ed agus na t\u00e1ill\u00ed beachta.<\/li><\/ul><p>\u00a0<\/p><ul><li><strong>Ainm na deimhnithe:<\/strong>\u00a0Teastas CELI sa Chomhartha\u00edocht Iod\u00e1lach<\/li><li><strong>Eagra\u00ed:<\/strong> Ollscoil na gCoigr\u00edche, Perugia<\/li><li><strong>D\u00e1ta\u00ed: <\/strong>3 phr\u00edomhsheisi\u00fan sa bhliain (earrach, samhradh, agus f\u00f3mhar)<\/li><li><strong>Leibh\u00e9il:<\/strong> CELI IMPATTO \u2013 A1, CELI 1 \u2013 A2, CELI \u2013 B1, CELI 3 \u2013 B2, CELI 4 \u2013 C1, CELI 5 \u2013 C2<\/li><li><strong>Ionaid:<\/strong> Ar f\u00e1il i l\u00e1rionaid iomad\u00fala ar fud an domhain (\u00e1r l\u00e1rionad san \u00e1ireamh)<\/li><li><strong>Am ceart\u00fach\u00e1in:<\/strong> Suas le 12 sheachtain. Is f\u00e9idir leis an seachadadh deimhnithe suas le 4 mh\u00ed bhreise a th\u00f3g\u00e1il.<\/li><li><strong>N\u00f3ta\u00ed: <\/strong>Chomh maith leis na deimhnithe traidisi\u00fanta CELI, t\u00e1 an CELI Immigrati (inimircigh) agus an CELI Adolescenti (dhaoine sna d\u00e9aga) ann freisin. T\u00e1 an CELI Immigrati d\u00edrithe ar shaor\u00e1naigh choigr\u00edche a chuaigh ar imirce go dt\u00ed an Iod\u00e1il, agus t\u00e1 s\u00e9 ar f\u00e1il freisin do dhalta\u00ed nach bhfuil m\u00f3r\u00e1n oideachais acu. T\u00e1 an CELI Adolescenti d\u00edrithe ar leana\u00ed idir 13 agus 17 mbliana d'aois. Is iad na difr\u00edochta\u00ed idir an d\u00e1 chine\u00e1l deimhnithe seo n\u00e1 na se\u00e1nra\u00ed t\u00e9acs\u00fala agus na tascanna ar leith, gan aon athr\u00fa laistigh den scr\u00fad\u00fa.<\/li><\/ul>\n                            <div class=\"process-style-one-items mt-50\">\n                                <div class=\"choose-us-one-thumb\">\n                                    <div class=\"content\">\n                                                                                <div class=\"left-info\">\n                                            <h2 class=\"title\">Conas Teastas CELI a Fh\u00e1il<\/h2>\n                                        <\/div>\n                                                                                <div class=\"process-style-one\">\n                                                                                            <div class=\"process-style-one-item wow fadeInRight\" data-wow-delay=\"0ms\">\n                                                    <span>1<\/span>\n                                                    <h4>D\u00e9an teagmh\u00e1il linn tr\u00ed WhatsApp n\u00f3 an Fhoirm Teagmh\u00e1la.<\/h4>\n                                                    <p><\/p>\n                                                <\/div>\n                                                                                            <div class=\"process-style-one-item wow fadeInRight\" data-wow-delay=\"200ms\">\n                                                    <span>2<\/span>\n                                                    <h4>D\u00e9an an \u00edoca\u00edocht riachtanach<\/h4>\n                                                    <p><\/p>\n                                                <\/div>\n                                                                                            <div class=\"process-style-one-item wow fadeInRight\" data-wow-delay=\"400ms\">\n                                                    <span>3<\/span>\n                                                    <h4>Fan go n-eiseofar do theastas<\/h4>\n                                                    <p><\/p>\n                                                <\/div>\n                                                                                    <\/div>\n                                    <\/div>\n                                <\/div>\n                            <\/div>\n                        <\/div>\n                    <\/div>\n                <\/div>\n            <\/div>\n        <\/div>\n        \t\t\t\t<\/div>\n\t\t\t\t<\/div>\n\t\t\t\t<\/div>\n\t\t\t\t<\/div>\n\t\t<\/body>","protected":false},"excerpt":{"rendered":"<p>Service Details CELI Italian Certificate The CELI (Certificato di Conoscenza della Lingua Italiana) is an official Italian language certificate issued by the University for Foreigners of Perugia and aligned to the CEFR levels A1\u2013C2 \u2014 ideal for work, study, and administrative purposes. Why CELI matters Official issuer: CELI is issued by the University for Foreigners [&hellip;]<\/p>\n","protected":false},"author":1,"featured_media":0,"parent":0,"menu_order":0,"comment_status":"closed","ping_status":"closed","template":"page-templates\/home.php","meta":{"om_disable_all_campaigns":false,"_monsterinsights_skip_tracking":false,"_monsterinsights_sitenote_active":false,"_monsterinsights_sitenote_note":"","_monsterinsights_sitenote_category":0,"_joinchat":[],"footnotes":""},"class_list":["post-795","page","type-page","status-publish","hentry"],"aioseo_notices":[],"_links":{"self":[{"href":"https:\/\/europassitalia.com\/ga\/wp-json\/wp\/v2\/pages\/795","targetHints":{"allow":["GET"]}}],"collection":[{"href":"https:\/\/europassitalia.com\/ga\/wp-json\/wp\/v2\/pages"}],"about":[{"href":"https:\/\/europassitalia.com\/ga\/wp-json\/wp\/v2\/types\/page"}],"author":[{"embeddable":true,"href":"https:\/\/europassitalia.com\/ga\/wp-json\/wp\/v2\/users\/1"}],"replies":[{"embeddable":true,"href":"https:\/\/europassitalia.com\/ga\/wp-json\/wp\/v2\/comments?post=795"}],"version-history":[{"count":5,"href":"https:\/\/europassitalia.com\/ga\/wp-json\/wp\/v2\/pages\/795\/revisions"}],"predecessor-version":[{"id":1804,"href":"https:\/\/europassitalia.com\/ga\/wp-json\/wp\/v2\/pages\/795\/revisions\/1804"}],"wp:attachment":[{"href":"https:\/\/europassitalia.com\/ga\/wp-json\/wp\/v2\/media?parent=795"}],"curies":[{"name":"wp","href":"https:\/\/api.w.org\/{rel}","templated":true}]}}