{"id":1809,"date":"2026-01-15T15:01:26","date_gmt":"2026-01-15T15:01:26","guid":{"rendered":"https:\/\/europassitalia.com\/?page_id=1809"},"modified":"2026-01-17T07:16:25","modified_gmt":"2026-01-17T07:16:25","slug":"ielts-test","status":"publish","type":"page","link":"https:\/\/europassitalia.com\/it\/ielts-test\/","title":{"rendered":"Test IELTS"},"content":{"rendered":"<body>\t\t<div data-elementor-type=\"wp-page\" data-elementor-id=\"1809\" class=\"elementor elementor-1809\" data-elementor-post-type=\"page\">\n\t\t\t\t<div class=\"elementor-element elementor-element-d65a247 e-con-full e-flex e-con e-parent\" data-id=\"d65a247\" data-element_type=\"container\" data-e-type=\"container\">\n\t\t\t\t<div class=\"elementor-element elementor-element-5189d9c elementor-widget elementor-widget-service_details_widget\" data-id=\"5189d9c\" data-element_type=\"widget\" data-e-type=\"widget\" data-widget_type=\"service_details_widget.default\">\n\t\t\t\t<div class=\"elementor-widget-container\">\n\t\t\t\t\t        <div class=\"services-details-area default-padding\">\n            <div class=\"container\">\n                <div class=\"row\">\n                    <div class=\"col-lg-10 offset-lg-1\">\n                        <div class=\"site-heading text-center\">\n                            <h4 class=\"sub-title\">Dettagli del servizio<\/h4>\n                            <h2 class=\"title\">Test IELTS<\/h2>\n                        <\/div>\n                    <\/div>\n                <\/div>\n                <div class=\"services-details-items\">\n                    <div class=\"row\">\n                        <div class=\"col-xl-12 services-single-content\">\n                            <div class=\"thumb mb-50\">\n                                <img decoding=\"async\" src=\"https:\/\/europassitalia.com\/wp-content\/uploads\/2021\/01\/v1.jpg\" alt=\"Thumb\" loading=\"lazy\">\n                            <\/div>\n                            <p><!--StartFragment --><\/p><p>IELTS (International English Language Testing System) \u00e8 un test di inglese riconosciuto a livello mondiale utilizzato per motivi di studio, lavoro e immigrazione; \u00e8 accettato da migliaia di organizzazioni in tutto il mondo ed \u00e8 disponibile in diversi formati, tra cui cartaceo, informatico e online.<\/p><p>.<\/p><h2>Perch\u00e9 l'IELTS \u00e8 importante<\/h2><ul><li><strong>Riconoscimento globale:<\/strong> Accettato da <strong>oltre 12.500 organizzazioni in pi\u00f9 di 140 paesi<\/strong>, comprese le universit\u00e0, i datori di lavoro e le autorit\u00e0 competenti in materia di immigrazione.<\/li><li><strong>Propriet\u00e0 ufficiale:<\/strong> IELTS \u00e8 gestito congiuntamente dal British Council, dall'IDP e dal Cambridge Assessment English.<\/li><li><strong>Punteggio:<\/strong> <strong>I punteggi della banda vanno da 1 a 9.<\/strong>, con descrizioni chiare per ogni livello per aiutare gli utenti a scegliere i punteggi target.<\/li><\/ul><h2>Tipi di test<\/h2><ul><li><strong>IELTS Accademico<\/strong> \u2014 per l'universit\u00e0 e l'istruzione superiore.<\/li><li><strong>IELTS Formazione Generale<\/strong> \u2014 per il lavoro e la migrazione.<\/li><li><strong>IELTS online \/ su computer<\/strong> \u2014 ove disponibile; confermare l'accettazione locale con le istituzioni.<\/li><\/ul><p><!--StartFragment --><\/p><h2>Preparazione<\/h2><ul><li><strong>Test di prova gratuiti<\/strong> e materiali ufficiali per la pratica.<\/li><li><strong>Piani di studio<\/strong>: Piani di 8-12 settimane per un miglioramento di +1,0 band; competenze mirate per ogni modulo.<\/li><li><strong>Corsi a pagamento<\/strong>: opzioni intensive vs. part-time; simulazioni di test e seminari di conversazione.<\/li><\/ul><h2>Registrazione e logistica<\/h2><ul><li><strong>Come prenotare<\/strong>, requisiti relativi al documento d'identit\u00e0, regole per il giorno dell'esame e tempistiche dei risultati. Link ai centri d'esame locali e alle pagine di prenotazione.<\/li><\/ul><h2>Domande frequenti<\/h2><ul><li><em>Quale test per l'ammissione all'universit\u00e0?<\/em> \u2014 <strong>Accademico<\/strong>.<\/li><li><em>Per quanto tempo sono validi i risultati?<\/em> \u2014 <strong>Due anni<\/strong> (indicare chiaramente e verificare a livello locale).<\/li><\/ul><p><!--EndFragment --><\/p><p>\u00a0<\/p><!--EndFragment -->\n                            <div class=\"process-style-one-items mt-50\">\n                                <div class=\"choose-us-one-thumb\">\n                                    <div class=\"content\">\n                                                                                <div class=\"left-info\">\n                                            <h2 class=\"title\">Come ottenere il certificato IELTS<\/h2>\n                                        <\/div>\n                                                                                <div class=\"process-style-one\">\n                                                                                            <div class=\"process-style-one-item wow fadeInRight\" data-wow-delay=\"0ms\">\n                                                    <span>1<\/span>\n                                                    <h4>Contattaci tramite WhatsApp o il modulo di contatto<\/h4>\n                                                    <p><\/p>\n                                                <\/div>\n                                                                                            <div class=\"process-style-one-item wow fadeInRight\" data-wow-delay=\"200ms\">\n                                                    <span>2<\/span>\n                                                    <h4>Effettua il pagamento necessario<\/h4>\n                                                    <p><\/p>\n                                                <\/div>\n                                                                                            <div class=\"process-style-one-item wow fadeInRight\" data-wow-delay=\"400ms\">\n                                                    <span>3<\/span>\n                                                    <h4>Attendi il rilascio del tuo certificato<\/h4>\n                                                    <p><\/p>\n                                                <\/div>\n                                                                                    <\/div>\n                                    <\/div>\n                                <\/div>\n                            <\/div>\n                        <\/div>\n                    <\/div>\n                <\/div>\n            <\/div>\n        <\/div>\n        \t\t\t\t<\/div>\n\t\t\t\t<\/div>\n\t\t\t\t<\/div>\n\t\t\t\t<\/div>\n\t\t<\/body>","protected":false},"excerpt":{"rendered":"<p>Service Details IELTS Test IELTS (International English Language Testing System) is a globally recognized English test used for study, work, and migration; it\u2019s accepted by thousands of organisations worldwide and offered in multiple formats including paper, computer, and online . Why IELTS matters Global recognition: Accepted by over 12,500 organisations in 140+ countries, including universities, [&hellip;]<\/p>\n","protected":false},"author":1,"featured_media":0,"parent":0,"menu_order":0,"comment_status":"closed","ping_status":"closed","template":"page-templates\/home.php","meta":{"om_disable_all_campaigns":false,"_monsterinsights_skip_tracking":false,"_monsterinsights_sitenote_active":false,"_monsterinsights_sitenote_note":"","_monsterinsights_sitenote_category":0,"_joinchat":[],"footnotes":""},"class_list":["post-1809","page","type-page","status-publish","hentry"],"aioseo_notices":[],"_links":{"self":[{"href":"https:\/\/europassitalia.com\/it\/wp-json\/wp\/v2\/pages\/1809","targetHints":{"allow":["GET"]}}],"collection":[{"href":"https:\/\/europassitalia.com\/it\/wp-json\/wp\/v2\/pages"}],"about":[{"href":"https:\/\/europassitalia.com\/it\/wp-json\/wp\/v2\/types\/page"}],"author":[{"embeddable":true,"href":"https:\/\/europassitalia.com\/it\/wp-json\/wp\/v2\/users\/1"}],"replies":[{"embeddable":true,"href":"https:\/\/europassitalia.com\/it\/wp-json\/wp\/v2\/comments?post=1809"}],"version-history":[{"count":4,"href":"https:\/\/europassitalia.com\/it\/wp-json\/wp\/v2\/pages\/1809\/revisions"}],"predecessor-version":[{"id":1815,"href":"https:\/\/europassitalia.com\/it\/wp-json\/wp\/v2\/pages\/1809\/revisions\/1815"}],"wp:attachment":[{"href":"https:\/\/europassitalia.com\/it\/wp-json\/wp\/v2\/media?parent=1809"}],"curies":[{"name":"wp","href":"https:\/\/api.w.org\/{rel}","templated":true}]}}