{"id":205,"date":"2024-10-14T15:14:58","date_gmt":"2024-10-14T15:14:58","guid":{"rendered":"https:\/\/wpriverthemes.com\/gixus\/?page_id=205"},"modified":"2026-01-15T14:13:19","modified_gmt":"2026-01-15T14:13:19","slug":"cils-italian-certificate","status":"publish","type":"page","link":"https:\/\/europassitalia.com\/it\/cils-italian-certificate\/","title":{"rendered":"Certificato CILS di lingua italiana"},"content":{"rendered":"<body>\t\t<div data-elementor-type=\"wp-page\" data-elementor-id=\"205\" class=\"elementor elementor-205\" data-elementor-post-type=\"page\">\n\t\t\t\t<div class=\"elementor-element elementor-element-d65a247 e-con-full e-flex e-con e-parent\" data-id=\"d65a247\" data-element_type=\"container\" data-e-type=\"container\">\n\t\t\t\t<div class=\"elementor-element elementor-element-5189d9c elementor-widget elementor-widget-service_details_widget\" data-id=\"5189d9c\" data-element_type=\"widget\" data-e-type=\"widget\" data-widget_type=\"service_details_widget.default\">\n\t\t\t\t<div class=\"elementor-widget-container\">\n\t\t\t\t\t        <div class=\"services-details-area default-padding\">\n            <div class=\"container\">\n                <div class=\"row\">\n                    <div class=\"col-lg-10 offset-lg-1\">\n                        <div class=\"site-heading text-center\">\n                            <h4 class=\"sub-title\">Dettagli del servizio<\/h4>\n                            <h2 class=\"title\">Certificato CILS di lingua italiana<\/h2>\n                        <\/div>\n                    <\/div>\n                <\/div>\n                <div class=\"services-details-items\">\n                    <div class=\"row\">\n                        <div class=\"col-xl-12 services-single-content\">\n                            <div class=\"thumb mb-50\">\n                                <img decoding=\"async\" src=\"https:\/\/europassitalia.com\/wp-content\/themes\/gixus\/assets\/img\/banner\/21.jpg\" alt=\"Thumb\" loading=\"lazy\">\n                            <\/div>\n                            <p><\/p><p>Il CILS (Certificazione di Italiano come Lingua Straniera) \u00e8 un certificato ufficiale di lingua italiana allineato al QCER che attesta le tue competenze linguistiche per motivi di studio, lavoro e residenza.<\/p><p>Il CILS \u00e8 offerto presso <strong>sei livelli da A1 a C2<\/strong> ed \u00e8 riconosciuto dalle istituzioni italiane e dai centri culturali.<\/p><h2>Perch\u00e9 scegliere CILS<\/h2><ul><li><strong>Riconoscimento ufficiale:<\/strong> Il CILS \u00e8 sviluppato dall'Universit\u00e0 per Stranieri di Siena e riconosciuto dalle autorit\u00e0 italiane.<\/li><li><strong>Allineamento al QCER:<\/strong> Gli esami corrispondono direttamente a <strong>A1, A2, B1, B2, C1, C2<\/strong>, rendendo i risultati trasferibili in tutta Europa.<\/li><li><strong>Casi d'uso:<\/strong> Utile per l'ammissione all'universit\u00e0, le credenziali professionali e le domande di residenza a lungo termine.<\/li><\/ul><p>\u00a0<\/p><ul><li><strong>Nome della certificazione:<\/strong> Certificato CILS di lingua italiana come lingua straniera<\/li><li><strong>Organizzatore:<\/strong> Universit\u00e0 per Stranieri di Siena<\/li><li><strong>Date: <\/strong>2 sessioni principali all'anno (giugno e dicembre), con sessioni aggiuntive per alcuni livelli.<\/li><li><strong>Livelli:<\/strong> CILS A1 (A1), CILS A2 (A2), CILS UNO (B1), CILS UNO \u2013 B1 ADOLESCENTI, CILS UNO \u2013 B1 CITTADINANZA, CILS DUE (B2), CILS TRE (C1), CILS QUATTRO (C2)<\/li><li><strong>Centri:<\/strong> Oltre 800 sedi in tutto il mondo, compreso il nostro centro.<\/li><li><strong>Tempo di correzione:<\/strong> Fino a 12 settimane<\/li><li><strong>Note:<\/strong> Ogni parte dell'esame viene valutata separatamente, quindi per superare l'esame \u00e8 necessario aver ottenuto il punteggio richiesto in ciascuna sezione. In caso contrario, \u00e8 possibile ripetere le sezioni necessarie.<\/li><\/ul><p>Creata dall'Universit\u00e0 di Siena, la certificazione CILS \u00e8 il riferimento per gli studenti di lingua italiana: pi\u00f9 della met\u00e0 degli studenti che sostengono un esame ufficiale di italiano scelgono l'esame CILS.<\/p><p>La certificazione CILS \u00e8 la prima certificazione di lingua italiana ad aver applicato i sei livelli di competenza linguistico-comunicativa del Quadro Comune Europeo di Riferimento e ad aver offerto certificazioni specifiche per i lavoratori stranieri in Italia.<\/p><p>Attraverso l'esame vengono valutate le competenze linguistico-comunicative e le quattro abilit\u00e0 di base, pertanto la prova \u00e8 suddivisa in quattro sezioni (competenza orale, scritta, morfosintattica e lessicale, comprensione di testi scritti e comprensione di testi orali). L'esame consiste sia in domande chiuse (domande a scelta multipla) che in domande semi-strutturate (rielaborazione di testi a partire da elementi dati) e aperte (sviluppo libero di un argomento).<\/p><p>Le certificazioni CILS sono riconosciute sia nel mondo del lavoro che nell'ambito scolastico e universitario. Il Ministero degli Affari Esteri riconosce il modulo di certificazione CILS A2 come certificato di competenza linguistica valido per ottenere il Permesso di Soggiorno CE per soggiornanti di lungo periodo.<\/p>\n                            <div class=\"process-style-one-items mt-50\">\n                                <div class=\"choose-us-one-thumb\">\n                                    <div class=\"content\">\n                                                                                <div class=\"left-info\">\n                                            <h2 class=\"title\">Come ottenere il certificato CILS<\/h2>\n                                        <\/div>\n                                                                                <div class=\"process-style-one\">\n                                                                                            <div class=\"process-style-one-item wow fadeInRight\" data-wow-delay=\"0ms\">\n                                                    <span>1<\/span>\n                                                    <h4>Contattaci tramite il modulo di contatto o WhatsApp<\/h4>\n                                                    <p><\/p>\n                                                <\/div>\n                                                                                            <div class=\"process-style-one-item wow fadeInRight\" data-wow-delay=\"200ms\">\n                                                    <span>2<\/span>\n                                                    <h4>Effettua il pagamento necessario<\/h4>\n                                                    <p><\/p>\n                                                <\/div>\n                                                                                            <div class=\"process-style-one-item wow fadeInRight\" data-wow-delay=\"400ms\">\n                                                    <span>3<\/span>\n                                                    <h4>Attendi il rilascio del tuo certificato<\/h4>\n                                                    <p><\/p>\n                                                <\/div>\n                                                                                    <\/div>\n                                    <\/div>\n                                <\/div>\n                            <\/div>\n                        <\/div>\n                    <\/div>\n                <\/div>\n            <\/div>\n        <\/div>\n        \t\t\t\t<\/div>\n\t\t\t\t<\/div>\n\t\t\t\t<\/div>\n\t\t\t\t<\/div>\n\t\t<\/body>","protected":false},"excerpt":{"rendered":"<p>Service Details CILS Italian Certificate The CILS (Certificazione di Italiano come Lingua Straniera) is an official Italian language certificate aligned to the CEFR that validates your Italian skills for study, work, and residency. The CILS is offered at six levels from A1 to C2 and is recognized by Italian institutions and cultural centres. Why choose [&hellip;]<\/p>\n","protected":false},"author":1,"featured_media":0,"parent":0,"menu_order":0,"comment_status":"closed","ping_status":"closed","template":"elementor_header_footer","meta":{"om_disable_all_campaigns":false,"_monsterinsights_skip_tracking":false,"_monsterinsights_sitenote_active":false,"_monsterinsights_sitenote_note":"","_monsterinsights_sitenote_category":0,"_joinchat":[],"footnotes":""},"class_list":["post-205","page","type-page","status-publish","hentry"],"aioseo_notices":[],"_links":{"self":[{"href":"https:\/\/europassitalia.com\/it\/wp-json\/wp\/v2\/pages\/205","targetHints":{"allow":["GET"]}}],"collection":[{"href":"https:\/\/europassitalia.com\/it\/wp-json\/wp\/v2\/pages"}],"about":[{"href":"https:\/\/europassitalia.com\/it\/wp-json\/wp\/v2\/types\/page"}],"author":[{"embeddable":true,"href":"https:\/\/europassitalia.com\/it\/wp-json\/wp\/v2\/users\/1"}],"replies":[{"embeddable":true,"href":"https:\/\/europassitalia.com\/it\/wp-json\/wp\/v2\/comments?post=205"}],"version-history":[{"count":5,"href":"https:\/\/europassitalia.com\/it\/wp-json\/wp\/v2\/pages\/205\/revisions"}],"predecessor-version":[{"id":1800,"href":"https:\/\/europassitalia.com\/it\/wp-json\/wp\/v2\/pages\/205\/revisions\/1800"}],"wp:attachment":[{"href":"https:\/\/europassitalia.com\/it\/wp-json\/wp\/v2\/media?parent=205"}],"curies":[{"name":"wp","href":"https:\/\/api.w.org\/{rel}","templated":true}]}}