{"id":795,"date":"2024-10-16T13:02:11","date_gmt":"2024-10-16T13:02:11","guid":{"rendered":"https:\/\/wpriverthemes.com\/gixus\/?page_id=795"},"modified":"2026-01-15T14:25:05","modified_gmt":"2026-01-15T14:25:05","slug":"celi-italian-certificate","status":"publish","type":"page","link":"https:\/\/europassitalia.com\/it\/celi-italian-certificate\/","title":{"rendered":"Certificato CELI di italiano"},"content":{"rendered":"<body>\t\t<div data-elementor-type=\"wp-page\" data-elementor-id=\"795\" class=\"elementor elementor-795\" data-elementor-post-type=\"page\">\n\t\t\t\t<div class=\"elementor-element elementor-element-d65a247 e-con-full e-flex e-con e-parent\" data-id=\"d65a247\" data-element_type=\"container\" data-e-type=\"container\">\n\t\t\t\t<div class=\"elementor-element elementor-element-5189d9c elementor-widget elementor-widget-service_details_widget\" data-id=\"5189d9c\" data-element_type=\"widget\" data-e-type=\"widget\" data-widget_type=\"service_details_widget.default\">\n\t\t\t\t<div class=\"elementor-widget-container\">\n\t\t\t\t\t        <div class=\"services-details-area default-padding\">\n            <div class=\"container\">\n                <div class=\"row\">\n                    <div class=\"col-lg-10 offset-lg-1\">\n                        <div class=\"site-heading text-center\">\n                            <h4 class=\"sub-title\">Dettagli del servizio<\/h4>\n                            <h2 class=\"title\">Certificato CELI di italiano<\/h2>\n                        <\/div>\n                    <\/div>\n                <\/div>\n                <div class=\"services-details-items\">\n                    <div class=\"row\">\n                        <div class=\"col-xl-12 services-single-content\">\n                            <div class=\"thumb mb-50\">\n                                <img decoding=\"async\" src=\"https:\/\/wpriverthemes.com\/gixus\/wp-content\/uploads\/2024\/10\/4-3.jpg\" alt=\"Thumb\" loading=\"lazy\">\n                            <\/div>\n                            <p><\/p><p>Il CELI (Certificato di Conoscenza della Lingua Italiana) \u00e8 un certificato ufficiale di lingua italiana rilasciato dall'Universit\u00e0 per Stranieri di Perugia e allineato ai livelli A1-C2 del QCER.<\/p><p>\u2014 ideale per il lavoro, lo studio e le attivit\u00e0 amministrative.<\/p><h2>Perch\u00e9 CELI \u00e8 importante<\/h2><ul><li><strong>Emittente ufficiale:<\/strong> Il CELI \u00e8 rilasciato dall'Universit\u00e0 per Stranieri di Perugia, un'autorit\u00e0 riconosciuta nella certificazione della lingua italiana.<\/li><li><strong>Copertura CEFR:<\/strong> <strong>CELI copre i livelli A1, A2, B1, B2, C1, C2<\/strong>, in modo che i candidati possano scegliere il livello pi\u00f9 adatto ai propri obiettivi.<\/li><li><strong>Usi pratici:<\/strong> <strong>CELI A2 e B1<\/strong> sono comunemente utilizzati per i permessi di soggiorno e i percorsi di cittadinanza in alcuni programmi; i centri locali pubblicano le regole, le date e le tariffe esatte.<\/li><\/ul><p>\u00a0<\/p><ul><li><strong>Nome della certificazione:<\/strong>\u00a0Certificato CELI di lingua italiana<\/li><li><strong>Organizzatore:<\/strong> Universit\u00e0 per Stranieri di Perugia<\/li><li><strong>Date: <\/strong>3 sessioni principali all'anno (primavera, estate e autunno)<\/li><li><strong>Livelli:<\/strong> CELI IMPATTO \u2013 A1, CELI 1 \u2013 A2, CELI \u2013 B1, CELI 3 \u2013 B2, CELI 4 \u2013 C1, CELI 5 \u2013 C2<\/li><li><strong>Centri:<\/strong> Disponibile in numerosi centri in tutto il mondo (compreso il nostro centro)<\/li><li><strong>Tempo di correzione:<\/strong> Fino a 12 settimane. La consegna del certificato pu\u00f2 richiedere fino a 4 mesi aggiuntivi.<\/li><li><strong>Note: <\/strong>Oltre alle tradizionali certificazioni CELI, esistono anche il CELI Immigrati (immigrati) e il CELI Adolescenti (adolescenti). Il CELI Immigrati \u00e8 destinato ai cittadini stranieri immigrati in Italia ed \u00e8 accessibile anche a studenti con un basso livello di istruzione. Il CELI Adolescenti \u00e8 rivolto a ragazzi di et\u00e0 compresa tra i 13 e i 17 anni. Le differenze tra questi due tipi di certificazioni risiedono nei generi testuali e nei compiti distinti, senza modifiche all'interno dell'esame.<\/li><\/ul>\n                            <div class=\"process-style-one-items mt-50\">\n                                <div class=\"choose-us-one-thumb\">\n                                    <div class=\"content\">\n                                                                                <div class=\"left-info\">\n                                            <h2 class=\"title\">Come ottenere il certificato CELI<\/h2>\n                                        <\/div>\n                                                                                <div class=\"process-style-one\">\n                                                                                            <div class=\"process-style-one-item wow fadeInRight\" data-wow-delay=\"0ms\">\n                                                    <span>1<\/span>\n                                                    <h4>Contattaci tramite WhatsApp o il modulo di contatto<\/h4>\n                                                    <p><\/p>\n                                                <\/div>\n                                                                                            <div class=\"process-style-one-item wow fadeInRight\" data-wow-delay=\"200ms\">\n                                                    <span>2<\/span>\n                                                    <h4>Effettua il pagamento necessario<\/h4>\n                                                    <p><\/p>\n                                                <\/div>\n                                                                                            <div class=\"process-style-one-item wow fadeInRight\" data-wow-delay=\"400ms\">\n                                                    <span>3<\/span>\n                                                    <h4>Attendi il rilascio del tuo certificato<\/h4>\n                                                    <p><\/p>\n                                                <\/div>\n                                                                                    <\/div>\n                                    <\/div>\n                                <\/div>\n                            <\/div>\n                        <\/div>\n                    <\/div>\n                <\/div>\n            <\/div>\n        <\/div>\n        \t\t\t\t<\/div>\n\t\t\t\t<\/div>\n\t\t\t\t<\/div>\n\t\t\t\t<\/div>\n\t\t<\/body>","protected":false},"excerpt":{"rendered":"<p>Service Details CELI Italian Certificate The CELI (Certificato di Conoscenza della Lingua Italiana) is an official Italian language certificate issued by the University for Foreigners of Perugia and aligned to the CEFR levels A1\u2013C2 \u2014 ideal for work, study, and administrative purposes. Why CELI matters Official issuer: CELI is issued by the University for Foreigners [&hellip;]<\/p>\n","protected":false},"author":1,"featured_media":0,"parent":0,"menu_order":0,"comment_status":"closed","ping_status":"closed","template":"page-templates\/home.php","meta":{"om_disable_all_campaigns":false,"_monsterinsights_skip_tracking":false,"_monsterinsights_sitenote_active":false,"_monsterinsights_sitenote_note":"","_monsterinsights_sitenote_category":0,"_joinchat":[],"footnotes":""},"class_list":["post-795","page","type-page","status-publish","hentry"],"aioseo_notices":[],"_links":{"self":[{"href":"https:\/\/europassitalia.com\/it\/wp-json\/wp\/v2\/pages\/795","targetHints":{"allow":["GET"]}}],"collection":[{"href":"https:\/\/europassitalia.com\/it\/wp-json\/wp\/v2\/pages"}],"about":[{"href":"https:\/\/europassitalia.com\/it\/wp-json\/wp\/v2\/types\/page"}],"author":[{"embeddable":true,"href":"https:\/\/europassitalia.com\/it\/wp-json\/wp\/v2\/users\/1"}],"replies":[{"embeddable":true,"href":"https:\/\/europassitalia.com\/it\/wp-json\/wp\/v2\/comments?post=795"}],"version-history":[{"count":5,"href":"https:\/\/europassitalia.com\/it\/wp-json\/wp\/v2\/pages\/795\/revisions"}],"predecessor-version":[{"id":1804,"href":"https:\/\/europassitalia.com\/it\/wp-json\/wp\/v2\/pages\/795\/revisions\/1804"}],"wp:attachment":[{"href":"https:\/\/europassitalia.com\/it\/wp-json\/wp\/v2\/media?parent=795"}],"curies":[{"name":"wp","href":"https:\/\/api.w.org\/{rel}","templated":true}]}}