{"id":1809,"date":"2026-01-15T15:01:26","date_gmt":"2026-01-15T15:01:26","guid":{"rendered":"https:\/\/europassitalia.com\/?page_id=1809"},"modified":"2026-01-17T07:16:25","modified_gmt":"2026-01-17T07:16:25","slug":"ielts-test","status":"publish","type":"page","link":"https:\/\/europassitalia.com\/ro\/ielts-test\/","title":{"rendered":"Testul IELTS"},"content":{"rendered":"<body>\t\t<div data-elementor-type=\"wp-page\" data-elementor-id=\"1809\" class=\"elementor elementor-1809\" data-elementor-post-type=\"page\">\n\t\t\t\t<div class=\"elementor-element elementor-element-d65a247 e-con-full e-flex e-con e-parent\" data-id=\"d65a247\" data-element_type=\"container\" data-e-type=\"container\">\n\t\t\t\t<div class=\"elementor-element elementor-element-5189d9c elementor-widget elementor-widget-service_details_widget\" data-id=\"5189d9c\" data-element_type=\"widget\" data-e-type=\"widget\" data-widget_type=\"service_details_widget.default\">\n\t\t\t\t<div class=\"elementor-widget-container\">\n\t\t\t\t\t        <div class=\"services-details-area default-padding\">\n            <div class=\"container\">\n                <div class=\"row\">\n                    <div class=\"col-lg-10 offset-lg-1\">\n                        <div class=\"site-heading text-center\">\n                            <h4 class=\"sub-title\">Detalii despre serviciu<\/h4>\n                            <h2 class=\"title\">Testul IELTS<\/h2>\n                        <\/div>\n                    <\/div>\n                <\/div>\n                <div class=\"services-details-items\">\n                    <div class=\"row\">\n                        <div class=\"col-xl-12 services-single-content\">\n                            <div class=\"thumb mb-50\">\n                                <img decoding=\"async\" src=\"https:\/\/europassitalia.com\/wp-content\/uploads\/2021\/01\/v1.jpg\" alt=\"Thumb\" loading=\"lazy\">\n                            <\/div>\n                            <p><!--StartFragment --><\/p><p>IELTS (International English Language Testing System) este un test de limba englez\u0103 recunoscut la nivel mondial, utilizat \u00een scopuri de studiu, munc\u0103 \u0219i migra\u021bie; este acceptat de mii de organiza\u021bii din \u00eentreaga lume \u0219i este disponibil \u00een mai multe formate, inclusiv pe h\u00e2rtie, pe computer \u0219i online.<\/p><p>.<\/p><h2>De ce este important IELTS<\/h2><ul><li><strong>Recunoa\u0219tere global\u0103:<\/strong> Acceptat de <strong>peste 12.500 de organiza\u021bii \u00een peste 140 de \u021b\u0103ri<\/strong>, inclusiv universit\u0103\u021bi, angajatori \u0219i autorit\u0103\u021bi de imigrare.<\/li><li><strong>Proprietate oficial\u0103:<\/strong> IELTS este gestionat \u00een comun de British Council, IDP \u0219i Cambridge Assessment English.<\/li><li><strong>Scor:<\/strong> <strong>Scorurile pe benzi variaz\u0103 de la 1 la 9.<\/strong>, cu descriptori clari pentru fiecare nivel, pentru a ajuta utilizatorii s\u0103 aleag\u0103 scorurile \u021bint\u0103.<\/li><\/ul><h2>Tipuri de teste<\/h2><ul><li><strong>IELTS Academic<\/strong> \u2014 pentru universit\u0103\u021bi \u0219i \u00eenv\u0103\u021b\u0103m\u00e2ntul superior.<\/li><li><strong>IELTS Preg\u0103tire general\u0103<\/strong> \u2014 pentru munc\u0103 \u0219i migra\u021bie.<\/li><li><strong>IELTS online \/ pe computer<\/strong> \u2014 acolo unde este disponibil; confirma\u021bi acceptarea local\u0103 cu institu\u021biile.<\/li><\/ul><p><!--StartFragment --><\/p><h2>Preg\u0103tire<\/h2><ul><li><strong>Teste gratuite<\/strong> \u0219i materiale oficiale pentru practic\u0103.<\/li><li><strong>Planuri de studiu<\/strong>: Planuri de 8\u201312 s\u0103pt\u0103m\u00e2ni pentru \u00eembun\u0103t\u0103\u021birea cu +1,0 puncte; competen\u021be vizate pentru fiecare modul.<\/li><li><strong>Cursuri cu plat\u0103<\/strong>: op\u021biuni intensive vs. part-time; teste simulate \u0219i clinici de vorbire.<\/li><\/ul><h2>\u00cenregistrare \u0219i logistic\u0103<\/h2><ul><li><strong>Cum s\u0103 rezerva\u021bi<\/strong>, cerin\u021be privind actele de identitate, reguli pentru ziua examenului \u0219i termene pentru afi\u0219area rezultatelor. Link c\u0103tre centrele locale de examinare \u0219i paginile de rezervare.<\/li><\/ul><h2>\u00centreb\u0103ri frecvente<\/h2><ul><li><em>Ce test pentru admiterea la universitate?<\/em> \u2014 <strong>Academic<\/strong>.<\/li><li><em>C\u00e2t timp sunt valabile rezultatele?<\/em> \u2014 <strong>Doi ani<\/strong> (preciza\u021bi acest lucru \u00een mod clar \u0219i verifica\u021bi la nivel local).<\/li><\/ul><p><!--EndFragment --><\/p><p>\u00a0<\/p><!--EndFragment -->\n                            <div class=\"process-style-one-items mt-50\">\n                                <div class=\"choose-us-one-thumb\">\n                                    <div class=\"content\">\n                                                                                <div class=\"left-info\">\n                                            <h2 class=\"title\">Cum se ob\u021bine certificatul IELTS<\/h2>\n                                        <\/div>\n                                                                                <div class=\"process-style-one\">\n                                                                                            <div class=\"process-style-one-item wow fadeInRight\" data-wow-delay=\"0ms\">\n                                                    <span>1<\/span>\n                                                    <h4>Contacta\u021bi-ne prin WhatsApp sau formularul de contact<\/h4>\n                                                    <p><\/p>\n                                                <\/div>\n                                                                                            <div class=\"process-style-one-item wow fadeInRight\" data-wow-delay=\"200ms\">\n                                                    <span>2<\/span>\n                                                    <h4>Efectua\u021bi plata necesar\u0103<\/h4>\n                                                    <p><\/p>\n                                                <\/div>\n                                                                                            <div class=\"process-style-one-item wow fadeInRight\" data-wow-delay=\"400ms\">\n                                                    <span>3<\/span>\n                                                    <h4>A\u0219tepta\u021bi eliberarea certificatului.<\/h4>\n                                                    <p><\/p>\n                                                <\/div>\n                                                                                    <\/div>\n                                    <\/div>\n                                <\/div>\n                            <\/div>\n                        <\/div>\n                    <\/div>\n                <\/div>\n            <\/div>\n        <\/div>\n        \t\t\t\t<\/div>\n\t\t\t\t<\/div>\n\t\t\t\t<\/div>\n\t\t\t\t<\/div>\n\t\t<\/body>","protected":false},"excerpt":{"rendered":"<p>Service Details IELTS Test IELTS (International English Language Testing System) is a globally recognized English test used for study, work, and migration; it\u2019s accepted by thousands of organisations worldwide and offered in multiple formats including paper, computer, and online . Why IELTS matters Global recognition: Accepted by over 12,500 organisations in 140+ countries, including universities, [&hellip;]<\/p>\n","protected":false},"author":1,"featured_media":0,"parent":0,"menu_order":0,"comment_status":"closed","ping_status":"closed","template":"page-templates\/home.php","meta":{"om_disable_all_campaigns":false,"_monsterinsights_skip_tracking":false,"_monsterinsights_sitenote_active":false,"_monsterinsights_sitenote_note":"","_monsterinsights_sitenote_category":0,"_joinchat":[],"footnotes":""},"class_list":["post-1809","page","type-page","status-publish","hentry"],"aioseo_notices":[],"_links":{"self":[{"href":"https:\/\/europassitalia.com\/ro\/wp-json\/wp\/v2\/pages\/1809","targetHints":{"allow":["GET"]}}],"collection":[{"href":"https:\/\/europassitalia.com\/ro\/wp-json\/wp\/v2\/pages"}],"about":[{"href":"https:\/\/europassitalia.com\/ro\/wp-json\/wp\/v2\/types\/page"}],"author":[{"embeddable":true,"href":"https:\/\/europassitalia.com\/ro\/wp-json\/wp\/v2\/users\/1"}],"replies":[{"embeddable":true,"href":"https:\/\/europassitalia.com\/ro\/wp-json\/wp\/v2\/comments?post=1809"}],"version-history":[{"count":4,"href":"https:\/\/europassitalia.com\/ro\/wp-json\/wp\/v2\/pages\/1809\/revisions"}],"predecessor-version":[{"id":1815,"href":"https:\/\/europassitalia.com\/ro\/wp-json\/wp\/v2\/pages\/1809\/revisions\/1815"}],"wp:attachment":[{"href":"https:\/\/europassitalia.com\/ro\/wp-json\/wp\/v2\/media?parent=1809"}],"curies":[{"name":"wp","href":"https:\/\/api.w.org\/{rel}","templated":true}]}}