{"id":205,"date":"2024-10-14T15:14:58","date_gmt":"2024-10-14T15:14:58","guid":{"rendered":"https:\/\/wpriverthemes.com\/gixus\/?page_id=205"},"modified":"2026-01-15T14:13:19","modified_gmt":"2026-01-15T14:13:19","slug":"cils-italian-certificate","status":"publish","type":"page","link":"https:\/\/europassitalia.com\/ro\/cils-italian-certificate\/","title":{"rendered":"Certificatul italian CILS"},"content":{"rendered":"<body>\t\t<div data-elementor-type=\"wp-page\" data-elementor-id=\"205\" class=\"elementor elementor-205\" data-elementor-post-type=\"page\">\n\t\t\t\t<div class=\"elementor-element elementor-element-d65a247 e-con-full e-flex e-con e-parent\" data-id=\"d65a247\" data-element_type=\"container\" data-e-type=\"container\">\n\t\t\t\t<div class=\"elementor-element elementor-element-5189d9c elementor-widget elementor-widget-service_details_widget\" data-id=\"5189d9c\" data-element_type=\"widget\" data-e-type=\"widget\" data-widget_type=\"service_details_widget.default\">\n\t\t\t\t<div class=\"elementor-widget-container\">\n\t\t\t\t\t        <div class=\"services-details-area default-padding\">\n            <div class=\"container\">\n                <div class=\"row\">\n                    <div class=\"col-lg-10 offset-lg-1\">\n                        <div class=\"site-heading text-center\">\n                            <h4 class=\"sub-title\">Detalii despre serviciu<\/h4>\n                            <h2 class=\"title\">Certificatul italian CILS<\/h2>\n                        <\/div>\n                    <\/div>\n                <\/div>\n                <div class=\"services-details-items\">\n                    <div class=\"row\">\n                        <div class=\"col-xl-12 services-single-content\">\n                            <div class=\"thumb mb-50\">\n                                <img decoding=\"async\" src=\"https:\/\/europassitalia.com\/wp-content\/themes\/gixus\/assets\/img\/banner\/21.jpg\" alt=\"Thumb\" loading=\"lazy\">\n                            <\/div>\n                            <p><\/p><p>CILS (Certificazione di Italiano come Lingua Straniera) este un certificat oficial de limb\u0103 italian\u0103 aliniat la CEFR, care valideaz\u0103 competen\u021bele tale de limba italian\u0103 pentru studii, munc\u0103 \u0219i reziden\u021b\u0103.<\/p><p>CILS este oferit la <strong>\u0219ase niveluri, de la A1 la C2<\/strong> \u0219i este recunoscut\u0103 de institu\u021biile \u0219i centrele culturale italiene.<\/p><h2>De ce s\u0103 alegi CILS<\/h2><ul><li><strong>Recunoa\u0219tere oficial\u0103:<\/strong> CILS este dezvoltat de Universitatea pentru Str\u0103ini din Siena \u0219i recunoscut de autorit\u0103\u021bile italiene.<\/li><li><strong>Aliniere la CECR:<\/strong> Examenele corespund direct cu <strong>A1, A2, B1, B2, C1, C2<\/strong>, f\u0103c\u00e2nd rezultatele transferabile \u00een \u00eentreaga Europ\u0103.<\/li><li><strong>Cazuri de utilizare:<\/strong> Util pentru admiterea la universitate, acreditarea profesional\u0103 \u0219i cererile de reziden\u021b\u0103 pe termen lung.<\/li><\/ul><p>\u00a0<\/p><ul><li><strong>Denumirea certific\u0103rii:<\/strong> Certificatul CILS de limba italian\u0103 ca limb\u0103 str\u0103in\u0103<\/li><li><strong>Organizator:<\/strong> Universitatea pentru Str\u0103ini din Siena<\/li><li><strong>Date: <\/strong>2 sesiuni principale pe an (iunie \u0219i decembrie), cu sesiuni suplimentare pentru anumite niveluri.<\/li><li><strong>Niveluri:<\/strong> CILS A1 (A1), CILS A2 (A2), CILS UNO (B1), CILS UNO \u2013 B1 ADOLESCENTI, CILS UNO \u2013 B1 CITTADINANZA, CILS DUE (B2), CILS TRE (C1), CILS QUATTRO (C2)<\/li><li><strong>Centre:<\/strong> Peste 800 de loca\u021bii \u00een \u00eentreaga lume, inclusiv centrul nostru.<\/li><li><strong>Timp de corectare:<\/strong> P\u00e2n\u0103 la 12 s\u0103pt\u0103m\u00e2ni<\/li><li><strong>Note:<\/strong> Fiecare parte a examenului este evaluat\u0103 independent, astfel \u00eenc\u00e2t trebuie s\u0103 fi ob\u021binut nota necesar\u0103 \u00een fiecare sec\u021biune pentru a promova examenul. Dac\u0103 nu este cazul, atunci este posibil s\u0103 sus\u021bine\u021bi din nou sec\u021biunile necesare.<\/li><\/ul><p>Creat\u0103 de Universitatea din Siena, certificarea CILS este certificarea de referin\u021b\u0103 pentru studen\u021bii de limb\u0103 italian\u0103: mai mult de jum\u0103tate dintre studen\u021bii care sus\u021bin un examen oficial de italian\u0103 aleg examenul CILS.<\/p><p>Certificarea CILS este prima certificare de limb\u0103 italian\u0103 care a aplicat \u0219ase niveluri de competen\u021b\u0103 lingvistic\u0103 \u0219i comunicativ\u0103 din Cadrul european comun de referin\u021b\u0103 \u0219i care a oferit certific\u0103ri specifice pentru lucr\u0103torii str\u0103ini din Italia.<\/p><p>Prin intermediul examenului sunt evaluate competen\u021bele lingvistico-comunicative \u0219i cele patru abilit\u0103\u021bi de baz\u0103, prin urmare, examenul este \u00eemp\u0103r\u021bit \u00een patru sec\u021biuni (competen\u021b\u0103 oral\u0103, scris\u0103, morfosintactic\u0103 \u0219i lexical\u0103, \u00een\u021belegerea textelor scrise \u0219i \u00een\u021belegerea textelor orale). Examenul const\u0103 at\u00e2t \u00een \u00eentreb\u0103ri \u00eenchise (\u00eentreb\u0103ri cu r\u0103spunsuri multiple), c\u00e2t \u0219i \u00een \u00eentreb\u0103ri semi-structurate (reelaborarea textelor pornind de la elemente de date) \u0219i deschise (dezvoltarea liber\u0103 a unui subiect).<\/p><p>Certificatele CILS sunt recunoscute at\u00e2t la locul de munc\u0103, \u00een \u00eenv\u0103\u021b\u0103m\u00e2nt, c\u00e2t \u0219i la universitate. Ministerul Afacerilor Externe recunoa\u0219te modulul de certificare CILS A2 ca un certificat valabil de competen\u021b\u0103 \u00een limba italian\u0103 pentru ob\u021binerea permisului de \u0219edere CE pentru reziden\u021bii pe termen lung.<\/p>\n                            <div class=\"process-style-one-items mt-50\">\n                                <div class=\"choose-us-one-thumb\">\n                                    <div class=\"content\">\n                                                                                <div class=\"left-info\">\n                                            <h2 class=\"title\">Cum s\u0103 ob\u021bine\u021bi certificatul CILS<\/h2>\n                                        <\/div>\n                                                                                <div class=\"process-style-one\">\n                                                                                            <div class=\"process-style-one-item wow fadeInRight\" data-wow-delay=\"0ms\">\n                                                    <span>1<\/span>\n                                                    <h4>Contacta\u021bi-ne prin formularul de contact sau WhatsApp<\/h4>\n                                                    <p><\/p>\n                                                <\/div>\n                                                                                            <div class=\"process-style-one-item wow fadeInRight\" data-wow-delay=\"200ms\">\n                                                    <span>2<\/span>\n                                                    <h4>Efectua\u021bi plata necesar\u0103<\/h4>\n                                                    <p><\/p>\n                                                <\/div>\n                                                                                            <div class=\"process-style-one-item wow fadeInRight\" data-wow-delay=\"400ms\">\n                                                    <span>3<\/span>\n                                                    <h4>A\u0219tepta\u021bi eliberarea certificatului.<\/h4>\n                                                    <p><\/p>\n                                                <\/div>\n                                                                                    <\/div>\n                                    <\/div>\n                                <\/div>\n                            <\/div>\n                        <\/div>\n                    <\/div>\n                <\/div>\n            <\/div>\n        <\/div>\n        \t\t\t\t<\/div>\n\t\t\t\t<\/div>\n\t\t\t\t<\/div>\n\t\t\t\t<\/div>\n\t\t<\/body>","protected":false},"excerpt":{"rendered":"<p>Service Details CILS Italian Certificate The CILS (Certificazione di Italiano come Lingua Straniera) is an official Italian language certificate aligned to the CEFR that validates your Italian skills for study, work, and residency. The CILS is offered at six levels from A1 to C2 and is recognized by Italian institutions and cultural centres. Why choose [&hellip;]<\/p>\n","protected":false},"author":1,"featured_media":0,"parent":0,"menu_order":0,"comment_status":"closed","ping_status":"closed","template":"elementor_header_footer","meta":{"om_disable_all_campaigns":false,"_monsterinsights_skip_tracking":false,"_monsterinsights_sitenote_active":false,"_monsterinsights_sitenote_note":"","_monsterinsights_sitenote_category":0,"_joinchat":[],"footnotes":""},"class_list":["post-205","page","type-page","status-publish","hentry"],"aioseo_notices":[],"_links":{"self":[{"href":"https:\/\/europassitalia.com\/ro\/wp-json\/wp\/v2\/pages\/205","targetHints":{"allow":["GET"]}}],"collection":[{"href":"https:\/\/europassitalia.com\/ro\/wp-json\/wp\/v2\/pages"}],"about":[{"href":"https:\/\/europassitalia.com\/ro\/wp-json\/wp\/v2\/types\/page"}],"author":[{"embeddable":true,"href":"https:\/\/europassitalia.com\/ro\/wp-json\/wp\/v2\/users\/1"}],"replies":[{"embeddable":true,"href":"https:\/\/europassitalia.com\/ro\/wp-json\/wp\/v2\/comments?post=205"}],"version-history":[{"count":5,"href":"https:\/\/europassitalia.com\/ro\/wp-json\/wp\/v2\/pages\/205\/revisions"}],"predecessor-version":[{"id":1800,"href":"https:\/\/europassitalia.com\/ro\/wp-json\/wp\/v2\/pages\/205\/revisions\/1800"}],"wp:attachment":[{"href":"https:\/\/europassitalia.com\/ro\/wp-json\/wp\/v2\/media?parent=205"}],"curies":[{"name":"wp","href":"https:\/\/api.w.org\/{rel}","templated":true}]}}