{"id":795,"date":"2024-10-16T13:02:11","date_gmt":"2024-10-16T13:02:11","guid":{"rendered":"https:\/\/wpriverthemes.com\/gixus\/?page_id=795"},"modified":"2026-01-15T14:25:05","modified_gmt":"2026-01-15T14:25:05","slug":"celi-italian-certificate","status":"publish","type":"page","link":"https:\/\/europassitalia.com\/ro\/celi-italian-certificate\/","title":{"rendered":"Certificatul CELI de limba italian\u0103"},"content":{"rendered":"<body>\t\t<div data-elementor-type=\"wp-page\" data-elementor-id=\"795\" class=\"elementor elementor-795\" data-elementor-post-type=\"page\">\n\t\t\t\t<div class=\"elementor-element elementor-element-d65a247 e-con-full e-flex e-con e-parent\" data-id=\"d65a247\" data-element_type=\"container\" data-e-type=\"container\">\n\t\t\t\t<div class=\"elementor-element elementor-element-5189d9c elementor-widget elementor-widget-service_details_widget\" data-id=\"5189d9c\" data-element_type=\"widget\" data-e-type=\"widget\" data-widget_type=\"service_details_widget.default\">\n\t\t\t\t<div class=\"elementor-widget-container\">\n\t\t\t\t\t        <div class=\"services-details-area default-padding\">\n            <div class=\"container\">\n                <div class=\"row\">\n                    <div class=\"col-lg-10 offset-lg-1\">\n                        <div class=\"site-heading text-center\">\n                            <h4 class=\"sub-title\">Detalii despre serviciu<\/h4>\n                            <h2 class=\"title\">Certificatul CELI de limba italian\u0103<\/h2>\n                        <\/div>\n                    <\/div>\n                <\/div>\n                <div class=\"services-details-items\">\n                    <div class=\"row\">\n                        <div class=\"col-xl-12 services-single-content\">\n                            <div class=\"thumb mb-50\">\n                                <img decoding=\"async\" src=\"https:\/\/wpriverthemes.com\/gixus\/wp-content\/uploads\/2024\/10\/4-3.jpg\" alt=\"Thumb\" loading=\"lazy\">\n                            <\/div>\n                            <p><\/p><p>CELI (Certificato di Conoscenza della Lingua Italiana) este un certificat oficial de limb\u0103 italian\u0103 eliberat de Universitatea pentru Str\u0103ini din Perugia \u0219i aliniat la nivelurile CEFR A1\u2013C2.<\/p><p>\u2014 ideal pentru munc\u0103, studiu \u0219i scopuri administrative.<\/p><h2>De ce CELI este important<\/h2><ul><li><strong>Emitent oficial:<\/strong> CELI este emis de Universitatea pentru Str\u0103ini din Perugia, o autoritate recunoscut\u0103 \u00een certificarea limbii italiene.<\/li><li><strong>Acoperire CEFR:<\/strong> <strong>CELI acoper\u0103 nivelurile A1, A2, B1, B2, C1, C2<\/strong>, astfel \u00eenc\u00e2t candida\u021bii s\u0103 poat\u0103 alege nivelul care corespunde obiectivelor lor.<\/li><li><strong>Utiliz\u0103ri practice:<\/strong> <strong>CELI A2 \u0219i B1<\/strong> sunt utilizate \u00een mod obi\u0219nuit pentru permisele de \u0219edere \u0219i procedurile de ob\u021binere a cet\u0103\u021beniei \u00een cadrul unor programe; centrele locale public\u0103 regulile, datele \u0219i taxele exacte.<\/li><\/ul><p>\u00a0<\/p><ul><li><strong>Denumirea certific\u0103rii:<\/strong>\u00a0Certificatul CELI de limb\u0103 italian\u0103<\/li><li><strong>Organizator:<\/strong> Universitatea pentru Str\u0103ini din Perugia<\/li><li><strong>Date: <\/strong>3 sesiuni principale pe an (prim\u0103vara, vara \u0219i toamna)<\/li><li><strong>Niveluri:<\/strong> CELI IMPATTO \u2013 A1, CELI 1 \u2013 A2, CELI \u2013 B1, CELI 3 \u2013 B2, CELI 4 \u2013 C1, CELI 5 \u2013 C2<\/li><li><strong>Centre:<\/strong> Disponibil \u00een numeroase centre din \u00eentreaga lume (inclusiv \u00een centrul nostru)<\/li><li><strong>Timp de corectare:<\/strong> P\u00e2n\u0103 la 12 s\u0103pt\u0103m\u00e2ni. Livrarea certificatului poate dura p\u00e2n\u0103 la 4 luni suplimentare.<\/li><li><strong>Note: <\/strong>Pe l\u00e2ng\u0103 certificatele CELI tradi\u021bionale, exist\u0103 \u0219i certificatele CELI Immigrati (imigran\u021bi) \u0219i CELI Adolescenti (adolescen\u021bi). CELI Immigrati este destinat\u0103 cet\u0103\u021benilor str\u0103ini care au imigrat \u00een Italia \u0219i este disponibil\u0103 \u0219i pentru studen\u021bii cu un nivel de educa\u021bie foarte sc\u0103zut. CELI Adolescenti se adreseaz\u0103 copiilor cu v\u00e2rste cuprinse \u00eentre 13 \u0219i 17 ani. Diferen\u021bele dintre aceste dou\u0103 tipuri de certific\u0103ri constau \u00een genurile textuale \u0219i sarcinile distincte, f\u0103r\u0103 modific\u0103ri \u00een cadrul examenului.<\/li><\/ul>\n                            <div class=\"process-style-one-items mt-50\">\n                                <div class=\"choose-us-one-thumb\">\n                                    <div class=\"content\">\n                                                                                <div class=\"left-info\">\n                                            <h2 class=\"title\">Cum se ob\u021bine certificatul CELI<\/h2>\n                                        <\/div>\n                                                                                <div class=\"process-style-one\">\n                                                                                            <div class=\"process-style-one-item wow fadeInRight\" data-wow-delay=\"0ms\">\n                                                    <span>1<\/span>\n                                                    <h4>Contacta\u021bi-ne prin WhatsApp sau formularul de contact<\/h4>\n                                                    <p><\/p>\n                                                <\/div>\n                                                                                            <div class=\"process-style-one-item wow fadeInRight\" data-wow-delay=\"200ms\">\n                                                    <span>2<\/span>\n                                                    <h4>Efectua\u021bi plata necesar\u0103<\/h4>\n                                                    <p><\/p>\n                                                <\/div>\n                                                                                            <div class=\"process-style-one-item wow fadeInRight\" data-wow-delay=\"400ms\">\n                                                    <span>3<\/span>\n                                                    <h4>A\u0219tepta\u021bi eliberarea certificatului.<\/h4>\n                                                    <p><\/p>\n                                                <\/div>\n                                                                                    <\/div>\n                                    <\/div>\n                                <\/div>\n                            <\/div>\n                        <\/div>\n                    <\/div>\n                <\/div>\n            <\/div>\n        <\/div>\n        \t\t\t\t<\/div>\n\t\t\t\t<\/div>\n\t\t\t\t<\/div>\n\t\t\t\t<\/div>\n\t\t<\/body>","protected":false},"excerpt":{"rendered":"<p>Service Details CELI Italian Certificate The CELI (Certificato di Conoscenza della Lingua Italiana) is an official Italian language certificate issued by the University for Foreigners of Perugia and aligned to the CEFR levels A1\u2013C2 \u2014 ideal for work, study, and administrative purposes. Why CELI matters Official issuer: CELI is issued by the University for Foreigners [&hellip;]<\/p>\n","protected":false},"author":1,"featured_media":0,"parent":0,"menu_order":0,"comment_status":"closed","ping_status":"closed","template":"page-templates\/home.php","meta":{"om_disable_all_campaigns":false,"_monsterinsights_skip_tracking":false,"_monsterinsights_sitenote_active":false,"_monsterinsights_sitenote_note":"","_monsterinsights_sitenote_category":0,"_joinchat":[],"footnotes":""},"class_list":["post-795","page","type-page","status-publish","hentry"],"aioseo_notices":[],"_links":{"self":[{"href":"https:\/\/europassitalia.com\/ro\/wp-json\/wp\/v2\/pages\/795","targetHints":{"allow":["GET"]}}],"collection":[{"href":"https:\/\/europassitalia.com\/ro\/wp-json\/wp\/v2\/pages"}],"about":[{"href":"https:\/\/europassitalia.com\/ro\/wp-json\/wp\/v2\/types\/page"}],"author":[{"embeddable":true,"href":"https:\/\/europassitalia.com\/ro\/wp-json\/wp\/v2\/users\/1"}],"replies":[{"embeddable":true,"href":"https:\/\/europassitalia.com\/ro\/wp-json\/wp\/v2\/comments?post=795"}],"version-history":[{"count":5,"href":"https:\/\/europassitalia.com\/ro\/wp-json\/wp\/v2\/pages\/795\/revisions"}],"predecessor-version":[{"id":1804,"href":"https:\/\/europassitalia.com\/ro\/wp-json\/wp\/v2\/pages\/795\/revisions\/1804"}],"wp:attachment":[{"href":"https:\/\/europassitalia.com\/ro\/wp-json\/wp\/v2\/media?parent=795"}],"curies":[{"name":"wp","href":"https:\/\/api.w.org\/{rel}","templated":true}]}}