{"id":205,"date":"2024-10-14T15:14:58","date_gmt":"2024-10-14T15:14:58","guid":{"rendered":"https:\/\/wpriverthemes.com\/gixus\/?page_id=205"},"modified":"2026-01-15T14:13:19","modified_gmt":"2026-01-15T14:13:19","slug":"cils-italian-certificate","status":"publish","type":"page","link":"https:\/\/europassitalia.com\/sq\/cils-italian-certificate\/","title":{"rendered":"Certifikata italiane CILS"},"content":{"rendered":"<body>\t\t<div data-elementor-type=\"wp-page\" data-elementor-id=\"205\" class=\"elementor elementor-205\" data-elementor-post-type=\"page\">\n\t\t\t\t<div class=\"elementor-element elementor-element-d65a247 e-con-full e-flex e-con e-parent\" data-id=\"d65a247\" data-element_type=\"container\" data-e-type=\"container\">\n\t\t\t\t<div class=\"elementor-element elementor-element-5189d9c elementor-widget elementor-widget-service_details_widget\" data-id=\"5189d9c\" data-element_type=\"widget\" data-e-type=\"widget\" data-widget_type=\"service_details_widget.default\">\n\t\t\t\t<div class=\"elementor-widget-container\">\n\t\t\t\t\t        <div class=\"services-details-area default-padding\">\n            <div class=\"container\">\n                <div class=\"row\">\n                    <div class=\"col-lg-10 offset-lg-1\">\n                        <div class=\"site-heading text-center\">\n                            <h4 class=\"sub-title\">Detajet e sh\u00ebrbimit<\/h4>\n                            <h2 class=\"title\">Certifikata italiane CILS<\/h2>\n                        <\/div>\n                    <\/div>\n                <\/div>\n                <div class=\"services-details-items\">\n                    <div class=\"row\">\n                        <div class=\"col-xl-12 services-single-content\">\n                            <div class=\"thumb mb-50\">\n                                <img decoding=\"async\" src=\"https:\/\/europassitalia.com\/wp-content\/themes\/gixus\/assets\/img\/banner\/21.jpg\" alt=\"Thumb\" loading=\"lazy\">\n                            <\/div>\n                            <p><\/p><p>CILS (Certificazione di Italiano come Lingua Straniera) \u00ebsht\u00eb nj\u00eb certifikat\u00eb zyrtare e gjuh\u00ebs italiane, e p\u00ebrputhur me CEFR-in, q\u00eb v\u00ebrteton aft\u00ebsit\u00eb tuaja n\u00eb italisht p\u00ebr studime, pun\u00eb dhe q\u00ebndrim.<\/p><p>CILS ofrohet n\u00eb <strong>gjasht\u00eb nivele nga A1 n\u00eb C2<\/strong> agus a aithn\u00edonn institi\u00faid\u00ed agus ionaid chult\u00fartha na hIod\u00e1ile.<\/p><h2>Pse t\u00eb zgjidhni CILS<\/h2><ul><li><strong>Njohje zyrtare:<\/strong> CILS \u00ebsht\u00eb zhvilluar nga Universiteti p\u00ebr t\u00eb Huajt i Sien\u00ebs dhe njihet nga autoritetet italiane.<\/li><li><strong>P\u00ebrputhshm\u00ebria me CEFR:<\/strong> Provimet lidhen drejtp\u00ebrdrejt me <strong>A1, A2, B1, B2, C1, C2<\/strong>, duke b\u00ebr\u00eb rezultatet t\u00eb bartshme n\u00eb t\u00eb gjith\u00eb Evrop\u00ebn.<\/li><li><strong>Rastet e p\u00ebrdorimit:<\/strong> I dobish\u00ebm p\u00ebr pranimin n\u00eb universitet, kualifikimet profesionale dhe aplikimet p\u00ebr q\u00ebndrim afatgjat\u00eb.<\/li><\/ul><p>\u00a0<\/p><ul><li><strong>Emri i certifikimit:<\/strong> Certifikata italiane CILS si gjuh\u00eb e huaj<\/li><li><strong>Organizatori:<\/strong> Universiteti p\u00ebr t\u00eb Huajt i Sien\u00ebs<\/li><li><strong>Datat: <\/strong>2 seanca kryesore n\u00eb vit (qershor dhe dhjetor), me seanca shtes\u00eb p\u00ebr disa nivele.<\/li><li><strong>Nivelet:<\/strong> CILS A1 (A1), CILS A2 (A2), CILS UNO (B1), CILS UNO \u2013 B1 ADOLESCENTI, CILS UNO \u2013 B1 CITTADINANZA, CILS DUE (B2), CILS TRE (C1), CILS QUATTRO (C2)<\/li><li><strong>Qendrat:<\/strong> Mbi 800 lokacione n\u00eb mbar\u00eb bot\u00ebn, p\u00ebrfshir\u00eb qendr\u00ebn ton\u00eb.<\/li><li><strong>Koha e korrigjimit:<\/strong> Deri n\u00eb 12 jav\u00eb<\/li><li><strong>Sh\u00ebnime:<\/strong> \u00c7do pjes\u00eb e provimit vler\u00ebsohet n\u00eb m\u00ebnyr\u00eb t\u00eb pavarur, k\u00ebshtu q\u00eb duhet t\u00eb keni marr\u00eb not\u00ebn e nevojshme n\u00eb secil\u00ebn pjes\u00eb p\u00ebr t\u00eb kaluar provimin. N\u00ebse kjo nuk \u00ebsht\u00eb e mundur, at\u00ebher\u00eb mund t\u00eb rip\u00ebrs\u00ebritni pjes\u00ebt e nevojshme.<\/li><\/ul><p>E krijuar nga Universiteti i Sien\u00ebs, certifikata CILS \u00ebsht\u00eb certifikata referenc\u00eb p\u00ebr student\u00ebt e gjuh\u00ebs italiane: m\u00eb shum\u00eb se gjysma e student\u00ebve q\u00eb japin nj\u00eb provim zyrtar t\u00eb italishtes zgjedhin provimin CILS.<\/p><p>Certifikimi CILS \u00ebsht\u00eb certifikimi i par\u00eb i gjuh\u00ebs italiane q\u00eb ka zbatuar gjasht\u00eb nivele t\u00eb kompetenc\u00ebs gjuh\u00ebsore-komunikative nga Korniza e P\u00ebrbashk\u00ebt Evropiane e Referenc\u00ebs dhe q\u00eb ka ofruar certifikime specifike p\u00ebr pun\u00ebtor\u00ebt e huaj n\u00eb Itali.<\/p><p>P\u00ebrmes provimit vler\u00ebsohen kompetencat gjuh\u00ebsore-komunikative dhe kat\u00ebr aft\u00ebsit\u00eb themelore, prandaj provimi ndahet n\u00eb kat\u00ebr seksione (gojor, i shkruar, morfosintaksor dhe leksikor, kuptimi i teksteve t\u00eb shkruara dhe kuptimi i teksteve t\u00eb folura). Provimi p\u00ebrb\u00ebhet nga pyetje t\u00eb mbyllura (pyetje me zgjedhje t\u00eb shumt\u00eb) dhe pyetje gjysm\u00eb t\u00eb strukturuara (ri-p\u00ebrpunim i teksteve duke u nisur nga element\u00eb t\u00eb dh\u00ebnash) dhe pyetje t\u00eb hapura (zhvillim i lir\u00eb i nj\u00eb teme).<\/p><p>Certifikimet CILS njihen si n\u00eb vendin e pun\u00ebs, ashtu edhe n\u00eb arsim dhe n\u00eb universitet. Ministria e Pun\u00ebve t\u00eb Jashtme njeh modul\u00ebn e certifikimit CILS A2 si nj\u00eb certifikat\u00eb t\u00eb vlefshme t\u00eb kompetenc\u00ebs n\u00eb gjuh\u00ebn italiane p\u00ebr t\u00eb marr\u00eb Lejen e Banimit t\u00eb BE-s\u00eb p\u00ebr banor\u00ebt afatgjat\u00eb.<\/p>\n                            <div class=\"process-style-one-items mt-50\">\n                                <div class=\"choose-us-one-thumb\">\n                                    <div class=\"content\">\n                                                                                <div class=\"left-info\">\n                                            <h2 class=\"title\">Si t\u00eb merrni certifikat\u00ebn tuaj CILS<\/h2>\n                                        <\/div>\n                                                                                <div class=\"process-style-one\">\n                                                                                            <div class=\"process-style-one-item wow fadeInRight\" data-wow-delay=\"0ms\">\n                                                    <span>1<\/span>\n                                                    <h4>Na kontaktoni p\u00ebrmes formularit t\u00eb kontaktit ose WhatsApp<\/h4>\n                                                    <p><\/p>\n                                                <\/div>\n                                                                                            <div class=\"process-style-one-item wow fadeInRight\" data-wow-delay=\"200ms\">\n                                                    <span>2<\/span>\n                                                    <h4>B\u00ebni pages\u00ebn tuaj t\u00eb nevojshme<\/h4>\n                                                    <p><\/p>\n                                                <\/div>\n                                                                                            <div class=\"process-style-one-item wow fadeInRight\" data-wow-delay=\"400ms\">\n                                                    <span>3<\/span>\n                                                    <h4>Prisni q\u00eb certifikata juaj t\u00eb l\u00ebshohet<\/h4>\n                                                    <p><\/p>\n                                                <\/div>\n                                                                                    <\/div>\n                                    <\/div>\n                                <\/div>\n                            <\/div>\n                        <\/div>\n                    <\/div>\n                <\/div>\n            <\/div>\n        <\/div>\n        \t\t\t\t<\/div>\n\t\t\t\t<\/div>\n\t\t\t\t<\/div>\n\t\t\t\t<\/div>\n\t\t<\/body>","protected":false},"excerpt":{"rendered":"<p>Service Details CILS Italian Certificate The CILS (Certificazione di Italiano come Lingua Straniera) is an official Italian language certificate aligned to the CEFR that validates your Italian skills for study, work, and residency. The CILS is offered at six levels from A1 to C2 and is recognized by Italian institutions and cultural centres. Why choose [&hellip;]<\/p>\n","protected":false},"author":1,"featured_media":0,"parent":0,"menu_order":0,"comment_status":"closed","ping_status":"closed","template":"elementor_header_footer","meta":{"om_disable_all_campaigns":false,"_monsterinsights_skip_tracking":false,"_monsterinsights_sitenote_active":false,"_monsterinsights_sitenote_note":"","_monsterinsights_sitenote_category":0,"_joinchat":[],"footnotes":""},"class_list":["post-205","page","type-page","status-publish","hentry"],"aioseo_notices":[],"_links":{"self":[{"href":"https:\/\/europassitalia.com\/sq\/wp-json\/wp\/v2\/pages\/205","targetHints":{"allow":["GET"]}}],"collection":[{"href":"https:\/\/europassitalia.com\/sq\/wp-json\/wp\/v2\/pages"}],"about":[{"href":"https:\/\/europassitalia.com\/sq\/wp-json\/wp\/v2\/types\/page"}],"author":[{"embeddable":true,"href":"https:\/\/europassitalia.com\/sq\/wp-json\/wp\/v2\/users\/1"}],"replies":[{"embeddable":true,"href":"https:\/\/europassitalia.com\/sq\/wp-json\/wp\/v2\/comments?post=205"}],"version-history":[{"count":5,"href":"https:\/\/europassitalia.com\/sq\/wp-json\/wp\/v2\/pages\/205\/revisions"}],"predecessor-version":[{"id":1800,"href":"https:\/\/europassitalia.com\/sq\/wp-json\/wp\/v2\/pages\/205\/revisions\/1800"}],"wp:attachment":[{"href":"https:\/\/europassitalia.com\/sq\/wp-json\/wp\/v2\/media?parent=205"}],"curies":[{"name":"wp","href":"https:\/\/api.w.org\/{rel}","templated":true}]}}