{"id":1809,"date":"2026-01-15T15:01:26","date_gmt":"2026-01-15T15:01:26","guid":{"rendered":"https:\/\/europassitalia.com\/?page_id=1809"},"modified":"2026-01-17T07:16:25","modified_gmt":"2026-01-17T07:16:25","slug":"ielts-test","status":"publish","type":"page","link":"https:\/\/europassitalia.com\/sv\/ielts-test\/","title":{"rendered":"IELTS-test"},"content":{"rendered":"<body>\t\t<div data-elementor-type=\"wp-page\" data-elementor-id=\"1809\" class=\"elementor elementor-1809\" data-elementor-post-type=\"page\">\n\t\t\t\t<div class=\"elementor-element elementor-element-d65a247 e-con-full e-flex e-con e-parent\" data-id=\"d65a247\" data-element_type=\"container\" data-e-type=\"container\">\n\t\t\t\t<div class=\"elementor-element elementor-element-5189d9c elementor-widget elementor-widget-service_details_widget\" data-id=\"5189d9c\" data-element_type=\"widget\" data-e-type=\"widget\" data-widget_type=\"service_details_widget.default\">\n\t\t\t\t<div class=\"elementor-widget-container\">\n\t\t\t\t\t        <div class=\"services-details-area default-padding\">\n            <div class=\"container\">\n                <div class=\"row\">\n                    <div class=\"col-lg-10 offset-lg-1\">\n                        <div class=\"site-heading text-center\">\n                            <h4 class=\"sub-title\">Tj\u00e4nstdetaljer<\/h4>\n                            <h2 class=\"title\">IELTS-test<\/h2>\n                        <\/div>\n                    <\/div>\n                <\/div>\n                <div class=\"services-details-items\">\n                    <div class=\"row\">\n                        <div class=\"col-xl-12 services-single-content\">\n                            <div class=\"thumb mb-50\">\n                                <img decoding=\"async\" src=\"https:\/\/europassitalia.com\/wp-content\/uploads\/2021\/01\/v1.jpg\" alt=\"Thumb\" loading=\"lazy\">\n                            <\/div>\n                            <p><!--StartFragment --><\/p><p>IELTS (International English Language Testing System) \u00e4r ett globalt erk\u00e4nt engelsktest som anv\u00e4nds f\u00f6r studier, arbete och migration. Det accepteras av tusentals organisationer v\u00e4rlden \u00f6ver och erbjuds i flera format, inklusive papper, dator och online.<\/p><p>.<\/p><h2>Varf\u00f6r IELTS \u00e4r viktigt<\/h2><ul><li><strong>Globalt erk\u00e4nnande:<\/strong> Godk\u00e4nt av <strong>\u00f6ver 12 500 organisationer i mer \u00e4n 140 l\u00e4nder<\/strong>, inklusive universitet, arbetsgivare och immigrationsmyndigheter.<\/li><li><strong>Officiellt \u00e4gande:<\/strong> IELTS f\u00f6rvaltas gemensamt av British Council, IDP och Cambridge Assessment English.<\/li><li><strong>Po\u00e4ng:<\/strong> <strong>Bandpo\u00e4ngen varierar mellan 1 och 9.<\/strong>, med tydliga beskrivningar f\u00f6r varje niv\u00e5 f\u00f6r att hj\u00e4lpa anv\u00e4ndarna att v\u00e4lja m\u00e5lpo\u00e4ng.<\/li><\/ul><h2>Testtyper<\/h2><ul><li><strong>IELTS Akademisk<\/strong> \u2014 f\u00f6r universitet och h\u00f6gre utbildning.<\/li><li><strong>IELTS Allm\u00e4n utbildning<\/strong> \u2014 f\u00f6r arbete och migration.<\/li><li><strong>IELTS Online \/ Datorbaserat<\/strong> \u2014 d\u00e4r det \u00e4r tillg\u00e4ngligt; bekr\u00e4fta lokal acceptans med institutionerna.<\/li><\/ul><p><!--StartFragment --><\/p><h2>F\u00f6rberedelse<\/h2><ul><li><strong>Gratis provtester<\/strong> och officiella \u00f6vningsmaterial.<\/li><li><strong>Studieplaner<\/strong>: 8\u201312 veckors planer f\u00f6r +1,0 bandf\u00f6rb\u00e4ttring; m\u00e5linriktade f\u00e4rdigheter per modul.<\/li><li><strong>Betalda kurser<\/strong>: intensivkurser kontra deltidsalternativ; provtester och tal\u00f6vningar.<\/li><\/ul><h2>Registrering och logistik<\/h2><ul><li><strong>Hur man bokar<\/strong>, ID-krav, regler f\u00f6r testdagen och tidsplaner f\u00f6r resultat. L\u00e4nk till lokala testcenter och bokningssidor.<\/li><\/ul><h2>Vanliga fr\u00e5gor<\/h2><ul><li><em>Vilket prov f\u00f6r antagning till universitetet?<\/em> \u2014 <strong>Akademisk<\/strong>.<\/li><li><em>Hur l\u00e4nge \u00e4r resultaten giltiga?<\/em> \u2014 <strong>Tv\u00e5 \u00e5r<\/strong> (ange detta tydligt och kontrollera lokalt).<\/li><\/ul><p><!--EndFragment --><\/p><p>\u00a0<\/p><!--EndFragment -->\n                            <div class=\"process-style-one-items mt-50\">\n                                <div class=\"choose-us-one-thumb\">\n                                    <div class=\"content\">\n                                                                                <div class=\"left-info\">\n                                            <h2 class=\"title\">Hur man f\u00e5r ett IELTS-certifikat<\/h2>\n                                        <\/div>\n                                                                                <div class=\"process-style-one\">\n                                                                                            <div class=\"process-style-one-item wow fadeInRight\" data-wow-delay=\"0ms\">\n                                                    <span>1<\/span>\n                                                    <h4>Kontakta oss via WhatsApp eller kontaktformul\u00e4r<\/h4>\n                                                    <p><\/p>\n                                                <\/div>\n                                                                                            <div class=\"process-style-one-item wow fadeInRight\" data-wow-delay=\"200ms\">\n                                                    <span>2<\/span>\n                                                    <h4>G\u00f6r n\u00f6dv\u00e4ndig betalning<\/h4>\n                                                    <p><\/p>\n                                                <\/div>\n                                                                                            <div class=\"process-style-one-item wow fadeInRight\" data-wow-delay=\"400ms\">\n                                                    <span>3<\/span>\n                                                    <h4>V\u00e4nta tills ditt certifikat har utf\u00e4rdats.<\/h4>\n                                                    <p><\/p>\n                                                <\/div>\n                                                                                    <\/div>\n                                    <\/div>\n                                <\/div>\n                            <\/div>\n                        <\/div>\n                    <\/div>\n                <\/div>\n            <\/div>\n        <\/div>\n        \t\t\t\t<\/div>\n\t\t\t\t<\/div>\n\t\t\t\t<\/div>\n\t\t\t\t<\/div>\n\t\t<\/body>","protected":false},"excerpt":{"rendered":"<p>Service Details IELTS Test IELTS (International English Language Testing System) is a globally recognized English test used for study, work, and migration; it\u2019s accepted by thousands of organisations worldwide and offered in multiple formats including paper, computer, and online . Why IELTS matters Global recognition: Accepted by over 12,500 organisations in 140+ countries, including universities, [&hellip;]<\/p>\n","protected":false},"author":1,"featured_media":0,"parent":0,"menu_order":0,"comment_status":"closed","ping_status":"closed","template":"page-templates\/home.php","meta":{"om_disable_all_campaigns":false,"_monsterinsights_skip_tracking":false,"_monsterinsights_sitenote_active":false,"_monsterinsights_sitenote_note":"","_monsterinsights_sitenote_category":0,"_joinchat":[],"footnotes":""},"class_list":["post-1809","page","type-page","status-publish","hentry"],"aioseo_notices":[],"_links":{"self":[{"href":"https:\/\/europassitalia.com\/sv\/wp-json\/wp\/v2\/pages\/1809","targetHints":{"allow":["GET"]}}],"collection":[{"href":"https:\/\/europassitalia.com\/sv\/wp-json\/wp\/v2\/pages"}],"about":[{"href":"https:\/\/europassitalia.com\/sv\/wp-json\/wp\/v2\/types\/page"}],"author":[{"embeddable":true,"href":"https:\/\/europassitalia.com\/sv\/wp-json\/wp\/v2\/users\/1"}],"replies":[{"embeddable":true,"href":"https:\/\/europassitalia.com\/sv\/wp-json\/wp\/v2\/comments?post=1809"}],"version-history":[{"count":4,"href":"https:\/\/europassitalia.com\/sv\/wp-json\/wp\/v2\/pages\/1809\/revisions"}],"predecessor-version":[{"id":1815,"href":"https:\/\/europassitalia.com\/sv\/wp-json\/wp\/v2\/pages\/1809\/revisions\/1815"}],"wp:attachment":[{"href":"https:\/\/europassitalia.com\/sv\/wp-json\/wp\/v2\/media?parent=1809"}],"curies":[{"name":"wp","href":"https:\/\/api.w.org\/{rel}","templated":true}]}}