{"id":205,"date":"2024-10-14T15:14:58","date_gmt":"2024-10-14T15:14:58","guid":{"rendered":"https:\/\/wpriverthemes.com\/gixus\/?page_id=205"},"modified":"2026-01-15T14:13:19","modified_gmt":"2026-01-15T14:13:19","slug":"cils-italian-certificate","status":"publish","type":"page","link":"https:\/\/europassitalia.com\/sv\/cils-italian-certificate\/","title":{"rendered":"CILS italienskt certifikat"},"content":{"rendered":"<body>\t\t<div data-elementor-type=\"wp-page\" data-elementor-id=\"205\" class=\"elementor elementor-205\" data-elementor-post-type=\"page\">\n\t\t\t\t<div class=\"elementor-element elementor-element-d65a247 e-con-full e-flex e-con e-parent\" data-id=\"d65a247\" data-element_type=\"container\" data-e-type=\"container\">\n\t\t\t\t<div class=\"elementor-element elementor-element-5189d9c elementor-widget elementor-widget-service_details_widget\" data-id=\"5189d9c\" data-element_type=\"widget\" data-e-type=\"widget\" data-widget_type=\"service_details_widget.default\">\n\t\t\t\t<div class=\"elementor-widget-container\">\n\t\t\t\t\t        <div class=\"services-details-area default-padding\">\n            <div class=\"container\">\n                <div class=\"row\">\n                    <div class=\"col-lg-10 offset-lg-1\">\n                        <div class=\"site-heading text-center\">\n                            <h4 class=\"sub-title\">Tj\u00e4nstdetaljer<\/h4>\n                            <h2 class=\"title\">CILS italienskt certifikat<\/h2>\n                        <\/div>\n                    <\/div>\n                <\/div>\n                <div class=\"services-details-items\">\n                    <div class=\"row\">\n                        <div class=\"col-xl-12 services-single-content\">\n                            <div class=\"thumb mb-50\">\n                                <img decoding=\"async\" src=\"https:\/\/europassitalia.com\/wp-content\/themes\/gixus\/assets\/img\/banner\/21.jpg\" alt=\"Thumb\" loading=\"lazy\">\n                            <\/div>\n                            <p><\/p><p>CILS (Certificazione di Italiano come Lingua Straniera) \u00e4r ett officiellt italienskt spr\u00e5kkertifikat som \u00e4r anpassat till CEFR och som validerar dina italienska kunskaper f\u00f6r studier, arbete och bos\u00e4ttning.<\/p><p>CILS erbjuds p\u00e5 <strong>sex niv\u00e5er fr\u00e5n A1 till C2<\/strong> och \u00e4r erk\u00e4nd av italienska institutioner och kulturcentrum.<\/p><h2>Varf\u00f6r v\u00e4lja CILS?<\/h2><ul><li><strong>Officiellt erk\u00e4nnande:<\/strong> CILS har utvecklats av Universitetet f\u00f6r utl\u00e4nningar i Siena och \u00e4r erk\u00e4nt av italienska myndigheter.<\/li><li><strong>CEFR-anpassning:<\/strong> Examinationer motsvarar direkt <strong>A1, A2, B1, B2, C1, C2<\/strong>, vilket g\u00f6r resultaten \u00f6verf\u00f6rbara inom hela Europa.<\/li><li><strong>Anv\u00e4ndningsfall:<\/strong> Anv\u00e4ndbart f\u00f6r antagning till universitet, yrkeslegitimation och ans\u00f6kningar om l\u00e5ngvarigt uppeh\u00e5llstillst\u00e5nd.<\/li><\/ul><p>\u00a0<\/p><ul><li><strong>Certifieringsnamn:<\/strong> CILS-certifikat i italienska som fr\u00e4mmande spr\u00e5k<\/li><li><strong>Arrang\u00f6r:<\/strong> Universitetet f\u00f6r utl\u00e4nningar i Siena<\/li><li><strong>Datum: <\/strong>2 huvudsessioner per \u00e5r (juni och december), med ytterligare sessioner f\u00f6r vissa niv\u00e5er.<\/li><li><strong>Niv\u00e5er:<\/strong> CILS A1 (A1), CILS A2 (A2), CILS UNO (B1), CILS UNO \u2013 B1 ADOLESCENTI, CILS UNO \u2013 B1 CITTADINANZA, CILS DUE (B2), CILS TRE (C1), CILS QUATTRO (C2)<\/li><li><strong>Centrum:<\/strong> \u00d6ver 800 platser v\u00e4rlden \u00f6ver, inklusive v\u00e5rt center.<\/li><li><strong>Korrigeringstid:<\/strong> Upp till 12 veckor<\/li><li><strong>Anm\u00e4rkningar:<\/strong> Varje del av examinationen bed\u00f6ms separat, s\u00e5 du m\u00e5ste ha uppn\u00e5tt erforderligt betyg i varje del f\u00f6r att bli godk\u00e4nd p\u00e5 examinationen. Om s\u00e5 inte \u00e4r fallet \u00e4r det m\u00f6jligt att g\u00f6ra om de delar som kr\u00e4vs.<\/li><\/ul><p>CILS-certifieringen, som skapats av universitetet i Siena, \u00e4r den referenscertifiering f\u00f6r studenter i italienska spr\u00e5ket: mer \u00e4n h\u00e4lften av de studenter som tar ett officiellt italienskt prov v\u00e4ljer CILS-provet.<\/p><p>CILS-certifieringen \u00e4r den f\u00f6rsta italienska spr\u00e5kkvalificeringen som har till\u00e4mpat sex niv\u00e5er av spr\u00e5klig-kommunikativ kompetens fr\u00e5n den gemensamma europeiska referensramen och som har erbjudit specifika certifieringar f\u00f6r utl\u00e4ndska arbetstagare i Italien.<\/p><p>Genom provet utv\u00e4rderas de spr\u00e5kliga och kommunikativa f\u00e4rdigheterna samt de fyra grundl\u00e4ggande f\u00e4rdigheterna. Provet \u00e4r d\u00e4rf\u00f6r uppdelat i fyra delar (muntlig, skriftlig, morfosyntaktisk och lexikalisk kompetens, f\u00f6rst\u00e5else av skriftliga texter och f\u00f6rst\u00e5else av muntliga texter). Examinationen best\u00e5r av b\u00e5de slutna fr\u00e5gor (multipelvalfr\u00e5gor) och semistrukturerade fr\u00e5gor (omformulering av texter utifr\u00e5n dataelement) samt \u00f6ppna fr\u00e5gor (fri utveckling av ett \u00e4mne).<\/p><p>CILS-certifieringar erk\u00e4nns b\u00e5de p\u00e5 arbetsplatsen, inom utbildningen och p\u00e5 universitetet. Utrikesministeriet erk\u00e4nner CILS A2-certifieringsmodulen som ett giltigt intyg p\u00e5 kunskaper i italienska f\u00f6r att erh\u00e5lla EU-uppeh\u00e5llstillst\u00e5nd f\u00f6r l\u00e5ngtidsboende.<\/p>\n                            <div class=\"process-style-one-items mt-50\">\n                                <div class=\"choose-us-one-thumb\">\n                                    <div class=\"content\">\n                                                                                <div class=\"left-info\">\n                                            <h2 class=\"title\">Hur du f\u00e5r ditt CILS-certifikat<\/h2>\n                                        <\/div>\n                                                                                <div class=\"process-style-one\">\n                                                                                            <div class=\"process-style-one-item wow fadeInRight\" data-wow-delay=\"0ms\">\n                                                    <span>1<\/span>\n                                                    <h4>Kontakta oss via kontaktformul\u00e4ret eller WhatsApp<\/h4>\n                                                    <p><\/p>\n                                                <\/div>\n                                                                                            <div class=\"process-style-one-item wow fadeInRight\" data-wow-delay=\"200ms\">\n                                                    <span>2<\/span>\n                                                    <h4>G\u00f6r din n\u00f6dv\u00e4ndiga betalning<\/h4>\n                                                    <p><\/p>\n                                                <\/div>\n                                                                                            <div class=\"process-style-one-item wow fadeInRight\" data-wow-delay=\"400ms\">\n                                                    <span>3<\/span>\n                                                    <h4>V\u00e4nta tills ditt certifikat har utf\u00e4rdats.<\/h4>\n                                                    <p><\/p>\n                                                <\/div>\n                                                                                    <\/div>\n                                    <\/div>\n                                <\/div>\n                            <\/div>\n                        <\/div>\n                    <\/div>\n                <\/div>\n            <\/div>\n        <\/div>\n        \t\t\t\t<\/div>\n\t\t\t\t<\/div>\n\t\t\t\t<\/div>\n\t\t\t\t<\/div>\n\t\t<\/body>","protected":false},"excerpt":{"rendered":"<p>Service Details CILS Italian Certificate The CILS (Certificazione di Italiano come Lingua Straniera) is an official Italian language certificate aligned to the CEFR that validates your Italian skills for study, work, and residency. The CILS is offered at six levels from A1 to C2 and is recognized by Italian institutions and cultural centres. Why choose [&hellip;]<\/p>\n","protected":false},"author":1,"featured_media":0,"parent":0,"menu_order":0,"comment_status":"closed","ping_status":"closed","template":"elementor_header_footer","meta":{"om_disable_all_campaigns":false,"_monsterinsights_skip_tracking":false,"_monsterinsights_sitenote_active":false,"_monsterinsights_sitenote_note":"","_monsterinsights_sitenote_category":0,"_joinchat":[],"footnotes":""},"class_list":["post-205","page","type-page","status-publish","hentry"],"aioseo_notices":[],"_links":{"self":[{"href":"https:\/\/europassitalia.com\/sv\/wp-json\/wp\/v2\/pages\/205","targetHints":{"allow":["GET"]}}],"collection":[{"href":"https:\/\/europassitalia.com\/sv\/wp-json\/wp\/v2\/pages"}],"about":[{"href":"https:\/\/europassitalia.com\/sv\/wp-json\/wp\/v2\/types\/page"}],"author":[{"embeddable":true,"href":"https:\/\/europassitalia.com\/sv\/wp-json\/wp\/v2\/users\/1"}],"replies":[{"embeddable":true,"href":"https:\/\/europassitalia.com\/sv\/wp-json\/wp\/v2\/comments?post=205"}],"version-history":[{"count":5,"href":"https:\/\/europassitalia.com\/sv\/wp-json\/wp\/v2\/pages\/205\/revisions"}],"predecessor-version":[{"id":1800,"href":"https:\/\/europassitalia.com\/sv\/wp-json\/wp\/v2\/pages\/205\/revisions\/1800"}],"wp:attachment":[{"href":"https:\/\/europassitalia.com\/sv\/wp-json\/wp\/v2\/media?parent=205"}],"curies":[{"name":"wp","href":"https:\/\/api.w.org\/{rel}","templated":true}]}}