{"id":522,"date":"2024-10-16T08:16:12","date_gmt":"2024-10-16T08:16:12","guid":{"rendered":"https:\/\/wpriverthemes.com\/gixus\/?page_id=522"},"modified":"2026-01-17T07:40:41","modified_gmt":"2026-01-17T07:40:41","slug":"faq","status":"publish","type":"page","link":"https:\/\/europassitalia.com\/sv\/faq\/","title":{"rendered":"Vanliga fr\u00e5gor"},"content":{"rendered":"<body>\t\t<div data-elementor-type=\"wp-page\" data-elementor-id=\"522\" class=\"elementor elementor-522\" data-elementor-post-type=\"page\">\n\t\t\t\t<div class=\"elementor-element elementor-element-29270d8 e-con-full e-flex e-con e-parent\" data-id=\"29270d8\" data-element_type=\"container\" data-e-type=\"container\">\n\t\t\t\t<div class=\"elementor-element elementor-element-381eb75 elementor-widget elementor-widget-pages_faq\" data-id=\"381eb75\" data-element_type=\"widget\" data-e-type=\"widget\" data-widget_type=\"pages_faq.default\">\n\t\t\t\t<div class=\"elementor-widget-container\">\n\t\t\t\t\t        <div class=\"faq-style-one-area chooseus-style-two-area default-padding\">\n            <div class=\"container\">\n                <div class=\"faq-style-two-items chooseus-style-two-items bg-cover\" style=\"background-image: url(https:\/\/europassitalia.com\/wp-content\/themes\/gixus\/assets\/img\/shape\/2.jpg);\">\n                    <div class=\"row\">\n                        <div class=\"col-xl-6 pr-50 pr-md-15 pr-xs-15\">\n                            <div class=\"fun-fact-style-info\">\n                                <h2 class=\"title split-text\">Vanliga fr\u00e5gor<\/h2>\n                                <div class=\"fun-fact-card-two mt-40 wow fadeInUp\">\n                                    <h4 class=\"sub-title\">Varf\u00f6r v\u00e4lja oss<\/h4>\n                                    <div class=\"counter-title\">\n                                        <div class=\"counter\">\n                                                                                    <div class=\"timer\" data-to=\"31\" data-speed=\"2000\">31<\/div>\n                                                                                        <div class=\"operator\">K<\/div>\n                                        <\/div>\n                                    <\/div>\n                                    <span class=\"medium\">KUNDER RUNT OM I V\u00c4RLDEN<\/span>\n                                <\/div>\n                            <\/div>\n                        <\/div>\n                        <div class=\"col-xl-6\">\n                            <div class=\"choose-us-style-two\">\n                                <div class=\"accordion\" id=\"faqAccordion\">\n                                                                            <div class=\"accordion-item accordion-style-one\">\n                                            <h2 class=\"accordion-header\" id=\"headingOne\">\n                                                <button class=\"accordion-button collapsed\" type=\"button\" data-bs-toggle=\"collapse\" data-bs-target=\"#collapse-2e46266\" aria-expanded=\"true\" aria-controls=\"collapse-2e46266\">\n                                                    Vad \u00e4r CILS och vem utf\u00e4rdar det?                                                <\/button>\n                                            <\/h2>\n                                            <div id=\"collapse-2e46266\" class=\"accordion-collapse collapse\" aria-labelledby=\"headingOne\" data-bs-parent=\"#faqAccordion\">\n                                                <div class=\"accordion-body\">\n                                                    <p>CILS \u00e4r ett officiellt italienskt spr\u00e5kkvalitetscertifikat som utf\u00e4rdas av Universitetet f\u00f6r utl\u00e4nningar i Siena och \u00e4r anpassat till CEFR-niv\u00e5erna A1\u2013C2.<\/p>\n                                                    <ul class=\"list-style-one\">\n                                                                                                                    <li><\/li>\n                                                                                                            <\/ul>\n                                                <\/div>\n                                            <\/div>\n                                        <\/div>\n                                                                            <div class=\"accordion-item accordion-style-one\">\n                                            <h2 class=\"accordion-header\" id=\"headingOne\">\n                                                <button class=\"accordion-button collapsed\" type=\"button\" data-bs-toggle=\"collapse\" data-bs-target=\"#collapse-9ec2958\" aria-expanded=\"true\" aria-controls=\"collapse-9ec2958\">\n                                                    Vilken niv\u00e5 kr\u00e4vs f\u00f6r italienskt medborgarskap eller uppeh\u00e5llstillst\u00e5nd?                                                <\/button>\n                                            <\/h2>\n                                            <div id=\"collapse-9ec2958\" class=\"accordion-collapse collapse\" aria-labelledby=\"headingOne\" data-bs-parent=\"#faqAccordion\">\n                                                <div class=\"accordion-body\">\n                                                    <p>CILS B1 (CILS Due) anv\u00e4nds ofta som referens f\u00f6r medborgarskap\/uppeh\u00e5llstillst\u00e5ndskrav; andra niv\u00e5er anv\u00e4nds f\u00f6r studier eller yrkesm\u00e4ssiga behov.<\/p>\n                                                    <ul class=\"list-style-one\">\n                                                                                                                    <li><\/li>\n                                                                                                            <\/ul>\n                                                <\/div>\n                                            <\/div>\n                                        <\/div>\n                                                                            <div class=\"accordion-item accordion-style-one\">\n                                            <h2 class=\"accordion-header\" id=\"headingOne\">\n                                                <button class=\"accordion-button collapsed\" type=\"button\" data-bs-toggle=\"collapse\" data-bs-target=\"#collapse-176a612\" aria-expanded=\"true\" aria-controls=\"collapse-176a612\">\n                                                    Hur \u00e4r provet uppbyggt?                                                <\/button>\n                                            <\/h2>\n                                            <div id=\"collapse-176a612\" class=\"accordion-collapse collapse\" aria-labelledby=\"headingOne\" data-bs-parent=\"#faqAccordion\">\n                                                <div class=\"accordion-body\">\n                                                    <p>Examen bed\u00f6mer de fyra f\u00e4rdigheterna \u2013 lyssna, l\u00e4sa, skriva och tala \u2013 med niv\u00e5specifika uppgifter och bed\u00f6mningskriterier.<\/p>\n                                                    <ul class=\"list-style-one\">\n                                                                                                                    <li><\/li>\n                                                                                                            <\/ul>\n                                                <\/div>\n                                            <\/div>\n                                        <\/div>\n                                                                            <div class=\"accordion-item accordion-style-one\">\n                                            <h2 class=\"accordion-header\" id=\"headingOne\">\n                                                <button class=\"accordion-button collapsed\" type=\"button\" data-bs-toggle=\"collapse\" data-bs-target=\"#collapse-1071290\" aria-expanded=\"true\" aria-controls=\"collapse-1071290\">\n                                                    Vilka typer av IELTS-test finns det?                                                <\/button>\n                                            <\/h2>\n                                            <div id=\"collapse-1071290\" class=\"accordion-collapse collapse\" aria-labelledby=\"headingOne\" data-bs-parent=\"#faqAccordion\">\n                                                <div class=\"accordion-body\">\n                                                    <p>IELTS Academic (f\u00f6r h\u00f6gre utbildning) och IELTS General Training (f\u00f6r arbete och migration) anv\u00e4nder b\u00e5da samma po\u00e4ngsystem.<\/p>\n                                                    <ul class=\"list-style-one\">\n                                                                                                            <\/ul>\n                                                <\/div>\n                                            <\/div>\n                                        <\/div>\n                                                                            <div class=\"accordion-item accordion-style-one\">\n                                            <h2 class=\"accordion-header\" id=\"headingOne\">\n                                                <button class=\"accordion-button collapsed\" type=\"button\" data-bs-toggle=\"collapse\" data-bs-target=\"#collapse-b60ad4c\" aria-expanded=\"true\" aria-controls=\"collapse-b60ad4c\">\n                                                    Hur po\u00e4ngs\u00e4tts IELTS och vad betyder ett band?                                                <\/button>\n                                            <\/h2>\n                                            <div id=\"collapse-b60ad4c\" class=\"accordion-collapse collapse\" aria-labelledby=\"headingOne\" data-bs-parent=\"#faqAccordion\">\n                                                <div class=\"accordion-body\">\n                                                    <p>Po\u00e4ngen g\u00e5r fr\u00e5n band 1 till band 9; varje band har beskrivningar f\u00f6r kommunikativ f\u00f6rm\u00e5ga och ett \u00f6vergripande band \u00e4r genomsnittet av fyra modulpo\u00e4ng.<\/p>\n                                                    <ul class=\"list-style-one\">\n                                                                                                            <\/ul>\n                                                <\/div>\n                                            <\/div>\n                                        <\/div>\n                                                                            <div class=\"accordion-item accordion-style-one\">\n                                            <h2 class=\"accordion-header\" id=\"headingOne\">\n                                                <button class=\"accordion-button collapsed\" type=\"button\" data-bs-toggle=\"collapse\" data-bs-target=\"#collapse-bc0dba0\" aria-expanded=\"true\" aria-controls=\"collapse-bc0dba0\">\n                                                    Hur ser testformatet och tidsplanen ut?                                                <\/button>\n                                            <\/h2>\n                                            <div id=\"collapse-bc0dba0\" class=\"accordion-collapse collapse\" aria-labelledby=\"headingOne\" data-bs-parent=\"#faqAccordion\">\n                                                <div class=\"accordion-body\">\n                                                    <p>Testerna omfattar h\u00f6rf\u00f6rst\u00e5else, l\u00e4sf\u00f6rst\u00e5else, skriftlig framst\u00e4llning (samma dag) och muntlig framst\u00e4llning (samma dag eller inom 7 dagar). Testerna kan g\u00f6ras p\u00e5 papper eller dator, och den muntliga delen genomf\u00f6rs live.<\/p>\n                                                    <ul class=\"list-style-one\">\n                                                                                                            <\/ul>\n                                                <\/div>\n                                            <\/div>\n                                        <\/div>\n                                                                            <div class=\"accordion-item accordion-style-one\">\n                                            <h2 class=\"accordion-header\" id=\"headingOne\">\n                                                <button class=\"accordion-button collapsed\" type=\"button\" data-bs-toggle=\"collapse\" data-bs-target=\"#collapse-1cb66c8\" aria-expanded=\"true\" aria-controls=\"collapse-1cb66c8\">\n                                                    Hur l\u00e4nge \u00e4r resultaten giltiga?                                                <\/button>\n                                            <\/h2>\n                                            <div id=\"collapse-1cb66c8\" class=\"accordion-collapse collapse\" aria-labelledby=\"headingOne\" data-bs-parent=\"#faqAccordion\">\n                                                <div class=\"accordion-body\">\n                                                    <p>IELTS-resultat \u00e4r i allm\u00e4nhet giltiga i tv\u00e5 \u00e5r. Kontrollera med mottagande institution f\u00f6r specifika acceptansperioder.<\/p>\n                                                    <ul class=\"list-style-one\">\n                                                                                                            <\/ul>\n                                                <\/div>\n                                            <\/div>\n                                        <\/div>\n                                                                            <div class=\"accordion-item accordion-style-one\">\n                                            <h2 class=\"accordion-header\" id=\"headingOne\">\n                                                <button class=\"accordion-button collapsed\" type=\"button\" data-bs-toggle=\"collapse\" data-bs-target=\"#collapse-157fcba\" aria-expanded=\"true\" aria-controls=\"collapse-157fcba\">\n                                                    Vem utf\u00e4rdar CELI och vilka niv\u00e5er finns tillg\u00e4ngliga?                                                <\/button>\n                                            <\/h2>\n                                            <div id=\"collapse-157fcba\" class=\"accordion-collapse collapse\" aria-labelledby=\"headingOne\" data-bs-parent=\"#faqAccordion\">\n                                                <div class=\"accordion-body\">\n                                                    <p>CELI-certifikat utf\u00e4rdas av Universitetet f\u00f6r utl\u00e4nningar i Perugia och omfattar niv\u00e5erna A1\u2013C2 enligt CEFR.<\/p>\n                                                    <ul class=\"list-style-one\">\n                                                                                                            <\/ul>\n                                                <\/div>\n                                            <\/div>\n                                        <\/div>\n                                                                            <div class=\"accordion-item accordion-style-one\">\n                                            <h2 class=\"accordion-header\" id=\"headingOne\">\n                                                <button class=\"accordion-button collapsed\" type=\"button\" data-bs-toggle=\"collapse\" data-bs-target=\"#collapse-bc39473\" aria-expanded=\"true\" aria-controls=\"collapse-bc39473\">\n                                                    Vad \u00e4r typiska anv\u00e4ndningsomr\u00e5den f\u00f6r CELI?                                                <\/button>\n                                            <\/h2>\n                                            <div id=\"collapse-bc39473\" class=\"accordion-collapse collapse\" aria-labelledby=\"headingOne\" data-bs-parent=\"#faqAccordion\">\n                                                <div class=\"accordion-body\">\n                                                    <p>CELI anv\u00e4nds f\u00f6r antagning till universitet, anst\u00e4llning och administrativa f\u00f6rfaranden. Vissa uppeh\u00e5llstillst\u00e5ndsprocesser h\u00e4nvisar till specifika CELI-niv\u00e5er.\n\n<\/p>\n                                                    <ul class=\"list-style-one\">\n                                                                                                            <\/ul>\n                                                <\/div>\n                                            <\/div>\n                                        <\/div>\n                                                                            <div class=\"accordion-item accordion-style-one\">\n                                            <h2 class=\"accordion-header\" id=\"headingOne\">\n                                                <button class=\"accordion-button collapsed\" type=\"button\" data-bs-toggle=\"collapse\" data-bs-target=\"#collapse-7235552\" aria-expanded=\"true\" aria-controls=\"collapse-7235552\">\n                                                    Hur ska jag f\u00f6rbereda mig och registrera mig?                                                <\/button>\n                                            <\/h2>\n                                            <div id=\"collapse-7235552\" class=\"accordion-collapse collapse\" aria-labelledby=\"headingOne\" data-bs-parent=\"#faqAccordion\">\n                                                <div class=\"accordion-body\">\n                                                    <p>F\u00f6rbered dig med officiella provtester och kurser p\u00e5 lokala center. Anm\u00e4lan, datum och avgifter varierar beroende p\u00e5 testcenter \u2013 kontrollera alltid det lokala CELI-centret f\u00f6r aktuell information.<\/p>\n                                                    <ul class=\"list-style-one\">\n                                                                                                            <\/ul>\n                                                <\/div>\n                                            <\/div>\n                                        <\/div>\n                                                                    <\/div>\n                            <\/div>\n                        <\/div>\n                    <\/div>\n                <\/div>\n            <\/div>\n        <\/div>\n        \t\t\t\t<\/div>\n\t\t\t\t<\/div>\n\t\t\t\t<\/div>\n\t\t\t\t<\/div>\n\t\t<\/body>","protected":false},"excerpt":{"rendered":"<p>FAQs Why Choose Us 31 K CLIENTS AROUND THE WORLD What is CILS and who issues it? CILS is an official Italian language certification issued by the University for Foreigners of Siena and aligned to CEFR levels A1\u2013C2. Which level is needed for Italian citizenship or residency? CILS B1 (CILS Due) is commonly referenced for [&hellip;]<\/p>\n","protected":false},"author":1,"featured_media":0,"parent":0,"menu_order":0,"comment_status":"closed","ping_status":"closed","template":"page-templates\/home.php","meta":{"om_disable_all_campaigns":false,"_monsterinsights_skip_tracking":false,"_monsterinsights_sitenote_active":false,"_monsterinsights_sitenote_note":"","_monsterinsights_sitenote_category":0,"_joinchat":[],"footnotes":""},"class_list":["post-522","page","type-page","status-publish","hentry"],"aioseo_notices":[],"_links":{"self":[{"href":"https:\/\/europassitalia.com\/sv\/wp-json\/wp\/v2\/pages\/522","targetHints":{"allow":["GET"]}}],"collection":[{"href":"https:\/\/europassitalia.com\/sv\/wp-json\/wp\/v2\/pages"}],"about":[{"href":"https:\/\/europassitalia.com\/sv\/wp-json\/wp\/v2\/types\/page"}],"author":[{"embeddable":true,"href":"https:\/\/europassitalia.com\/sv\/wp-json\/wp\/v2\/users\/1"}],"replies":[{"embeddable":true,"href":"https:\/\/europassitalia.com\/sv\/wp-json\/wp\/v2\/comments?post=522"}],"version-history":[{"count":3,"href":"https:\/\/europassitalia.com\/sv\/wp-json\/wp\/v2\/pages\/522\/revisions"}],"predecessor-version":[{"id":1819,"href":"https:\/\/europassitalia.com\/sv\/wp-json\/wp\/v2\/pages\/522\/revisions\/1819"}],"wp:attachment":[{"href":"https:\/\/europassitalia.com\/sv\/wp-json\/wp\/v2\/media?parent=522"}],"curies":[{"name":"wp","href":"https:\/\/api.w.org\/{rel}","templated":true}]}}