{"id":795,"date":"2024-10-16T13:02:11","date_gmt":"2024-10-16T13:02:11","guid":{"rendered":"https:\/\/wpriverthemes.com\/gixus\/?page_id=795"},"modified":"2026-01-15T14:25:05","modified_gmt":"2026-01-15T14:25:05","slug":"celi-italian-certificate","status":"publish","type":"page","link":"https:\/\/europassitalia.com\/sv\/celi-italian-certificate\/","title":{"rendered":"CELI-certifikat i italienska"},"content":{"rendered":"<body>\t\t<div data-elementor-type=\"wp-page\" data-elementor-id=\"795\" class=\"elementor elementor-795\" data-elementor-post-type=\"page\">\n\t\t\t\t<div class=\"elementor-element elementor-element-d65a247 e-con-full e-flex e-con e-parent\" data-id=\"d65a247\" data-element_type=\"container\" data-e-type=\"container\">\n\t\t\t\t<div class=\"elementor-element elementor-element-5189d9c elementor-widget elementor-widget-service_details_widget\" data-id=\"5189d9c\" data-element_type=\"widget\" data-e-type=\"widget\" data-widget_type=\"service_details_widget.default\">\n\t\t\t\t<div class=\"elementor-widget-container\">\n\t\t\t\t\t        <div class=\"services-details-area default-padding\">\n            <div class=\"container\">\n                <div class=\"row\">\n                    <div class=\"col-lg-10 offset-lg-1\">\n                        <div class=\"site-heading text-center\">\n                            <h4 class=\"sub-title\">Tj\u00e4nstdetaljer<\/h4>\n                            <h2 class=\"title\">CELI-certifikat i italienska<\/h2>\n                        <\/div>\n                    <\/div>\n                <\/div>\n                <div class=\"services-details-items\">\n                    <div class=\"row\">\n                        <div class=\"col-xl-12 services-single-content\">\n                            <div class=\"thumb mb-50\">\n                                <img decoding=\"async\" src=\"https:\/\/wpriverthemes.com\/gixus\/wp-content\/uploads\/2024\/10\/4-3.jpg\" alt=\"Thumb\" loading=\"lazy\">\n                            <\/div>\n                            <p><\/p><p>CELI (Certificato di Conoscenza della Lingua Italiana) \u00e4r ett officiellt italienskt spr\u00e5kkertifikat som utf\u00e4rdas av Universitetet f\u00f6r utl\u00e4nningar i Perugia och som \u00e4r anpassat till CEFR-niv\u00e5erna A1\u2013C2.<\/p><p>\u2014 perfekt f\u00f6r arbete, studier och administrativa \u00e4ndam\u00e5l.<\/p><h2>Varf\u00f6r CELI \u00e4r viktigt<\/h2><ul><li><strong>Officiell utf\u00e4rdare:<\/strong> CELI utf\u00e4rdas av Universitetet f\u00f6r utl\u00e4nningar i Perugia, en erk\u00e4nd myndighet inom certifiering av italienska spr\u00e5ket.<\/li><li><strong>CEFR-t\u00e4ckning:<\/strong> <strong>CELI omfattar niv\u00e5erna A1, A2, B1, B2, C1 och C2.<\/strong>, s\u00e5 att kandidaterna kan v\u00e4lja den niv\u00e5 som passar deras m\u00e5l.<\/li><li><strong>Praktiska anv\u00e4ndningsomr\u00e5den:<\/strong> <strong>CELI A2 och B1<\/strong> anv\u00e4nds vanligtvis f\u00f6r uppeh\u00e5llstillst\u00e5nd och medborgarskap i vissa program; lokala centrum publicerar exakta regler, datum och avgifter.<\/li><\/ul><p>\u00a0<\/p><ul><li><strong>Certifieringsnamn:<\/strong>\u00a0CELI-certifikat i italienska spr\u00e5ket<\/li><li><strong>Arrang\u00f6r:<\/strong> Universitet f\u00f6r utl\u00e4nningar i Perugia<\/li><li><strong>Datum: <\/strong>3 huvudsessioner per \u00e5r (v\u00e5r, sommar och h\u00f6st)<\/li><li><strong>Niv\u00e5er:<\/strong> CELI IMPATTO \u2013 A1, CELI 1 \u2013 A2, CELI \u2013 B1, CELI 3 \u2013 B2, CELI 4 \u2013 C1, CELI 5 \u2013 C2<\/li><li><strong>Centrum:<\/strong> Finns p\u00e5 m\u00e5nga center v\u00e4rlden \u00f6ver (inklusive v\u00e5rt center)<\/li><li><strong>Korrigeringstid:<\/strong> Upp till 12 veckor. Leveransen av certifikatet kan ta upp till ytterligare 4 m\u00e5nader.<\/li><li><strong>Anm\u00e4rkningar: <\/strong>F\u00f6rutom de traditionella CELI-certifieringarna finns \u00e4ven CELI Immigrati (invandrare) och CELI Adolescenti (ungdomar). CELI Immigrati \u00e4r avsedd f\u00f6r utl\u00e4ndska medborgare som invandrat till Italien, och den \u00e4r \u00e4ven tillg\u00e4nglig f\u00f6r studenter med mycket l\u00e5g utbildning. CELI Adolescenti riktar sig till barn mellan 13 och 17 \u00e5r. Skillnaderna mellan dessa tv\u00e5 typer av certifieringar ligger i de olika textgenrerna och uppgifterna, utan n\u00e5gra f\u00f6r\u00e4ndringar i sj\u00e4lva provet.<\/li><\/ul>\n                            <div class=\"process-style-one-items mt-50\">\n                                <div class=\"choose-us-one-thumb\">\n                                    <div class=\"content\">\n                                                                                <div class=\"left-info\">\n                                            <h2 class=\"title\">Hur man erh\u00e5ller CELI-certifikat<\/h2>\n                                        <\/div>\n                                                                                <div class=\"process-style-one\">\n                                                                                            <div class=\"process-style-one-item wow fadeInRight\" data-wow-delay=\"0ms\">\n                                                    <span>1<\/span>\n                                                    <h4>Kontakta oss via WhatsApp eller kontaktformul\u00e4r<\/h4>\n                                                    <p><\/p>\n                                                <\/div>\n                                                                                            <div class=\"process-style-one-item wow fadeInRight\" data-wow-delay=\"200ms\">\n                                                    <span>2<\/span>\n                                                    <h4>G\u00f6r n\u00f6dv\u00e4ndig betalning<\/h4>\n                                                    <p><\/p>\n                                                <\/div>\n                                                                                            <div class=\"process-style-one-item wow fadeInRight\" data-wow-delay=\"400ms\">\n                                                    <span>3<\/span>\n                                                    <h4>V\u00e4nta tills ditt certifikat har utf\u00e4rdats.<\/h4>\n                                                    <p><\/p>\n                                                <\/div>\n                                                                                    <\/div>\n                                    <\/div>\n                                <\/div>\n                            <\/div>\n                        <\/div>\n                    <\/div>\n                <\/div>\n            <\/div>\n        <\/div>\n        \t\t\t\t<\/div>\n\t\t\t\t<\/div>\n\t\t\t\t<\/div>\n\t\t\t\t<\/div>\n\t\t<\/body>","protected":false},"excerpt":{"rendered":"<p>Service Details CELI Italian Certificate The CELI (Certificato di Conoscenza della Lingua Italiana) is an official Italian language certificate issued by the University for Foreigners of Perugia and aligned to the CEFR levels A1\u2013C2 \u2014 ideal for work, study, and administrative purposes. Why CELI matters Official issuer: CELI is issued by the University for Foreigners [&hellip;]<\/p>\n","protected":false},"author":1,"featured_media":0,"parent":0,"menu_order":0,"comment_status":"closed","ping_status":"closed","template":"page-templates\/home.php","meta":{"om_disable_all_campaigns":false,"_monsterinsights_skip_tracking":false,"_monsterinsights_sitenote_active":false,"_monsterinsights_sitenote_note":"","_monsterinsights_sitenote_category":0,"_joinchat":[],"footnotes":""},"class_list":["post-795","page","type-page","status-publish","hentry"],"aioseo_notices":[],"_links":{"self":[{"href":"https:\/\/europassitalia.com\/sv\/wp-json\/wp\/v2\/pages\/795","targetHints":{"allow":["GET"]}}],"collection":[{"href":"https:\/\/europassitalia.com\/sv\/wp-json\/wp\/v2\/pages"}],"about":[{"href":"https:\/\/europassitalia.com\/sv\/wp-json\/wp\/v2\/types\/page"}],"author":[{"embeddable":true,"href":"https:\/\/europassitalia.com\/sv\/wp-json\/wp\/v2\/users\/1"}],"replies":[{"embeddable":true,"href":"https:\/\/europassitalia.com\/sv\/wp-json\/wp\/v2\/comments?post=795"}],"version-history":[{"count":5,"href":"https:\/\/europassitalia.com\/sv\/wp-json\/wp\/v2\/pages\/795\/revisions"}],"predecessor-version":[{"id":1804,"href":"https:\/\/europassitalia.com\/sv\/wp-json\/wp\/v2\/pages\/795\/revisions\/1804"}],"wp:attachment":[{"href":"https:\/\/europassitalia.com\/sv\/wp-json\/wp\/v2\/media?parent=795"}],"curies":[{"name":"wp","href":"https:\/\/api.w.org\/{rel}","templated":true}]}}